{"id":3616,"date":"2024-02-03T11:11:12","date_gmt":"2024-02-03T10:11:12","guid":{"rendered":"https:\/\/cs-resource.com\/?page_id=3616"},"modified":"2024-02-06T14:37:19","modified_gmt":"2024-02-06T13:37:19","slug":"edpi-rechner","status":"publish","type":"page","link":"https:\/\/cs-resource.com\/de\/edpi-rechner\/","title":{"rendered":"eDPI Rechner"},"content":{"rendered":"\n<div style=\"height:50px\" aria-hidden=\"true\" class=\"wp-block-spacer\"><\/div>\n\n\n\n<h1 class=\"wp-block-heading has-large-font-size\">eDPI Rechner<\/h1>\n\n\n\n<div class=\"wp-block-uagb-separator uagb-block-39da271a\"><div class=\"wp-block-uagb-separator__inner\" style=\"--my-background-image:\"><\/div><\/div>\n\n\n<div class=\"formbox-wrapper\"><form action=\"https:\/\/cs-resource.com\/de\/edpi-rechner\/\" name=\"formbox\" class=\"formbox formbox-2\" id=\"calculator_2\">\n\t\t\t\t\t\t\t\t\t\t\n\t\t\t\t\t\t\t\t\t\t\n\t\t\t\t\t\t\t\t\t\t\n\t\t\t\t\t\t\t\t\t\t\n\t\t\t\t\t\t\t\t\t\t\n\t\t\t\t\t\t\t\t\t\t\n\t\t\t\t\t\t\t\t\t\t\t\t\t\t\t\t\t\t\t<fieldset class=\"formbox__container is-vertical\"><div class=\"formbox__title\" style=\"box-shadow: none\">Art der Mausempfindlichkeit:<\/div><div class=\"formbox__body\"><div class=\"formbox__field\" style=\"box-shadow: none\"><label class=\"formbox__field-lable\" for=\"formbox-field-1\">Art der Mausempfindlichkeit:<\/label><select class=\"formbox__field-select\" name=\"formbox-field-1\" id=\"formbox-field-1\"><option value=\"1\">Zahl (z.B. CS2, CS:GO, Valorant)<\/option><option value=\"2\">Prozent (z.B. Fortnite)<\/option><\/select><\/div><\/div> <\/fieldset><fieldset class=\"formbox__container is-vertical\"><div class=\"formbox__title\" style=\"box-shadow: none\">Deine Mausempfindlichkeit im Spiel:<\/div><div class=\"formbox__body\"><div class=\"formbox__field\" style=\"box-shadow: none\"><label class=\"formbox__field-lable\" for=\"formbox-field-2\">Deine Mausempfindlichkeit im Spiel:<\/label><input type=\"number\" class=\"formbox__field-input\" value=\"\" step=\"0.01\" min=\"0\" required=\"\" placeholder=\"Mausempfindlichkeit\" name=\"formbox-field-2\" id=\"formbox-field-2\"><\/div><\/div> <\/fieldset><fieldset class=\"formbox__container is-vertical\"><div class=\"formbox__title\">DPI deiner Maus:<\/div><div class=\"formbox__body\"><div class=\"formbox__field\" style=\"box-shadow: none\"><label class=\"formbox__field-lable\" for=\"formbox-field-3\">DPI deiner Maus:<\/label><input type=\"number\" class=\"formbox__field-input\" value=\"\" step=\"1\" min=\"0\" required=\"\" placeholder=\"DPI\" name=\"formbox-field-3\" id=\"formbox-field-3\"><\/div><\/div> <\/fieldset><fieldset class=\"formbox__container is-vertical\"><div class=\"formbox__title\" style=\"box-shadow: none\"><\/div><div class=\"formbox__body\"><div class=\"formbox__btn\"><button class=\"formbox__btn-calc\">eDPI Berechnen<\/button><button type=\"reset\" class=\"formbox__btn-reset\">0<\/button><\/div><\/div> <\/fieldset><fieldset class=\"formbox__container has-result is-hidden is-vertical\"><div class=\"formbox__title\" style=\"box-shadow: none\">Deine eDPI:<\/div><div class=\"formbox__body\"><div class=\"formbox__field is-result\" style=\"box-shadow: none\"><label class=\"formbox__field-lable\" for=\"formbox-field-4\">Deine eDPI:<\/label><input type=\"text\" class=\"formbox__field-result\" readonly=\"\" name=\"formbox-field-4\" id=\"formbox-field-4\"><\/div><\/div> <\/fieldset>\t\t\t\t\t\t\t\t\t\t\t\t\t\t\t\t\t\t\t\t\t\t\t\t\t\t\t\t\t\t\t\t\t\t\t\t\t\t\t\t\t\t\t\t\t\t\t\t\t\t\t\t\t\t<input type=\"hidden\" class=\"calc-not-change\"><\/form><\/div>\n\n\n\n<div style=\"height:15px\" aria-hidden=\"true\" class=\"wp-block-spacer\"><\/div>\n\n\n\n<div class=\"wp-block-columns has-background is-layout-flex wp-container-core-columns-is-layout-1ec2ec05 wp-block-columns-is-layout-flex\" style=\"border-top-left-radius:0px;border-top-right-radius:10px;border-bottom-left-radius:0px;border-bottom-right-radius:10px;border-left-color:#fcb900;border-left-width:7px;background-color:#fab70033;margin-top:0;margin-bottom:0;padding-top:0;padding-right:0;padding-bottom:0;padding-left:0\">\n<div class=\"wp-block-column is-layout-flow wp-block-column-is-layout-flow\" style=\"padding-top:var(--wp--preset--spacing--40);padding-right:var(--wp--preset--spacing--50);padding-bottom:var(--wp--preset--spacing--40);padding-left:var(--wp--preset--spacing--50)\">\n<p><strong><strong>Wie du diesen Rechner richtig verwendest<\/strong><\/strong>:<\/p>\n\n\n\n<p><strong>Schritt 1:<\/strong> W\u00e4hle die Art der Mausempfindlichkeit aus<br><strong>Schritt 2:<\/strong> Trage deine Mausempfindlichkeit in das daf\u00fcr vorgesehene Feld ein<br><strong>Schritt 3:<\/strong> Trade die DPI deiner Maus in das daf\u00fcr vorgesehene Feld ein<br><strong>Schritt 4:<\/strong> Klicke auf &#8222;eDPI Berechnen&#8220;<\/p>\n<\/div>\n<\/div>\n\n\n\n<div style=\"height:25px\" aria-hidden=\"true\" class=\"wp-block-spacer\"><\/div>\n\n\n\n<div class=\"wp-block-columns is-layout-flex wp-container-core-columns-is-layout-1ec2ec05 wp-block-columns-is-layout-flex\" style=\"border-left-color:var(--wp--preset--color--ast-global-color-0);border-left-width:7px;margin-top:0;margin-bottom:0;padding-top:0;padding-right:0;padding-bottom:0;padding-left:0\">\n<div class=\"wp-block-column is-layout-flow wp-block-column-is-layout-flow\" style=\"padding-top:var(--wp--preset--spacing--40);padding-right:var(--wp--preset--spacing--50);padding-bottom:var(--wp--preset--spacing--40);padding-left:var(--wp--preset--spacing--50)\">\n<p><strong>Was ist die eDPI?<\/strong><\/p>\n\n\n\n<p>eDPI steht f\u00fcr &#8222;Effective Dots Per-inch&#8220; und ist eine Formel zur Berechnung der effektiven Mausempfindlichkeit. Der gro\u00dfe Vorteil der eDPI ist, dass sie Hardware und Software unabh\u00e4ngig ist. Die Formel lautet: DPI * Mausempfindlichkeit im Spiel<br><br>Anstatt zwei separate Zahlen (DPI und Mausempfindlichkeit) zu vergleichen gen\u00fcgt es nach dem Ausrechnen der eDPI nur diese zu vergleichen. Je h\u00f6her die eDPI ist, desto schneller ist die effektive Mausgeschwindigkeit und je niedriger die eDPI ist, desto langsamer ist die Geschwindigkeit.<\/p>\n<\/div>\n<\/div>\n\n\n\n<div style=\"height:25px\" aria-hidden=\"true\" class=\"wp-block-spacer\"><\/div>\n\n\n\n<div class=\"wp-block-columns is-layout-flex wp-container-core-columns-is-layout-1ec2ec05 wp-block-columns-is-layout-flex\" style=\"border-left-color:var(--wp--preset--color--ast-global-color-0);border-left-width:7px;margin-top:0;margin-bottom:0;padding-top:0;padding-right:0;padding-bottom:0;padding-left:0\">\n<div class=\"wp-block-column is-layout-flow wp-block-column-is-layout-flow\" style=\"padding-top:var(--wp--preset--spacing--40);padding-right:var(--wp--preset--spacing--50);padding-bottom:var(--wp--preset--spacing--40);padding-left:var(--wp--preset--spacing--50)\">\n<p><strong><strong>Wof\u00fcr wird die eDPI ben\u00f6tigt?<\/strong><\/strong><\/p>\n\n\n\n<p>Die eDPI wird daf\u00fcr verwendet, die Mausempfindlichkeit unterschiedlicher Setups im gleichem Spiel einfach zu vergleichen.<br><br>Beachte aber, dass deine eDPI von Spiel zu Spiel unterschiedlich ist. Die eDPI ist nur daf\u00fcr gedacht, die effektive Mausempfindlichkeit mit anderen Personen im gleichen Spiel zu vergleichen. Wenn du die Mausempfindlichkeit f\u00fcr ein anderes Spiel vergleichen willst, musst du die eDPI neu berechnen oder deine Mausempfindlichkeit von einem Spiel zum anderen konvertieren.<\/p>\n<\/div>\n<\/div>\n\n\n\n<div style=\"height:50px\" aria-hidden=\"true\" class=\"wp-block-spacer\"><\/div>\n","protected":false},"excerpt":{"rendered":"<p>eDPI Rechner Wie du diesen Rechner richtig verwendest: Schritt 1: W\u00e4hle die Art der Mausempfindlichkeit ausSchritt 2: Trage deine Mausempfindlichkeit [&hellip;]<\/p>\n","protected":false},"author":1,"featured_media":3645,"parent":0,"menu_order":0,"comment_status":"closed","ping_status":"closed","template":"","meta":{"_uag_custom_page_level_css":"","site-sidebar-layout":"default","site-content-layout":"","ast-site-content-layout":"default","site-content-style":"default","site-sidebar-style":"default","ast-global-header-display":"","ast-banner-title-visibility":"","ast-main-header-display":"","ast-hfb-above-header-display":"","ast-hfb-below-header-display":"","ast-hfb-mobile-header-display":"","site-post-title":"disabled","ast-breadcrumbs-content":"","ast-featured-img":"","footer-sml-layout":"","ast-disable-related-posts":"","theme-transparent-header-meta":"","adv-header-id-meta":"","stick-header-meta":"","header-above-stick-meta":"","header-main-stick-meta":"","header-below-stick-meta":"","astra-migrate-meta-layouts":"set","ast-page-background-enabled":"default","ast-page-background-meta":{"desktop":{"background-color":"","background-image":"","background-repeat":"repeat","background-position":"center center","background-size":"auto","background-attachment":"scroll","background-type":"","background-media":"","overlay-type":"","overlay-color":"","overlay-opacity":"","overlay-gradient":""},"tablet":{"background-color":"","background-image":"","background-repeat":"repeat","background-position":"center center","background-size":"auto","background-attachment":"scroll","background-type":"","background-media":"","overlay-type":"","overlay-color":"","overlay-opacity":"","overlay-gradient":""},"mobile":{"background-color":"","background-image":"","background-repeat":"repeat","background-position":"center center","background-size":"auto","background-attachment":"scroll","background-type":"","background-media":"","overlay-type":"","overlay-color":"","overlay-opacity":"","overlay-gradient":""}},"ast-content-background-meta":{"desktop":{"background-color":"var(--ast-global-color-5)","background-image":"","background-repeat":"repeat","background-position":"center center","background-size":"auto","background-attachment":"scroll","background-type":"","background-media":"","overlay-type":"","overlay-color":"","overlay-opacity":"","overlay-gradient":""},"tablet":{"background-color":"var(--ast-global-color-5)","background-image":"","background-repeat":"repeat","background-position":"center center","background-size":"auto","background-attachment":"scroll","background-type":"","background-media":"","overlay-type":"","overlay-color":"","overlay-opacity":"","overlay-gradient":""},"mobile":{"background-color":"var(--ast-global-color-5)","background-image":"","background-repeat":"repeat","background-position":"center center","background-size":"auto","background-attachment":"scroll","background-type":"","background-media":"","overlay-type":"","overlay-color":"","overlay-opacity":"","overlay-gradient":""}},"footnotes":""},"class_list":["post-3616","page","type-page","status-publish","has-post-thumbnail","hentry"],"yoast_head":"<!-- This site is optimized with the Yoast SEO plugin v27.3 - https:\/\/yoast.com\/product\/yoast-seo-wordpress\/ -->\n<title>eDPI Rechner - CS-Resource<\/title>\n<meta name=\"description\" content=\"Mit diesem Rechner kann die eDPI berechnet werden. Sie dient dazu, die Mausempfindlichkeit unterschiedlicher Setups zu vergleichen.\" \/>\n<meta name=\"robots\" content=\"index, follow, max-snippet:-1, max-image-preview:large, max-video-preview:-1\" \/>\n<link rel=\"canonical\" href=\"https:\/\/cs-resource.com\/de\/edpi-rechner\/\" \/>\n<meta property=\"og:locale\" content=\"de_DE\" \/>\n<meta property=\"og:type\" content=\"article\" \/>\n<meta property=\"og:title\" content=\"eDPI Rechner - CS-Resource\" \/>\n<meta property=\"og:description\" content=\"Mit diesem Rechner kann die eDPI berechnet werden. Sie dient dazu, die Mausempfindlichkeit unterschiedlicher Setups zu vergleichen.\" \/>\n<meta property=\"og:url\" content=\"https:\/\/cs-resource.com\/de\/edpi-rechner\/\" \/>\n<meta property=\"og:site_name\" content=\"CS-Resource\" \/>\n<meta property=\"article:modified_time\" content=\"2024-02-06T13:37:19+00:00\" \/>\n<meta property=\"og:image\" content=\"https:\/\/cs-resource.com\/wp-content\/uploads\/2024\/02\/eDPI-Rechner-Alle-Spiele.webp\" \/>\n\t<meta property=\"og:image:width\" content=\"1280\" \/>\n\t<meta property=\"og:image:height\" content=\"720\" \/>\n\t<meta property=\"og:image:type\" content=\"image\/webp\" \/>\n<meta name=\"twitter:card\" content=\"summary_large_image\" \/>\n<meta name=\"twitter:site\" content=\"@cs__resource\" \/>\n<meta name=\"twitter:label1\" content=\"Gesch\u00e4tzte Lesezeit\" \/>\n\t<meta name=\"twitter:data1\" content=\"1\u00a0Minute\" \/>\n<script type=\"application\/ld+json\" class=\"yoast-schema-graph\">{\"@context\":\"https:\\\/\\\/schema.org\",\"@graph\":[{\"@type\":\"WebPage\",\"@id\":\"https:\\\/\\\/cs-resource.com\\\/edpi-rechner\\\/\",\"url\":\"https:\\\/\\\/cs-resource.com\\\/edpi-rechner\\\/\",\"name\":\"eDPI Rechner - CS-Resource\",\"isPartOf\":{\"@id\":\"https:\\\/\\\/cs-resource.com\\\/de\\\/#website\"},\"primaryImageOfPage\":{\"@id\":\"https:\\\/\\\/cs-resource.com\\\/edpi-rechner\\\/#primaryimage\"},\"image\":{\"@id\":\"https:\\\/\\\/cs-resource.com\\\/edpi-rechner\\\/#primaryimage\"},\"thumbnailUrl\":\"https:\\\/\\\/cs-resource.com\\\/wp-content\\\/uploads\\\/2024\\\/02\\\/eDPI-Rechner-Alle-Spiele.webp\",\"datePublished\":\"2024-02-03T10:11:12+00:00\",\"dateModified\":\"2024-02-06T13:37:19+00:00\",\"description\":\"Mit diesem Rechner kann die eDPI berechnet werden. Sie dient dazu, die Mausempfindlichkeit unterschiedlicher Setups zu vergleichen.\",\"breadcrumb\":{\"@id\":\"https:\\\/\\\/cs-resource.com\\\/edpi-rechner\\\/#breadcrumb\"},\"inLanguage\":\"de\",\"potentialAction\":[{\"@type\":\"ReadAction\",\"target\":[\"https:\\\/\\\/cs-resource.com\\\/edpi-rechner\\\/\"]}]},{\"@type\":\"ImageObject\",\"inLanguage\":\"de\",\"@id\":\"https:\\\/\\\/cs-resource.com\\\/edpi-rechner\\\/#primaryimage\",\"url\":\"https:\\\/\\\/cs-resource.com\\\/wp-content\\\/uploads\\\/2024\\\/02\\\/eDPI-Rechner-Alle-Spiele.webp\",\"contentUrl\":\"https:\\\/\\\/cs-resource.com\\\/wp-content\\\/uploads\\\/2024\\\/02\\\/eDPI-Rechner-Alle-Spiele.webp\",\"width\":1280,\"height\":720,\"caption\":\"eDPI Rechner - Alle Spiele\"},{\"@type\":\"BreadcrumbList\",\"@id\":\"https:\\\/\\\/cs-resource.com\\\/edpi-rechner\\\/#breadcrumb\",\"itemListElement\":[{\"@type\":\"ListItem\",\"position\":1,\"name\":\"Startseite\",\"item\":\"https:\\\/\\\/cs-resource.com\\\/en\\\/\"},{\"@type\":\"ListItem\",\"position\":2,\"name\":\"eDPI Rechner\"}]},{\"@type\":\"WebSite\",\"@id\":\"https:\\\/\\\/cs-resource.com\\\/de\\\/#website\",\"url\":\"https:\\\/\\\/cs-resource.com\\\/de\\\/\",\"name\":\"CS-Resource\",\"description\":\"Alles rund um Counter-Strike 2\",\"publisher\":{\"@id\":\"https:\\\/\\\/cs-resource.com\\\/de\\\/#organization\"},\"potentialAction\":[{\"@type\":\"SearchAction\",\"target\":{\"@type\":\"EntryPoint\",\"urlTemplate\":\"https:\\\/\\\/cs-resource.com\\\/de\\\/?s={search_term_string}\"},\"query-input\":{\"@type\":\"PropertyValueSpecification\",\"valueRequired\":true,\"valueName\":\"search_term_string\"}}],\"inLanguage\":\"de\"},{\"@type\":\"Organization\",\"@id\":\"https:\\\/\\\/cs-resource.com\\\/de\\\/#organization\",\"name\":\"CS-Resource\",\"url\":\"https:\\\/\\\/cs-resource.com\\\/de\\\/\",\"logo\":{\"@type\":\"ImageObject\",\"inLanguage\":\"de\",\"@id\":\"https:\\\/\\\/cs-resource.com\\\/de\\\/#\\\/schema\\\/logo\\\/image\\\/\",\"url\":\"https:\\\/\\\/cs-resource.com\\\/wp-content\\\/uploads\\\/2024\\\/02\\\/Logo_Breit_Dunkel.png\",\"contentUrl\":\"https:\\\/\\\/cs-resource.com\\\/wp-content\\\/uploads\\\/2024\\\/02\\\/Logo_Breit_Dunkel.png\",\"width\":2934,\"height\":303,\"caption\":\"CS-Resource\"},\"image\":{\"@id\":\"https:\\\/\\\/cs-resource.com\\\/de\\\/#\\\/schema\\\/logo\\\/image\\\/\"},\"sameAs\":[\"https:\\\/\\\/x.com\\\/cs__resource\",\"https:\\\/\\\/www.reddit.com\\\/r\\\/csresource\\\/\",\"https:\\\/\\\/www.youtube.com\\\/@CS-Resource\"]}]}<\/script>\n<!-- \/ Yoast SEO plugin. -->","yoast_head_json":{"title":"eDPI Rechner - CS-Resource","description":"Mit diesem Rechner kann die eDPI berechnet werden. Sie dient dazu, die Mausempfindlichkeit unterschiedlicher Setups zu vergleichen.","robots":{"index":"index","follow":"follow","max-snippet":"max-snippet:-1","max-image-preview":"max-image-preview:large","max-video-preview":"max-video-preview:-1"},"canonical":"https:\/\/cs-resource.com\/de\/edpi-rechner\/","og_locale":"de_DE","og_type":"article","og_title":"eDPI Rechner - CS-Resource","og_description":"Mit diesem Rechner kann die eDPI berechnet werden. Sie dient dazu, die Mausempfindlichkeit unterschiedlicher Setups zu vergleichen.","og_url":"https:\/\/cs-resource.com\/de\/edpi-rechner\/","og_site_name":"CS-Resource","article_modified_time":"2024-02-06T13:37:19+00:00","og_image":[{"width":1280,"height":720,"url":"https:\/\/cs-resource.com\/wp-content\/uploads\/2024\/02\/eDPI-Rechner-Alle-Spiele.webp","type":"image\/webp"}],"twitter_card":"summary_large_image","twitter_site":"@cs__resource","twitter_misc":{"Gesch\u00e4tzte Lesezeit":"1\u00a0Minute"},"schema":{"@context":"https:\/\/schema.org","@graph":[{"@type":"WebPage","@id":"https:\/\/cs-resource.com\/edpi-rechner\/","url":"https:\/\/cs-resource.com\/edpi-rechner\/","name":"eDPI Rechner - CS-Resource","isPartOf":{"@id":"https:\/\/cs-resource.com\/de\/#website"},"primaryImageOfPage":{"@id":"https:\/\/cs-resource.com\/edpi-rechner\/#primaryimage"},"image":{"@id":"https:\/\/cs-resource.com\/edpi-rechner\/#primaryimage"},"thumbnailUrl":"https:\/\/cs-resource.com\/wp-content\/uploads\/2024\/02\/eDPI-Rechner-Alle-Spiele.webp","datePublished":"2024-02-03T10:11:12+00:00","dateModified":"2024-02-06T13:37:19+00:00","description":"Mit diesem Rechner kann die eDPI berechnet werden. Sie dient dazu, die Mausempfindlichkeit unterschiedlicher Setups zu vergleichen.","breadcrumb":{"@id":"https:\/\/cs-resource.com\/edpi-rechner\/#breadcrumb"},"inLanguage":"de","potentialAction":[{"@type":"ReadAction","target":["https:\/\/cs-resource.com\/edpi-rechner\/"]}]},{"@type":"ImageObject","inLanguage":"de","@id":"https:\/\/cs-resource.com\/edpi-rechner\/#primaryimage","url":"https:\/\/cs-resource.com\/wp-content\/uploads\/2024\/02\/eDPI-Rechner-Alle-Spiele.webp","contentUrl":"https:\/\/cs-resource.com\/wp-content\/uploads\/2024\/02\/eDPI-Rechner-Alle-Spiele.webp","width":1280,"height":720,"caption":"eDPI Rechner - Alle Spiele"},{"@type":"BreadcrumbList","@id":"https:\/\/cs-resource.com\/edpi-rechner\/#breadcrumb","itemListElement":[{"@type":"ListItem","position":1,"name":"Startseite","item":"https:\/\/cs-resource.com\/en\/"},{"@type":"ListItem","position":2,"name":"eDPI Rechner"}]},{"@type":"WebSite","@id":"https:\/\/cs-resource.com\/de\/#website","url":"https:\/\/cs-resource.com\/de\/","name":"CS-Resource","description":"Alles rund um Counter-Strike 2","publisher":{"@id":"https:\/\/cs-resource.com\/de\/#organization"},"potentialAction":[{"@type":"SearchAction","target":{"@type":"EntryPoint","urlTemplate":"https:\/\/cs-resource.com\/de\/?s={search_term_string}"},"query-input":{"@type":"PropertyValueSpecification","valueRequired":true,"valueName":"search_term_string"}}],"inLanguage":"de"},{"@type":"Organization","@id":"https:\/\/cs-resource.com\/de\/#organization","name":"CS-Resource","url":"https:\/\/cs-resource.com\/de\/","logo":{"@type":"ImageObject","inLanguage":"de","@id":"https:\/\/cs-resource.com\/de\/#\/schema\/logo\/image\/","url":"https:\/\/cs-resource.com\/wp-content\/uploads\/2024\/02\/Logo_Breit_Dunkel.png","contentUrl":"https:\/\/cs-resource.com\/wp-content\/uploads\/2024\/02\/Logo_Breit_Dunkel.png","width":2934,"height":303,"caption":"CS-Resource"},"image":{"@id":"https:\/\/cs-resource.com\/de\/#\/schema\/logo\/image\/"},"sameAs":["https:\/\/x.com\/cs__resource","https:\/\/www.reddit.com\/r\/csresource\/","https:\/\/www.youtube.com\/@CS-Resource"]}]}},"uagb_featured_image_src":{"full":["https:\/\/cs-resource.com\/wp-content\/uploads\/2024\/02\/eDPI-Rechner-Alle-Spiele.webp",1280,720,false],"thumbnail":["https:\/\/cs-resource.com\/wp-content\/uploads\/2024\/02\/eDPI-Rechner-Alle-Spiele-150x150.webp",150,150,true],"medium":["https:\/\/cs-resource.com\/wp-content\/uploads\/2024\/02\/eDPI-Rechner-Alle-Spiele-300x169.webp",300,169,true],"medium_large":["https:\/\/cs-resource.com\/wp-content\/uploads\/2024\/02\/eDPI-Rechner-Alle-Spiele-768x432.webp",768,432,true],"large":["https:\/\/cs-resource.com\/wp-content\/uploads\/2024\/02\/eDPI-Rechner-Alle-Spiele-1024x576.webp",1024,576,true],"1536x1536":["https:\/\/cs-resource.com\/wp-content\/uploads\/2024\/02\/eDPI-Rechner-Alle-Spiele.webp",1280,720,false],"2048x2048":["https:\/\/cs-resource.com\/wp-content\/uploads\/2024\/02\/eDPI-Rechner-Alle-Spiele.webp",1280,720,false],"trp-custom-language-flag":["https:\/\/cs-resource.com\/wp-content\/uploads\/2024\/02\/eDPI-Rechner-Alle-Spiele.webp",18,10,false]},"uagb_author_info":{"display_name":"Dennis","author_link":"https:\/\/cs-resource.com\/de\/author\/denniskol\/"},"uagb_comment_info":0,"uagb_excerpt":"eDPI Rechner Wie du diesen Rechner richtig verwendest: Schritt 1: W\u00e4hle die Art der Mausempfindlichkeit ausSchritt 2: Trage deine Mausempfindlichkeit [&hellip;]","_links":{"self":[{"href":"https:\/\/cs-resource.com\/de\/wp-json\/wp\/v2\/pages\/3616","targetHints":{"allow":["GET"]}}],"collection":[{"href":"https:\/\/cs-resource.com\/de\/wp-json\/wp\/v2\/pages"}],"about":[{"href":"https:\/\/cs-resource.com\/de\/wp-json\/wp\/v2\/types\/page"}],"author":[{"embeddable":true,"href":"https:\/\/cs-resource.com\/de\/wp-json\/wp\/v2\/users\/1"}],"replies":[{"embeddable":true,"href":"https:\/\/cs-resource.com\/de\/wp-json\/wp\/v2\/comments?post=3616"}],"version-history":[{"count":8,"href":"https:\/\/cs-resource.com\/de\/wp-json\/wp\/v2\/pages\/3616\/revisions"}],"predecessor-version":[{"id":3819,"href":"https:\/\/cs-resource.com\/de\/wp-json\/wp\/v2\/pages\/3616\/revisions\/3819"}],"wp:featuredmedia":[{"embeddable":true,"href":"https:\/\/cs-resource.com\/de\/wp-json\/wp\/v2\/media\/3645"}],"wp:attachment":[{"href":"https:\/\/cs-resource.com\/de\/wp-json\/wp\/v2\/media?parent=3616"}],"curies":[{"name":"wp","href":"https:\/\/api.w.org\/{rel}","templated":true}]}}