{"id":3544,"date":"2024-02-02T15:59:37","date_gmt":"2024-02-02T14:59:37","guid":{"rendered":"https:\/\/cs-resource.com\/?page_id=3544"},"modified":"2024-02-02T15:59:37","modified_gmt":"2024-02-02T14:59:37","slug":"sobre-nosotros","status":"publish","type":"page","link":"https:\/\/cs-resource.com\/es\/ueber-uns\/","title":{"rendered":"Sobre nosotros"},"content":{"rendered":"<div style=\"height:50px\" aria-hidden=\"true\" class=\"wp-block-spacer\"><\/div>\n\n\n\n<h1 class=\"wp-block-heading has-large-font-size\">Sobre nosotros<\/h1>\n\n\n\n<div class=\"wp-block-uagb-separator uagb-block-5bbc8c25\"><div class=\"wp-block-uagb-separator__inner\" style=\"--my-background-image:\"><\/div><\/div>\n\n\n\n<p>En CS-Resource todos somos jugadores apasionados de Counter-Strike. Empezamos con Counter-Strike 1.6, luego casi 10 a\u00f1os de CS:GO y ahora en CS2. No s\u00f3lo escribimos sobre Counter-Strike, vivimos con Counter-Strike todos los d\u00edas. Tanto si jugamos matchmaking nosotros mismos como si seguimos torneos, todo gira en torno a Counter-Strike.<\/p>\n\n\n\n<p>Tambi\u00e9n nos ha interesado siempre la comunidad y todo el ecosistema de Counter-Strike. Participamos en foros, analizamos las \u00faltimas actualizaciones e invertimos en skins. Por estas razones, Counter-Strike es para nosotros algo m\u00e1s que un pasatiempo.<\/p>\n\n\n\n<h2 class=\"wp-block-heading has-large-font-size\">Nuestra visi\u00f3n y misi\u00f3n<\/h2>\n\n\n\n<div class=\"wp-block-uagb-separator uagb-block-0256fa88\"><div class=\"wp-block-uagb-separator__inner\" style=\"--my-background-image:\"><\/div><\/div>\n\n\n\n<p><strong>Nuestra visi\u00f3n<\/strong> es convertirnos en un sitio web con informaci\u00f3n bien fundamentada y minuciosamente investigada sobre todos los temas relacionados con Counter-Strike. Queremos que jugadores de todos los niveles de experiencia encuentren informaci\u00f3n fiable y de calidad.<\/p>\n\n\n\n<p><strong>Nuestra misi\u00f3n<\/strong> es formar parte de la escena alemana de Counter-Strike. No queremos hacer publicidad de nuestro propio servicio de skin como tantos otros blogs de Counter-Strike, s\u00f3lo queremos publicar buena informaci\u00f3n que no est\u00e9 generada por la IA o mal traducida.<\/p>\n\n\n\n<div style=\"height:150px\" aria-hidden=\"true\" class=\"wp-block-spacer\"><\/div>","protected":false},"excerpt":{"rendered":"<p>\u00dcber Uns Wir bei CS-Resource sind alle leidenschaftliche Counter-Strike Spieler. Angefangen mit Counter-Strike 1.6, daraufhin fast 10 Jahre CS:GO und [&hellip;]<\/p>\n","protected":false},"author":1,"featured_media":0,"parent":0,"menu_order":0,"comment_status":"closed","ping_status":"closed","template":"","meta":{"_uag_custom_page_level_css":"","site-sidebar-layout":"default","site-content-layout":"","ast-site-content-layout":"default","site-content-style":"default","site-sidebar-style":"default","ast-global-header-display":"","ast-banner-title-visibility":"","ast-main-header-display":"","ast-hfb-above-header-display":"","ast-hfb-below-header-display":"","ast-hfb-mobile-header-display":"","site-post-title":"disabled","ast-breadcrumbs-content":"","ast-featured-img":"","footer-sml-layout":"","ast-disable-related-posts":"","theme-transparent-header-meta":"","adv-header-id-meta":"","stick-header-meta":"","header-above-stick-meta":"","header-main-stick-meta":"","header-below-stick-meta":"","astra-migrate-meta-layouts":"set","ast-page-background-enabled":"default","ast-page-background-meta":{"desktop":{"background-color":"","background-image":"","background-repeat":"repeat","background-position":"center center","background-size":"auto","background-attachment":"scroll","background-type":"","background-media":"","overlay-type":"","overlay-color":"","overlay-opacity":"","overlay-gradient":""},"tablet":{"background-color":"","background-image":"","background-repeat":"repeat","background-position":"center center","background-size":"auto","background-attachment":"scroll","background-type":"","background-media":"","overlay-type":"","overlay-color":"","overlay-opacity":"","overlay-gradient":""},"mobile":{"background-color":"","background-image":"","background-repeat":"repeat","background-position":"center center","background-size":"auto","background-attachment":"scroll","background-type":"","background-media":"","overlay-type":"","overlay-color":"","overlay-opacity":"","overlay-gradient":""}},"ast-content-background-meta":{"desktop":{"background-color":"var(--ast-global-color-5)","background-image":"","background-repeat":"repeat","background-position":"center center","background-size":"auto","background-attachment":"scroll","background-type":"","background-media":"","overlay-type":"","overlay-color":"","overlay-opacity":"","overlay-gradient":""},"tablet":{"background-color":"var(--ast-global-color-5)","background-image":"","background-repeat":"repeat","background-position":"center center","background-size":"auto","background-attachment":"scroll","background-type":"","background-media":"","overlay-type":"","overlay-color":"","overlay-opacity":"","overlay-gradient":""},"mobile":{"background-color":"var(--ast-global-color-5)","background-image":"","background-repeat":"repeat","background-position":"center center","background-size":"auto","background-attachment":"scroll","background-type":"","background-media":"","overlay-type":"","overlay-color":"","overlay-opacity":"","overlay-gradient":""}},"footnotes":""},"class_list":["post-3544","page","type-page","status-publish","hentry"],"yoast_head":"<!-- This site is optimized with the Yoast SEO plugin v27.3 - https:\/\/yoast.com\/product\/yoast-seo-wordpress\/ -->\n<title>\u00dcber Uns - CS-Resource<\/title>\n<meta name=\"robots\" content=\"index, follow, max-snippet:-1, max-image-preview:large, max-video-preview:-1\" \/>\n<link rel=\"canonical\" href=\"https:\/\/cs-resource.com\/es\/sobre-nosotros\/\" \/>\n<meta property=\"og:locale\" content=\"es_ES\" \/>\n<meta property=\"og:type\" content=\"article\" \/>\n<meta property=\"og:title\" content=\"\u00dcber Uns - CS-Resource\" \/>\n<meta property=\"og:description\" content=\"\u00dcber Uns Wir bei CS-Resource sind alle leidenschaftliche Counter-Strike Spieler. Angefangen mit Counter-Strike 1.6, daraufhin fast 10 Jahre CS:GO und [&hellip;]\" \/>\n<meta property=\"og:url\" content=\"https:\/\/cs-resource.com\/es\/sobre-nosotros\/\" \/>\n<meta property=\"og:site_name\" content=\"CS-Resource\" \/>\n<meta name=\"twitter:card\" content=\"summary_large_image\" \/>\n<meta name=\"twitter:site\" content=\"@cs__resource\" \/>\n<meta name=\"twitter:label1\" content=\"Tiempo de lectura\" \/>\n\t<meta name=\"twitter:data1\" content=\"1 minuto\" \/>\n<script type=\"application\/ld+json\" class=\"yoast-schema-graph\">{\"@context\":\"https:\\\/\\\/schema.org\",\"@graph\":[{\"@type\":\"WebPage\",\"@id\":\"https:\\\/\\\/cs-resource.com\\\/ueber-uns\\\/\",\"url\":\"https:\\\/\\\/cs-resource.com\\\/ueber-uns\\\/\",\"name\":\"\u00dcber Uns - CS-Resource\",\"isPartOf\":{\"@id\":\"https:\\\/\\\/cs-resource.com\\\/de\\\/#website\"},\"datePublished\":\"2024-02-02T14:59:37+00:00\",\"breadcrumb\":{\"@id\":\"https:\\\/\\\/cs-resource.com\\\/ueber-uns\\\/#breadcrumb\"},\"inLanguage\":\"es\",\"potentialAction\":[{\"@type\":\"ReadAction\",\"target\":[\"https:\\\/\\\/cs-resource.com\\\/ueber-uns\\\/\"]}]},{\"@type\":\"BreadcrumbList\",\"@id\":\"https:\\\/\\\/cs-resource.com\\\/ueber-uns\\\/#breadcrumb\",\"itemListElement\":[{\"@type\":\"ListItem\",\"position\":1,\"name\":\"Startseite\",\"item\":\"https:\\\/\\\/cs-resource.com\\\/en\\\/\"},{\"@type\":\"ListItem\",\"position\":2,\"name\":\"\u00dcber Uns\"}]},{\"@type\":\"WebSite\",\"@id\":\"https:\\\/\\\/cs-resource.com\\\/de\\\/#website\",\"url\":\"https:\\\/\\\/cs-resource.com\\\/de\\\/\",\"name\":\"CS-Resource\",\"description\":\"Alles rund um Counter-Strike 2\",\"publisher\":{\"@id\":\"https:\\\/\\\/cs-resource.com\\\/de\\\/#organization\"},\"potentialAction\":[{\"@type\":\"SearchAction\",\"target\":{\"@type\":\"EntryPoint\",\"urlTemplate\":\"https:\\\/\\\/cs-resource.com\\\/de\\\/?s={search_term_string}\"},\"query-input\":{\"@type\":\"PropertyValueSpecification\",\"valueRequired\":true,\"valueName\":\"search_term_string\"}}],\"inLanguage\":\"es\"},{\"@type\":\"Organization\",\"@id\":\"https:\\\/\\\/cs-resource.com\\\/de\\\/#organization\",\"name\":\"CS-Resource\",\"url\":\"https:\\\/\\\/cs-resource.com\\\/de\\\/\",\"logo\":{\"@type\":\"ImageObject\",\"inLanguage\":\"es\",\"@id\":\"https:\\\/\\\/cs-resource.com\\\/de\\\/#\\\/schema\\\/logo\\\/image\\\/\",\"url\":\"https:\\\/\\\/cs-resource.com\\\/wp-content\\\/uploads\\\/2024\\\/02\\\/Logo_Breit_Dunkel.png\",\"contentUrl\":\"https:\\\/\\\/cs-resource.com\\\/wp-content\\\/uploads\\\/2024\\\/02\\\/Logo_Breit_Dunkel.png\",\"width\":2934,\"height\":303,\"caption\":\"CS-Resource\"},\"image\":{\"@id\":\"https:\\\/\\\/cs-resource.com\\\/de\\\/#\\\/schema\\\/logo\\\/image\\\/\"},\"sameAs\":[\"https:\\\/\\\/x.com\\\/cs__resource\",\"https:\\\/\\\/www.reddit.com\\\/r\\\/csresource\\\/\",\"https:\\\/\\\/www.youtube.com\\\/@CS-Resource\"]}]}<\/script>\n<!-- \/ Yoast SEO plugin. -->","yoast_head_json":{"title":"Sobre nosotros - CS-Resource","robots":{"index":"index","follow":"follow","max-snippet":"max-snippet:-1","max-image-preview":"max-image-preview:large","max-video-preview":"max-video-preview:-1"},"canonical":"https:\/\/cs-resource.com\/es\/sobre-nosotros\/","og_locale":"es_ES","og_type":"article","og_title":"\u00dcber Uns - CS-Resource","og_description":"\u00dcber Uns Wir bei CS-Resource sind alle leidenschaftliche Counter-Strike Spieler. Angefangen mit Counter-Strike 1.6, daraufhin fast 10 Jahre CS:GO und [&hellip;]","og_url":"https:\/\/cs-resource.com\/es\/sobre-nosotros\/","og_site_name":"CS-Resource","twitter_card":"summary_large_image","twitter_site":"@cs__resource","twitter_misc":{"Tiempo de lectura":"1 minuto"},"schema":{"@context":"https:\/\/schema.org","@graph":[{"@type":"WebPage","@id":"https:\/\/cs-resource.com\/ueber-uns\/","url":"https:\/\/cs-resource.com\/ueber-uns\/","name":"Sobre nosotros - CS-Resource","isPartOf":{"@id":"https:\/\/cs-resource.com\/de\/#website"},"datePublished":"2024-02-02T14:59:37+00:00","breadcrumb":{"@id":"https:\/\/cs-resource.com\/ueber-uns\/#breadcrumb"},"inLanguage":"es","potentialAction":[{"@type":"ReadAction","target":["https:\/\/cs-resource.com\/ueber-uns\/"]}]},{"@type":"BreadcrumbList","@id":"https:\/\/cs-resource.com\/ueber-uns\/#breadcrumb","itemListElement":[{"@type":"ListItem","position":1,"name":"Startseite","item":"https:\/\/cs-resource.com\/en\/"},{"@type":"ListItem","position":2,"name":"\u00dcber Uns"}]},{"@type":"WebSite","@id":"https:\/\/cs-resource.com\/de\/#website","url":"https:\/\/cs-resource.com\/de\/","name":"CS-Recursos","description":"Todo sobre Counter-Strike 2","publisher":{"@id":"https:\/\/cs-resource.com\/de\/#organization"},"potentialAction":[{"@type":"SearchAction","target":{"@type":"EntryPoint","urlTemplate":"https:\/\/cs-resource.com\/de\/?s={search_term_string}"},"query-input":{"@type":"PropertyValueSpecification","valueRequired":true,"valueName":"search_term_string"}}],"inLanguage":"es"},{"@type":"Organization","@id":"https:\/\/cs-resource.com\/de\/#organization","name":"CS-Recursos","url":"https:\/\/cs-resource.com\/de\/","logo":{"@type":"ImageObject","inLanguage":"es","@id":"https:\/\/cs-resource.com\/de\/#\/schema\/logo\/image\/","url":"https:\/\/cs-resource.com\/wp-content\/uploads\/2024\/02\/Logo_Breit_Dunkel.png","contentUrl":"https:\/\/cs-resource.com\/wp-content\/uploads\/2024\/02\/Logo_Breit_Dunkel.png","width":2934,"height":303,"caption":"CS-Resource"},"image":{"@id":"https:\/\/cs-resource.com\/de\/#\/schema\/logo\/image\/"},"sameAs":["https:\/\/x.com\/cs__resource","https:\/\/www.reddit.com\/r\/csresource\/","https:\/\/www.youtube.com\/@CS-Resource"]}]}},"uagb_featured_image_src":{"full":false,"thumbnail":false,"medium":false,"medium_large":false,"large":false,"1536x1536":false,"2048x2048":false,"trp-custom-language-flag":false},"uagb_author_info":{"display_name":"Dennis","author_link":"https:\/\/cs-resource.com\/es\/author\/denniskol\/"},"uagb_comment_info":0,"uagb_excerpt":"\u00dcber Uns Wir bei CS-Resource sind alle leidenschaftliche Counter-Strike Spieler. Angefangen mit Counter-Strike 1.6, daraufhin fast 10 Jahre CS:GO und [&hellip;]","_links":{"self":[{"href":"https:\/\/cs-resource.com\/es\/wp-json\/wp\/v2\/pages\/3544","targetHints":{"allow":["GET"]}}],"collection":[{"href":"https:\/\/cs-resource.com\/es\/wp-json\/wp\/v2\/pages"}],"about":[{"href":"https:\/\/cs-resource.com\/es\/wp-json\/wp\/v2\/types\/page"}],"author":[{"embeddable":true,"href":"https:\/\/cs-resource.com\/es\/wp-json\/wp\/v2\/users\/1"}],"replies":[{"embeddable":true,"href":"https:\/\/cs-resource.com\/es\/wp-json\/wp\/v2\/comments?post=3544"}],"version-history":[{"count":4,"href":"https:\/\/cs-resource.com\/es\/wp-json\/wp\/v2\/pages\/3544\/revisions"}],"predecessor-version":[{"id":3548,"href":"https:\/\/cs-resource.com\/es\/wp-json\/wp\/v2\/pages\/3544\/revisions\/3548"}],"wp:attachment":[{"href":"https:\/\/cs-resource.com\/es\/wp-json\/wp\/v2\/media?parent=3544"}],"curies":[{"name":"wp","href":"https:\/\/api.w.org\/{rel}","templated":true}]}}