{"id":3232,"date":"2024-01-30T21:26:20","date_gmt":"2024-01-30T20:26:20","guid":{"rendered":"https:\/\/cs-resource.com\/?page_id=3232"},"modified":"2024-02-06T14:37:34","modified_gmt":"2024-02-06T13:37:34","slug":"cs2-edpi-calculatrice","status":"publish","type":"page","link":"https:\/\/cs-resource.com\/fr\/cs2-edpi-rechner\/","title":{"rendered":"Calculateur eDPI CS2"},"content":{"rendered":"<div style=\"height:50px\" aria-hidden=\"true\" class=\"wp-block-spacer\"><\/div>\n\n\n\n<h1 class=\"wp-block-heading has-large-font-size\">Calculateur eDPI CS2<\/h1>\n\n\n\n<div class=\"wp-block-uagb-separator uagb-block-39da271a\"><div class=\"wp-block-uagb-separator__inner\" style=\"--my-background-image:\"><\/div><\/div>\n\n\n<div class=\"formbox-wrapper\"><form action=\"https:\/\/cs-resource.com\/fr\/cs2-edpi-calculatrice\/\" name=\"formbox\" class=\"formbox formbox-1\" id=\"calculator_1\" data-trp-original-action=\"https:\/\/cs-resource.com\/fr\/cs2-edpi-rechner\/\">\n\t\t\t\t\t\t\t\t\t\t\n\t\t\t\t\t\t\t\t\t\t\n\t\t\t\t\t\t\t\t\t\t\n\t\t\t\t\t\t\t\t\t\t\n\t\t\t\t\t\t\t\t\t\t\n\t\t\t\t\t\t\t\t\t\t\t\t\t\t\t\t\t\t\t<fieldset class=\"formbox__container is-vertical\"><div class=\"formbox__title\">Ta sensibilit\u00e9 \u00e0 la souris dans CS2 :<\/div><div class=\"formbox__body\"><div class=\"formbox__field\"><label class=\"formbox__field-lable\" for=\"formbox-field-1\">Ta sensibilit\u00e9 \u00e0 la souris dans CS2 :<\/label><input type=\"number\" class=\"formbox__field-input\" value=\"\" step=\"0.01\" min=\"0\" required=\"\" placeholder=\"Sensibilit\u00e9 de la souris (par ex. 1,3)\" name=\"formbox-field-1\" id=\"formbox-field-1\"><\/div><\/div> <\/fieldset><fieldset class=\"formbox__container is-vertical\"><div class=\"formbox__title\">DPI de ta souris :<\/div><div class=\"formbox__body\"><div class=\"formbox__field\"><label class=\"formbox__field-lable\" for=\"formbox-field-2\">DPI de ta souris :<\/label><input type=\"number\" class=\"formbox__field-input\" value=\"\" step=\"1\" min=\"0\" required=\"\" placeholder=\"DPI (par ex. 800)\" name=\"formbox-field-2\" id=\"formbox-field-2\"><\/div><\/div> <\/fieldset><fieldset class=\"formbox__container is-vertical\"><div class=\"formbox__title\" style=\"box-shadow: none\"><\/div><div class=\"formbox__body\"><div class=\"formbox__btn\"><button class=\"formbox__btn-calc\">Calculer eDPI<\/button><button type=\"reset\" class=\"formbox__btn-reset\">0<\/button><\/div><\/div> <\/fieldset><fieldset class=\"formbox__container has-result is-hidden is-vertical\"><div class=\"formbox__title\" style=\"box-shadow: none\">Votre eDPI :<\/div><div class=\"formbox__body\"><div class=\"formbox__field is-result\"><label class=\"formbox__field-lable\" for=\"formbox-field-3\">Votre eDPI :<\/label><input type=\"text\" class=\"formbox__field-result\" readonly=\"\" name=\"formbox-field-3\" id=\"formbox-field-3\"><\/div><\/div> <\/fieldset>\t\t\t\t\t\t\t\t\t\t\t\t\t\t\t\t\t\t\t\t\t\t\t\t\t\t\t\t\t\t\t\t\t\t\t\t\t\t\t\t\t\t\t\t\t<input type=\"hidden\" class=\"calc-not-change\"><input type=\"hidden\" name=\"trp-form-language\" value=\"fr\"\/><\/form><\/div>\n\n\n\n<div style=\"height:15px\" aria-hidden=\"true\" class=\"wp-block-spacer\"><\/div>\n\n\n\n<div class=\"wp-block-columns has-background is-layout-flex wp-container-core-columns-is-layout-1ec2ec05 wp-block-columns-is-layout-flex\" style=\"border-top-left-radius:0px;border-top-right-radius:10px;border-bottom-left-radius:0px;border-bottom-right-radius:10px;border-left-color:#fcb900;border-left-width:7px;background-color:#fab70033;margin-top:0;margin-bottom:0;padding-top:0;padding-right:0;padding-bottom:0;padding-left:0\">\n<div class=\"wp-block-column is-layout-flow wp-block-column-is-layout-flow\" style=\"padding-top:var(--wp--preset--spacing--40);padding-right:var(--wp--preset--spacing--50);padding-bottom:var(--wp--preset--spacing--40);padding-left:var(--wp--preset--spacing--50)\">\n<p><strong><strong>Comment utiliser correctement cette calculatrice<\/strong><\/strong>:<\/p>\n\n\n\n<p><strong>\u00c9tape 1 :<\/strong> Inscris ta sensibilit\u00e9 \u00e0 la souris CS2 dans le champ pr\u00e9vu \u00e0 cet effet<br><strong>\u00c9tape 2 :<\/strong> Saisis le DPI de ta souris dans le champ pr\u00e9vu \u00e0 cet effet<br><strong>\u00c9tape 3 :<\/strong> Clique sur \"Calculer eDPI\".<\/p>\n<\/div>\n<\/div>\n\n\n\n<div style=\"height:25px\" aria-hidden=\"true\" class=\"wp-block-spacer\"><\/div>\n\n\n\n<div class=\"wp-block-columns is-layout-flex wp-container-core-columns-is-layout-1ec2ec05 wp-block-columns-is-layout-flex\" style=\"border-left-color:var(--wp--preset--color--ast-global-color-0);border-left-width:7px;margin-top:0;margin-bottom:0;padding-top:0;padding-right:0;padding-bottom:0;padding-left:0\">\n<div class=\"wp-block-column is-layout-flow wp-block-column-is-layout-flow\" style=\"padding-top:var(--wp--preset--spacing--40);padding-right:var(--wp--preset--spacing--50);padding-bottom:var(--wp--preset--spacing--40);padding-left:var(--wp--preset--spacing--50)\">\n<p><strong>Qu'est-ce que l'eDPI ?<\/strong><\/p>\n\n\n\n<p>eDPI signifie \"Effective Dots Per-inch\" et est une formule permettant de calculer la sensibilit\u00e9 effective de la souris. Le grand avantage de l'eDPI est qu'il est ind\u00e9pendant du mat\u00e9riel et du logiciel. La formule est la suivante : DPI * sensibilit\u00e9 de la souris dans le jeu<\/p>\n<\/div>\n<\/div>\n\n\n\n<div style=\"height:25px\" aria-hidden=\"true\" class=\"wp-block-spacer\"><\/div>\n\n\n\n<div class=\"wp-block-columns is-layout-flex wp-container-core-columns-is-layout-1ec2ec05 wp-block-columns-is-layout-flex\" style=\"border-left-color:var(--wp--preset--color--ast-global-color-0);border-left-width:7px;margin-top:0;margin-bottom:0;padding-top:0;padding-right:0;padding-bottom:0;padding-left:0\">\n<div class=\"wp-block-column is-layout-flow wp-block-column-is-layout-flow\" style=\"padding-top:var(--wp--preset--spacing--40);padding-right:var(--wp--preset--spacing--50);padding-bottom:var(--wp--preset--spacing--40);padding-left:var(--wp--preset--spacing--50)\">\n<p><strong>\u00c0 quoi sert l'eDPI ?<\/strong><\/p>\n\n\n\n<p>L'eDPI est utilis\u00e9 pour comparer facilement la sensibilit\u00e9 de la souris de diff\u00e9rentes configurations dans le m\u00eame jeu.<\/p>\n<\/div>\n<\/div>\n\n\n\n<div style=\"height:25px\" aria-hidden=\"true\" class=\"wp-block-spacer\"><\/div>\n\n\n\n<div class=\"wp-block-columns is-layout-flex wp-container-core-columns-is-layout-1ec2ec05 wp-block-columns-is-layout-flex\" style=\"border-left-color:var(--wp--preset--color--ast-global-color-0);border-left-width:7px;margin-top:0;margin-bottom:0;padding-top:0;padding-right:0;padding-bottom:0;padding-left:0\">\n<div class=\"wp-block-column is-layout-flow wp-block-column-is-layout-flow\" style=\"padding-top:var(--wp--preset--spacing--40);padding-right:var(--wp--preset--spacing--50);padding-bottom:var(--wp--preset--spacing--40);padding-left:var(--wp--preset--spacing--50)\">\n<p><strong>Qu'est-ce qu'un bon eDPI pour CS2 ?<\/strong><\/p>\n\n\n\n<p>Les professionnels jouent en moyenne avec un eDPI d'environ 850. Les AWPistes jouent avec un eDPI moyen l\u00e9g\u00e8rement plus \u00e9lev\u00e9, d'environ 1000.<\/p>\n<\/div>\n<\/div>\n\n\n\n<div style=\"height:25px\" aria-hidden=\"true\" class=\"wp-block-spacer\"><\/div>\n\n\n\n<div class=\"wp-block-columns is-layout-flex wp-container-core-columns-is-layout-1ec2ec05 wp-block-columns-is-layout-flex\" style=\"border-left-color:var(--wp--preset--color--ast-global-color-0);border-left-width:7px;margin-top:0;margin-bottom:0;padding-top:0;padding-right:0;padding-bottom:0;padding-left:0\">\n<div class=\"wp-block-column is-layout-flow wp-block-column-is-layout-flow\" style=\"padding-top:var(--wp--preset--spacing--40);padding-right:var(--wp--preset--spacing--50);padding-bottom:var(--wp--preset--spacing--40);padding-left:var(--wp--preset--spacing--50)\">\n<p><strong>Niveaux de sensibilit\u00e9 pour CS2<\/strong><\/p>\n\n\n\n<p><strong>Low Sens :<\/strong> &lt;700 eDPI<br><strong>Sens moyen<\/strong> 700 - 1200 eDPI<br><strong>High Sens :<\/strong> &gt;1200 eDPI<\/p>\n<\/div>\n<\/div>\n\n\n\n<div style=\"height:50px\" aria-hidden=\"true\" class=\"wp-block-spacer\"><\/div>\n\n\n\n<h2 class=\"wp-block-heading has-large-font-size\">CS2 eDPI des professionnels<\/h2>\n\n\n\n<div class=\"wp-block-uagb-separator uagb-block-5bbc8c25\"><div class=\"wp-block-uagb-separator__inner\" style=\"--my-background-image:\"><\/div><\/div>\n\n\n\n<figure class=\"wp-block-table\"><table><thead><tr><th>CS2 Joueur professionnel<\/th><th>eDPI dans CS2<\/th><\/tr><\/thead><tbody><tr><td><strong>s1mple<\/strong><\/td><td>1236<\/td><\/tr><tr><td><strong>NiKo<\/strong><\/td><td>552<\/td><\/tr><tr><td><strong>ZywOo<\/strong><\/td><td>800<\/td><\/tr><tr><td><strong>m0NESY<\/strong><\/td><td>800<\/td><\/tr><tr><td><strong>Twistzz<\/strong><\/td><td>636<\/td><\/tr><tr><td><strong>kennyS<\/strong><\/td><td>880<\/td><\/tr><\/tbody><\/table><figcaption class=\"wp-element-caption\">Exemple d'eDPI de quelques professionnels CS2<\/figcaption><\/figure>","protected":false},"excerpt":{"rendered":"<p>CS2 eDPI Rechner Wie du diesen Rechner richtig verwendest: Schritt 1: Trage deine CS2 Mausempfindlichkeit in das daf\u00fcr vorgesehene Feld [&hellip;]<\/p>\n","protected":false},"author":1,"featured_media":3505,"parent":0,"menu_order":0,"comment_status":"closed","ping_status":"closed","template":"","meta":{"_uag_custom_page_level_css":"","site-sidebar-layout":"default","site-content-layout":"","ast-site-content-layout":"default","site-content-style":"default","site-sidebar-style":"default","ast-global-header-display":"","ast-banner-title-visibility":"","ast-main-header-display":"","ast-hfb-above-header-display":"","ast-hfb-below-header-display":"","ast-hfb-mobile-header-display":"","site-post-title":"disabled","ast-breadcrumbs-content":"","ast-featured-img":"","footer-sml-layout":"","ast-disable-related-posts":"","theme-transparent-header-meta":"","adv-header-id-meta":"","stick-header-meta":"","header-above-stick-meta":"","header-main-stick-meta":"","header-below-stick-meta":"","astra-migrate-meta-layouts":"set","ast-page-background-enabled":"default","ast-page-background-meta":{"desktop":{"background-color":"","background-image":"","background-repeat":"repeat","background-position":"center center","background-size":"auto","background-attachment":"scroll","background-type":"","background-media":"","overlay-type":"","overlay-color":"","overlay-opacity":"","overlay-gradient":""},"tablet":{"background-color":"","background-image":"","background-repeat":"repeat","background-position":"center center","background-size":"auto","background-attachment":"scroll","background-type":"","background-media":"","overlay-type":"","overlay-color":"","overlay-opacity":"","overlay-gradient":""},"mobile":{"background-color":"","background-image":"","background-repeat":"repeat","background-position":"center center","background-size":"auto","background-attachment":"scroll","background-type":"","background-media":"","overlay-type":"","overlay-color":"","overlay-opacity":"","overlay-gradient":""}},"ast-content-background-meta":{"desktop":{"background-color":"var(--ast-global-color-5)","background-image":"","background-repeat":"repeat","background-position":"center center","background-size":"auto","background-attachment":"scroll","background-type":"","background-media":"","overlay-type":"","overlay-color":"","overlay-opacity":"","overlay-gradient":""},"tablet":{"background-color":"var(--ast-global-color-5)","background-image":"","background-repeat":"repeat","background-position":"center center","background-size":"auto","background-attachment":"scroll","background-type":"","background-media":"","overlay-type":"","overlay-color":"","overlay-opacity":"","overlay-gradient":""},"mobile":{"background-color":"var(--ast-global-color-5)","background-image":"","background-repeat":"repeat","background-position":"center center","background-size":"auto","background-attachment":"scroll","background-type":"","background-media":"","overlay-type":"","overlay-color":"","overlay-opacity":"","overlay-gradient":""}},"footnotes":""},"class_list":["post-3232","page","type-page","status-publish","has-post-thumbnail","hentry"],"yoast_head":"<!-- This site is optimized with the Yoast SEO plugin v27.3 - https:\/\/yoast.com\/product\/yoast-seo-wordpress\/ -->\n<title>CS2 eDPI Rechner - CS-Resource<\/title>\n<meta name=\"description\" content=\"Mit diesem Rechner kann die CS2 eDPI berechnet werden. Sie dient dazu, die Mausempfindlichkeit unterschiedlicher Setups zu vergleichen.\" \/>\n<meta name=\"robots\" content=\"index, follow, max-snippet:-1, max-image-preview:large, max-video-preview:-1\" \/>\n<link rel=\"canonical\" href=\"https:\/\/cs-resource.com\/fr\/cs2-edpi-calculatrice\/\" \/>\n<meta property=\"og:locale\" content=\"fr_FR\" \/>\n<meta property=\"og:type\" content=\"article\" \/>\n<meta property=\"og:title\" content=\"CS2 eDPI Rechner - CS-Resource\" \/>\n<meta property=\"og:description\" content=\"Mit diesem Rechner kann die CS2 eDPI berechnet werden. Sie dient dazu, die Mausempfindlichkeit unterschiedlicher Setups zu vergleichen.\" \/>\n<meta property=\"og:url\" content=\"https:\/\/cs-resource.com\/fr\/cs2-edpi-calculatrice\/\" \/>\n<meta property=\"og:site_name\" content=\"CS-Resource\" \/>\n<meta property=\"article:modified_time\" content=\"2024-02-06T13:37:34+00:00\" \/>\n<meta property=\"og:image\" content=\"https:\/\/cs-resource.com\/wp-content\/uploads\/2024\/02\/CS2-eDPI-Rechner.webp\" \/>\n\t<meta property=\"og:image:width\" content=\"1280\" \/>\n\t<meta property=\"og:image:height\" content=\"720\" \/>\n\t<meta property=\"og:image:type\" content=\"image\/webp\" \/>\n<meta name=\"twitter:card\" content=\"summary_large_image\" \/>\n<meta name=\"twitter:site\" content=\"@cs__resource\" \/>\n<meta name=\"twitter:label1\" content=\"Dur\u00e9e de lecture estim\u00e9e\" \/>\n\t<meta name=\"twitter:data1\" content=\"1 minute\" \/>\n<script type=\"application\/ld+json\" class=\"yoast-schema-graph\">{\"@context\":\"https:\\\/\\\/schema.org\",\"@graph\":[{\"@type\":\"WebPage\",\"@id\":\"https:\\\/\\\/cs-resource.com\\\/cs2-edpi-rechner\\\/\",\"url\":\"https:\\\/\\\/cs-resource.com\\\/cs2-edpi-rechner\\\/\",\"name\":\"CS2 eDPI Rechner - CS-Resource\",\"isPartOf\":{\"@id\":\"https:\\\/\\\/cs-resource.com\\\/de\\\/#website\"},\"primaryImageOfPage\":{\"@id\":\"https:\\\/\\\/cs-resource.com\\\/cs2-edpi-rechner\\\/#primaryimage\"},\"image\":{\"@id\":\"https:\\\/\\\/cs-resource.com\\\/cs2-edpi-rechner\\\/#primaryimage\"},\"thumbnailUrl\":\"https:\\\/\\\/cs-resource.com\\\/wp-content\\\/uploads\\\/2024\\\/02\\\/CS2-eDPI-Rechner.webp\",\"datePublished\":\"2024-01-30T20:26:20+00:00\",\"dateModified\":\"2024-02-06T13:37:34+00:00\",\"description\":\"Mit diesem Rechner kann die CS2 eDPI berechnet werden. Sie dient dazu, die Mausempfindlichkeit unterschiedlicher Setups zu vergleichen.\",\"breadcrumb\":{\"@id\":\"https:\\\/\\\/cs-resource.com\\\/cs2-edpi-rechner\\\/#breadcrumb\"},\"inLanguage\":\"fr-FR\",\"potentialAction\":[{\"@type\":\"ReadAction\",\"target\":[\"https:\\\/\\\/cs-resource.com\\\/cs2-edpi-rechner\\\/\"]}]},{\"@type\":\"ImageObject\",\"inLanguage\":\"fr-FR\",\"@id\":\"https:\\\/\\\/cs-resource.com\\\/cs2-edpi-rechner\\\/#primaryimage\",\"url\":\"https:\\\/\\\/cs-resource.com\\\/wp-content\\\/uploads\\\/2024\\\/02\\\/CS2-eDPI-Rechner.webp\",\"contentUrl\":\"https:\\\/\\\/cs-resource.com\\\/wp-content\\\/uploads\\\/2024\\\/02\\\/CS2-eDPI-Rechner.webp\",\"width\":1280,\"height\":720,\"caption\":\"CS2 eDPI Rechner\"},{\"@type\":\"BreadcrumbList\",\"@id\":\"https:\\\/\\\/cs-resource.com\\\/cs2-edpi-rechner\\\/#breadcrumb\",\"itemListElement\":[{\"@type\":\"ListItem\",\"position\":1,\"name\":\"Startseite\",\"item\":\"https:\\\/\\\/cs-resource.com\\\/en\\\/\"},{\"@type\":\"ListItem\",\"position\":2,\"name\":\"CS2 eDPI Rechner\"}]},{\"@type\":\"WebSite\",\"@id\":\"https:\\\/\\\/cs-resource.com\\\/de\\\/#website\",\"url\":\"https:\\\/\\\/cs-resource.com\\\/de\\\/\",\"name\":\"CS-Resource\",\"description\":\"Alles rund um Counter-Strike 2\",\"publisher\":{\"@id\":\"https:\\\/\\\/cs-resource.com\\\/de\\\/#organization\"},\"potentialAction\":[{\"@type\":\"SearchAction\",\"target\":{\"@type\":\"EntryPoint\",\"urlTemplate\":\"https:\\\/\\\/cs-resource.com\\\/de\\\/?s={search_term_string}\"},\"query-input\":{\"@type\":\"PropertyValueSpecification\",\"valueRequired\":true,\"valueName\":\"search_term_string\"}}],\"inLanguage\":\"fr-FR\"},{\"@type\":\"Organization\",\"@id\":\"https:\\\/\\\/cs-resource.com\\\/de\\\/#organization\",\"name\":\"CS-Resource\",\"url\":\"https:\\\/\\\/cs-resource.com\\\/de\\\/\",\"logo\":{\"@type\":\"ImageObject\",\"inLanguage\":\"fr-FR\",\"@id\":\"https:\\\/\\\/cs-resource.com\\\/de\\\/#\\\/schema\\\/logo\\\/image\\\/\",\"url\":\"https:\\\/\\\/cs-resource.com\\\/wp-content\\\/uploads\\\/2024\\\/02\\\/Logo_Breit_Dunkel.png\",\"contentUrl\":\"https:\\\/\\\/cs-resource.com\\\/wp-content\\\/uploads\\\/2024\\\/02\\\/Logo_Breit_Dunkel.png\",\"width\":2934,\"height\":303,\"caption\":\"CS-Resource\"},\"image\":{\"@id\":\"https:\\\/\\\/cs-resource.com\\\/de\\\/#\\\/schema\\\/logo\\\/image\\\/\"},\"sameAs\":[\"https:\\\/\\\/x.com\\\/cs__resource\",\"https:\\\/\\\/www.reddit.com\\\/r\\\/csresource\\\/\",\"https:\\\/\\\/www.youtube.com\\\/@CS-Resource\"]}]}<\/script>\n<!-- \/ Yoast SEO plugin. -->","yoast_head_json":{"title":"Calculateur eDPI CS2 - CS-Resource","description":"Cette calculatrice permet de calculer l'eDPI CS2. Il sert \u00e0 comparer la sensibilit\u00e9 de la souris de diff\u00e9rentes configurations.","robots":{"index":"index","follow":"follow","max-snippet":"max-snippet:-1","max-image-preview":"max-image-preview:large","max-video-preview":"max-video-preview:-1"},"canonical":"https:\/\/cs-resource.com\/fr\/cs2-edpi-calculatrice\/","og_locale":"fr_FR","og_type":"article","og_title":"CS2 eDPI Rechner - CS-Resource","og_description":"Mit diesem Rechner kann die CS2 eDPI berechnet werden. Sie dient dazu, die Mausempfindlichkeit unterschiedlicher Setups zu vergleichen.","og_url":"https:\/\/cs-resource.com\/fr\/cs2-edpi-calculatrice\/","og_site_name":"CS-Resource","article_modified_time":"2024-02-06T13:37:34+00:00","og_image":[{"width":1280,"height":720,"url":"https:\/\/cs-resource.com\/wp-content\/uploads\/2024\/02\/CS2-eDPI-Rechner.webp","type":"image\/webp"}],"twitter_card":"summary_large_image","twitter_site":"@cs__resource","twitter_misc":{"Dur\u00e9e de lecture estim\u00e9e":"1 minute"},"schema":{"@context":"https:\/\/schema.org","@graph":[{"@type":"WebPage","@id":"https:\/\/cs-resource.com\/cs2-edpi-rechner\/","url":"https:\/\/cs-resource.com\/cs2-edpi-rechner\/","name":"Calculateur eDPI CS2 - CS-Resource","isPartOf":{"@id":"https:\/\/cs-resource.com\/de\/#website"},"primaryImageOfPage":{"@id":"https:\/\/cs-resource.com\/cs2-edpi-rechner\/#primaryimage"},"image":{"@id":"https:\/\/cs-resource.com\/cs2-edpi-rechner\/#primaryimage"},"thumbnailUrl":"https:\/\/cs-resource.com\/wp-content\/uploads\/2024\/02\/CS2-eDPI-Rechner.webp","datePublished":"2024-01-30T20:26:20+00:00","dateModified":"2024-02-06T13:37:34+00:00","description":"Cette calculatrice permet de calculer l'eDPI CS2. Il sert \u00e0 comparer la sensibilit\u00e9 de la souris de diff\u00e9rentes configurations.","breadcrumb":{"@id":"https:\/\/cs-resource.com\/cs2-edpi-rechner\/#breadcrumb"},"inLanguage":"fr-FR","potentialAction":[{"@type":"ReadAction","target":["https:\/\/cs-resource.com\/cs2-edpi-rechner\/"]}]},{"@type":"ImageObject","inLanguage":"fr-FR","@id":"https:\/\/cs-resource.com\/cs2-edpi-rechner\/#primaryimage","url":"https:\/\/cs-resource.com\/wp-content\/uploads\/2024\/02\/CS2-eDPI-Rechner.webp","contentUrl":"https:\/\/cs-resource.com\/wp-content\/uploads\/2024\/02\/CS2-eDPI-Rechner.webp","width":1280,"height":720,"caption":"CS2 eDPI Rechner"},{"@type":"BreadcrumbList","@id":"https:\/\/cs-resource.com\/cs2-edpi-rechner\/#breadcrumb","itemListElement":[{"@type":"ListItem","position":1,"name":"Startseite","item":"https:\/\/cs-resource.com\/en\/"},{"@type":"ListItem","position":2,"name":"CS2 eDPI Rechner"}]},{"@type":"WebSite","@id":"https:\/\/cs-resource.com\/de\/#website","url":"https:\/\/cs-resource.com\/de\/","name":"CS-Resource","description":"Tout ce qui concerne Counter-Strike 2","publisher":{"@id":"https:\/\/cs-resource.com\/de\/#organization"},"potentialAction":[{"@type":"SearchAction","target":{"@type":"EntryPoint","urlTemplate":"https:\/\/cs-resource.com\/de\/?s={search_term_string}"},"query-input":{"@type":"PropertyValueSpecification","valueRequired":true,"valueName":"search_term_string"}}],"inLanguage":"fr-FR"},{"@type":"Organization","@id":"https:\/\/cs-resource.com\/de\/#organization","name":"CS-Resource","url":"https:\/\/cs-resource.com\/de\/","logo":{"@type":"ImageObject","inLanguage":"fr-FR","@id":"https:\/\/cs-resource.com\/de\/#\/schema\/logo\/image\/","url":"https:\/\/cs-resource.com\/wp-content\/uploads\/2024\/02\/Logo_Breit_Dunkel.png","contentUrl":"https:\/\/cs-resource.com\/wp-content\/uploads\/2024\/02\/Logo_Breit_Dunkel.png","width":2934,"height":303,"caption":"CS-Resource"},"image":{"@id":"https:\/\/cs-resource.com\/de\/#\/schema\/logo\/image\/"},"sameAs":["https:\/\/x.com\/cs__resource","https:\/\/www.reddit.com\/r\/csresource\/","https:\/\/www.youtube.com\/@CS-Resource"]}]}},"uagb_featured_image_src":{"full":["https:\/\/cs-resource.com\/wp-content\/uploads\/2024\/02\/CS2-eDPI-Rechner.webp",1280,720,false],"thumbnail":["https:\/\/cs-resource.com\/wp-content\/uploads\/2024\/02\/CS2-eDPI-Rechner-150x150.webp",150,150,true],"medium":["https:\/\/cs-resource.com\/wp-content\/uploads\/2024\/02\/CS2-eDPI-Rechner-300x169.webp",300,169,true],"medium_large":["https:\/\/cs-resource.com\/wp-content\/uploads\/2024\/02\/CS2-eDPI-Rechner-768x432.webp",768,432,true],"large":["https:\/\/cs-resource.com\/wp-content\/uploads\/2024\/02\/CS2-eDPI-Rechner-1024x576.webp",1024,576,true],"1536x1536":["https:\/\/cs-resource.com\/wp-content\/uploads\/2024\/02\/CS2-eDPI-Rechner.webp",1280,720,false],"2048x2048":["https:\/\/cs-resource.com\/wp-content\/uploads\/2024\/02\/CS2-eDPI-Rechner.webp",1280,720,false],"trp-custom-language-flag":["https:\/\/cs-resource.com\/wp-content\/uploads\/2024\/02\/CS2-eDPI-Rechner.webp",18,10,false]},"uagb_author_info":{"display_name":"Dennis","author_link":"https:\/\/cs-resource.com\/fr\/author\/denniskol\/"},"uagb_comment_info":0,"uagb_excerpt":"CS2 eDPI Rechner Wie du diesen Rechner richtig verwendest: Schritt 1: Trage deine CS2 Mausempfindlichkeit in das daf\u00fcr vorgesehene Feld [&hellip;]","_links":{"self":[{"href":"https:\/\/cs-resource.com\/fr\/wp-json\/wp\/v2\/pages\/3232","targetHints":{"allow":["GET"]}}],"collection":[{"href":"https:\/\/cs-resource.com\/fr\/wp-json\/wp\/v2\/pages"}],"about":[{"href":"https:\/\/cs-resource.com\/fr\/wp-json\/wp\/v2\/types\/page"}],"author":[{"embeddable":true,"href":"https:\/\/cs-resource.com\/fr\/wp-json\/wp\/v2\/users\/1"}],"replies":[{"embeddable":true,"href":"https:\/\/cs-resource.com\/fr\/wp-json\/wp\/v2\/comments?post=3232"}],"version-history":[{"count":20,"href":"https:\/\/cs-resource.com\/fr\/wp-json\/wp\/v2\/pages\/3232\/revisions"}],"predecessor-version":[{"id":3820,"href":"https:\/\/cs-resource.com\/fr\/wp-json\/wp\/v2\/pages\/3232\/revisions\/3820"}],"wp:featuredmedia":[{"embeddable":true,"href":"https:\/\/cs-resource.com\/fr\/wp-json\/wp\/v2\/media\/3505"}],"wp:attachment":[{"href":"https:\/\/cs-resource.com\/fr\/wp-json\/wp\/v2\/media?parent=3232"}],"curies":[{"name":"wp","href":"https:\/\/api.w.org\/{rel}","templated":true}]}}