{"id":3727,"date":"2024-02-03T15:59:04","date_gmt":"2024-02-03T14:59:04","guid":{"rendered":"https:\/\/cs-resource.com\/?page_id=3727"},"modified":"2024-02-05T16:34:00","modified_gmt":"2024-02-05T15:34:00","slug":"sensibilite-de-la-souris-convertisseur-ordinateur","status":"publish","type":"page","link":"https:\/\/cs-resource.com\/fr\/mausempfindlichkeit-konverter-rechner\/","title":{"rendered":"Sensibilit\u00e9 de la souris Convertisseur \/ Calculateur"},"content":{"rendered":"<div style=\"height:50px\" aria-hidden=\"true\" class=\"wp-block-spacer\"><\/div>\n\n\n\n<h1 class=\"wp-block-heading has-large-font-size\">Sensibilit\u00e9 de la souris Convertisseur \/ Calculateur<\/h1>\n\n\n\n<div class=\"wp-block-uagb-separator uagb-block-39da271a\"><div class=\"wp-block-uagb-separator__inner\" style=\"--my-background-image:\"><\/div><\/div>\n\n\n<div class=\"formbox-wrapper\"><form action=\"https:\/\/cs-resource.com\/fr\/sensibilite-de-la-souris-convertisseur-ordinateur\/\" name=\"formbox\" class=\"formbox formbox-11\" id=\"calculator_11\" data-trp-original-action=\"https:\/\/cs-resource.com\/fr\/mausempfindlichkeit-konverter-rechner\/\">\n\t\t\t\t\t\t\t\t\t\t\n\t\t\t\t\t\t\t\t\t\t\n\t\t\t\t\t\t\t\t\t\t\n\t\t\t\t\t\t\t\t\t\t\n\t\t\t\t\t\t\t\t\t\t\n\t\t\t\t\t\t\t\t\t\t\n\t\t\t\t\t\t\t\t\t\t\n\t\t\t\t\t\t\t\t\t\t\n\t\t\t\t\t\t\t\t\t\t\n\t\t\t\t\t\t\t\t\t\t\n\t\t\t\t\t\t\t\t\t\t\n\t\t\t\t\t\t\t\t\t\t\n\t\t\t\t\t\t\t\t\t\t\n\t\t\t\t\t\t\t\t\t\t\n\t\t\t\t\t\t\t\t\t\t\n\t\t\t\t\t\t\t\t\t\t\n\t\t\t\t\t\t\t\t\t\t\n\t\t\t\t\t\t\t\t\t\t\t\t\t\t\t\t\t\t\t<fieldset class=\"formbox__container is-vertical\"><div class=\"formbox__title\">Convertir de :<\/div><div class=\"formbox__body\"><div class=\"formbox__field\"><label class=\"formbox__field-lable\" for=\"formbox-field-1\">Convertir de :<\/label><select class=\"formbox__field-select\" name=\"formbox-field-1\" id=\"formbox-field-1\"><option value=\"1\">CS2<\/option><option value=\"2\">Valorant<\/option><option value=\"3\">Fortnite<\/option><option value=\"4\">Rainbow Six Siege<\/option><option value=\"5\">Apex Legends<\/option><\/select><\/div><\/div> <\/fieldset><fieldset class=\"formbox__container is-vertical\"><div class=\"formbox__title\">Convertir en :<\/div><div class=\"formbox__body\"><div class=\"formbox__field\"><label class=\"formbox__field-lable\" for=\"formbox-field-2\">Convertir en :<\/label><select class=\"formbox__field-select\" name=\"formbox-field-2\" id=\"formbox-field-2\"><option value=\"1\">CS2<\/option><option value=\"2\">Valorant<\/option><option value=\"3\">Fortnite<\/option><option value=\"4\">Rainbow Six Siege<\/option><option value=\"5\">Apex Legends<\/option><\/select><\/div><\/div> <\/fieldset><fieldset class=\"formbox__container is-vertical\"><div class=\"formbox__title\" style=\"box-shadow: none\">Ta sensibilit\u00e9 \u00e0 la souris :<\/div><div class=\"formbox__body\"><div class=\"formbox__field\" style=\"box-shadow: none\"><label class=\"formbox__field-lable\" for=\"formbox-field-3\">Ta sensibilit\u00e9 \u00e0 la souris :<\/label><input type=\"number\" class=\"formbox__field-input\" value=\"\" step=\"0.01\" min=\"0\" required=\"\" placeholder=\"Sensibilit\u00e9 de la souris (par ex. 1,3)\" name=\"formbox-field-3\" id=\"formbox-field-3\"><\/div><\/div> <\/fieldset><fieldset class=\"formbox__container is-vertical\"><div class=\"formbox__title\" style=\"box-shadow: none\"><\/div><div class=\"formbox__body\"><div class=\"formbox__btn\"><button class=\"formbox__btn-calc\">Calculer la sensibilit\u00e9<\/button><button type=\"reset\" class=\"formbox__btn-reset\">0<\/button><\/div><\/div> <\/fieldset><fieldset class=\"formbox__container has-result is-hidden is-vertical\"><div class=\"formbox__title\" style=\"box-shadow: none\">Sensibilit\u00e9 de la souris convertie :<\/div><div class=\"formbox__body\"><div class=\"formbox__field is-result\" style=\"box-shadow: none\"><label class=\"formbox__field-lable\" for=\"formbox-field-4\">Sensibilit\u00e9 de la souris convertie :<\/label><input type=\"text\" class=\"formbox__field-result\" readonly=\"\" name=\"formbox-field-4\" id=\"formbox-field-4\"><\/div><\/div> <\/fieldset>\t\t\t\t\t\t\t\t\t\t\t\t\t\t\t\t\t\t\t\t\t\t\t\t\t\t\t\t\t\t\t\t\t\t\t\t\t\t\t\t\t\t\t\t\t\t\t\t\t\t\t\t\t\t\t\t\t\t\t\t\t\t\t\t\t\t\t\t\t\t\t\t\t\t\t\t\t\t\t\t\t\t\t\t\t\t\t\t\t\t\t\t\t\t\t\t\t\t\t\t\t\t\t\t\t\t\t\t\t\t\t\t\t\t\t\t\t\t\t\t\t\t\t\t\t\t\t\t\t\t\t\t\t\t\t\t\t\t\t\t\t\t\t\t\t\t\t\t\t\t\t\t\t<input type=\"hidden\" class=\"calc-not-change\"><input type=\"hidden\" name=\"trp-form-language\" value=\"fr\"\/><\/form><\/div>\n\n\n\n<div style=\"height:25px\" aria-hidden=\"true\" class=\"wp-block-spacer\"><\/div>\n\n\n\n<div class=\"wp-block-columns has-background is-layout-flex wp-container-core-columns-is-layout-1ec2ec05 wp-block-columns-is-layout-flex\" style=\"border-top-left-radius:0px;border-top-right-radius:10px;border-bottom-left-radius:0px;border-bottom-right-radius:10px;border-left-color:#fcb900;border-left-width:7px;background-color:#fab70033;margin-top:0;margin-bottom:0;padding-top:0;padding-right:0;padding-bottom:0;padding-left:0\">\n<div class=\"wp-block-column is-layout-flow wp-block-column-is-layout-flow\" style=\"padding-top:var(--wp--preset--spacing--40);padding-right:var(--wp--preset--spacing--50);padding-bottom:var(--wp--preset--spacing--40);padding-left:var(--wp--preset--spacing--50)\">\n<p><strong><strong><strong>Comment utiliser correctement cette calculatrice\/convertisseur<\/strong><\/strong>:<\/strong><\/p>\n\n\n\n<p><strong>\u00c9tape 1 :<\/strong>&nbsp;S\u00e9lectionne le jeu dont tu veux convertir la sensibilit\u00e9 de la souris.<br><strong>\u00c9tape 2 :<\/strong> Choisis le jeu pour lequel tu veux convertir la sensibilit\u00e9 de ta souris.<br><strong>\u00c9tape 3 : <\/strong>Saisis la sensibilit\u00e9 de la souris du jeu \u00e0 partir duquel tu veux convertir dans le champ pr\u00e9vu \u00e0 cet effet.<br><strong>\u00c9tape 4 :<\/strong>&nbsp;Clique sur \"Calculer la sensibilit\u00e9\".<br><strong>\u00c9tape 5 :<\/strong>&nbsp;Lire la sensibilit\u00e9 de la souris convertie dans le champ du bas<\/p>\n<\/div>\n<\/div>\n\n\n\n<div style=\"height:25px\" aria-hidden=\"true\" class=\"wp-block-spacer\"><\/div>\n\n\n\n<div class=\"wp-block-columns is-layout-flex wp-container-core-columns-is-layout-1ec2ec05 wp-block-columns-is-layout-flex\" style=\"border-left-color:var(--wp--preset--color--ast-global-color-0);border-left-width:7px;margin-top:0;margin-bottom:0;padding-top:0;padding-right:0;padding-bottom:0;padding-left:0\">\n<div class=\"wp-block-column is-layout-flow wp-block-column-is-layout-flow\" style=\"padding-top:var(--wp--preset--spacing--40);padding-right:var(--wp--preset--spacing--50);padding-bottom:var(--wp--preset--spacing--40);padding-left:var(--wp--preset--spacing--50)\">\n<p><strong>A quoi sert un convertisseur\/ordinateur de sensibilit\u00e9 de souris ?<\/strong><\/p>\n\n\n\n<p>Avec ce convertisseur de sensibilit\u00e9 de la souris, tu peux facilement convertir la sensibilit\u00e9 de ta souris entre deux jeux. Cela signifie que tu dois d\u00e9placer ta souris exactement de la m\u00eame mani\u00e8re dans les deux jeux pour effectuer une rotation compl\u00e8te de 360 degr\u00e9s dans le jeu.<\/p>\n\n\n\n<p>L'avantage de cela est que tu peux emporter ta m\u00e9moire musculaire durement acquise dans ton nouveau jeu et que tu n'as pas besoin de t'habituer \u00e0 une nouvelle sensibilit\u00e9.<\/p>\n<\/div>\n<\/div>\n\n\n\n<div style=\"height:25px\" aria-hidden=\"true\" class=\"wp-block-spacer\"><\/div>\n\n\n\n<div class=\"wp-block-columns is-layout-flex wp-container-core-columns-is-layout-1ec2ec05 wp-block-columns-is-layout-flex\" style=\"border-left-color:var(--wp--preset--color--ast-global-color-0);border-left-width:7px;margin-top:0;margin-bottom:0;padding-top:0;padding-right:0;padding-bottom:0;padding-left:0\">\n<div class=\"wp-block-column is-layout-flow wp-block-column-is-layout-flow\" style=\"padding-top:var(--wp--preset--spacing--40);padding-right:var(--wp--preset--spacing--50);padding-bottom:var(--wp--preset--spacing--40);padding-left:var(--wp--preset--spacing--50)\">\n<p>Actuellement, ce convertisseur te permet de convertir la sensibilit\u00e9 de la souris pour les jeux suivants : CS2, Valorant, Fortnite, Rainbow Six Siege et Apex Legends.<\/p>\n<\/div>\n<\/div>\n\n\n\n<div style=\"height:100px\" aria-hidden=\"true\" class=\"wp-block-spacer\"><\/div>","protected":false},"excerpt":{"rendered":"<p>Mausempfindlichkeit Konverter \/ Rechner Wie du diesen Rechner\/Konvertierer richtig verwendest: Schritt 1:&nbsp;W\u00e4hle das Spiel aus von dem du deine Mausempfindlichkeit [&hellip;]<\/p>\n","protected":false},"author":1,"featured_media":3731,"parent":0,"menu_order":0,"comment_status":"closed","ping_status":"closed","template":"","meta":{"_uag_custom_page_level_css":"","site-sidebar-layout":"default","site-content-layout":"","ast-site-content-layout":"default","site-content-style":"default","site-sidebar-style":"default","ast-global-header-display":"","ast-banner-title-visibility":"","ast-main-header-display":"","ast-hfb-above-header-display":"","ast-hfb-below-header-display":"","ast-hfb-mobile-header-display":"","site-post-title":"disabled","ast-breadcrumbs-content":"","ast-featured-img":"","footer-sml-layout":"","ast-disable-related-posts":"","theme-transparent-header-meta":"","adv-header-id-meta":"","stick-header-meta":"","header-above-stick-meta":"","header-main-stick-meta":"","header-below-stick-meta":"","astra-migrate-meta-layouts":"set","ast-page-background-enabled":"default","ast-page-background-meta":{"desktop":{"background-color":"","background-image":"","background-repeat":"repeat","background-position":"center center","background-size":"auto","background-attachment":"scroll","background-type":"","background-media":"","overlay-type":"","overlay-color":"","overlay-opacity":"","overlay-gradient":""},"tablet":{"background-color":"","background-image":"","background-repeat":"repeat","background-position":"center center","background-size":"auto","background-attachment":"scroll","background-type":"","background-media":"","overlay-type":"","overlay-color":"","overlay-opacity":"","overlay-gradient":""},"mobile":{"background-color":"","background-image":"","background-repeat":"repeat","background-position":"center center","background-size":"auto","background-attachment":"scroll","background-type":"","background-media":"","overlay-type":"","overlay-color":"","overlay-opacity":"","overlay-gradient":""}},"ast-content-background-meta":{"desktop":{"background-color":"var(--ast-global-color-5)","background-image":"","background-repeat":"repeat","background-position":"center center","background-size":"auto","background-attachment":"scroll","background-type":"","background-media":"","overlay-type":"","overlay-color":"","overlay-opacity":"","overlay-gradient":""},"tablet":{"background-color":"var(--ast-global-color-5)","background-image":"","background-repeat":"repeat","background-position":"center center","background-size":"auto","background-attachment":"scroll","background-type":"","background-media":"","overlay-type":"","overlay-color":"","overlay-opacity":"","overlay-gradient":""},"mobile":{"background-color":"var(--ast-global-color-5)","background-image":"","background-repeat":"repeat","background-position":"center center","background-size":"auto","background-attachment":"scroll","background-type":"","background-media":"","overlay-type":"","overlay-color":"","overlay-opacity":"","overlay-gradient":""}},"footnotes":""},"class_list":["post-3727","page","type-page","status-publish","has-post-thumbnail","hentry"],"yoast_head":"<!-- This site is optimized with the Yoast SEO plugin v27.3 - https:\/\/yoast.com\/product\/yoast-seo-wordpress\/ -->\n<title>Mausempfindlichkeit Konverter \/ Rechner - CS-Resource<\/title>\n<meta name=\"description\" content=\"Mit diesem Konverter\/Rechner kannst du ganz einfach deine Mausempfindlichkeit zwischen verschiedenen Spielen konvertieren.\" \/>\n<meta name=\"robots\" content=\"index, follow, max-snippet:-1, max-image-preview:large, max-video-preview:-1\" \/>\n<link rel=\"canonical\" href=\"https:\/\/cs-resource.com\/fr\/sensibilite-de-la-souris-convertisseur-ordinateur\/\" \/>\n<meta property=\"og:locale\" content=\"fr_FR\" \/>\n<meta property=\"og:type\" content=\"article\" \/>\n<meta property=\"og:title\" content=\"Mausempfindlichkeit Konverter \/ Rechner - CS-Resource\" \/>\n<meta property=\"og:description\" content=\"Mit diesem Konverter\/Rechner kannst du ganz einfach deine Mausempfindlichkeit zwischen verschiedenen Spielen konvertieren.\" \/>\n<meta property=\"og:url\" content=\"https:\/\/cs-resource.com\/fr\/sensibilite-de-la-souris-convertisseur-ordinateur\/\" \/>\n<meta property=\"og:site_name\" content=\"CS-Resource\" \/>\n<meta property=\"article:modified_time\" content=\"2024-02-05T15:34:00+00:00\" \/>\n<meta property=\"og:image\" content=\"https:\/\/cs-resource.com\/wp-content\/uploads\/2024\/02\/Mausempfindlichkeit-Konverter-Rechner-Alle-Spiele.webp\" \/>\n\t<meta property=\"og:image:width\" content=\"1280\" \/>\n\t<meta property=\"og:image:height\" content=\"720\" \/>\n\t<meta property=\"og:image:type\" content=\"image\/webp\" \/>\n<meta name=\"twitter:card\" content=\"summary_large_image\" \/>\n<meta name=\"twitter:site\" content=\"@cs__resource\" \/>\n<meta name=\"twitter:label1\" content=\"Dur\u00e9e de lecture estim\u00e9e\" \/>\n\t<meta name=\"twitter:data1\" content=\"2 minutes\" \/>\n<script type=\"application\/ld+json\" class=\"yoast-schema-graph\">{\"@context\":\"https:\\\/\\\/schema.org\",\"@graph\":[{\"@type\":\"WebPage\",\"@id\":\"https:\\\/\\\/cs-resource.com\\\/mausempfindlichkeit-konverter-rechner\\\/\",\"url\":\"https:\\\/\\\/cs-resource.com\\\/mausempfindlichkeit-konverter-rechner\\\/\",\"name\":\"Mausempfindlichkeit Konverter \\\/ Rechner - CS-Resource\",\"isPartOf\":{\"@id\":\"https:\\\/\\\/cs-resource.com\\\/de\\\/#website\"},\"primaryImageOfPage\":{\"@id\":\"https:\\\/\\\/cs-resource.com\\\/mausempfindlichkeit-konverter-rechner\\\/#primaryimage\"},\"image\":{\"@id\":\"https:\\\/\\\/cs-resource.com\\\/mausempfindlichkeit-konverter-rechner\\\/#primaryimage\"},\"thumbnailUrl\":\"https:\\\/\\\/cs-resource.com\\\/wp-content\\\/uploads\\\/2024\\\/02\\\/Mausempfindlichkeit-Konverter-Rechner-Alle-Spiele.webp\",\"datePublished\":\"2024-02-03T14:59:04+00:00\",\"dateModified\":\"2024-02-05T15:34:00+00:00\",\"description\":\"Mit diesem Konverter\\\/Rechner kannst du ganz einfach deine Mausempfindlichkeit zwischen verschiedenen Spielen konvertieren.\",\"breadcrumb\":{\"@id\":\"https:\\\/\\\/cs-resource.com\\\/mausempfindlichkeit-konverter-rechner\\\/#breadcrumb\"},\"inLanguage\":\"fr-FR\",\"potentialAction\":[{\"@type\":\"ReadAction\",\"target\":[\"https:\\\/\\\/cs-resource.com\\\/mausempfindlichkeit-konverter-rechner\\\/\"]}]},{\"@type\":\"ImageObject\",\"inLanguage\":\"fr-FR\",\"@id\":\"https:\\\/\\\/cs-resource.com\\\/mausempfindlichkeit-konverter-rechner\\\/#primaryimage\",\"url\":\"https:\\\/\\\/cs-resource.com\\\/wp-content\\\/uploads\\\/2024\\\/02\\\/Mausempfindlichkeit-Konverter-Rechner-Alle-Spiele.webp\",\"contentUrl\":\"https:\\\/\\\/cs-resource.com\\\/wp-content\\\/uploads\\\/2024\\\/02\\\/Mausempfindlichkeit-Konverter-Rechner-Alle-Spiele.webp\",\"width\":1280,\"height\":720,\"caption\":\"Mausempfindlichkeit Konverter Rechner - Alle Spiele\"},{\"@type\":\"BreadcrumbList\",\"@id\":\"https:\\\/\\\/cs-resource.com\\\/mausempfindlichkeit-konverter-rechner\\\/#breadcrumb\",\"itemListElement\":[{\"@type\":\"ListItem\",\"position\":1,\"name\":\"Startseite\",\"item\":\"https:\\\/\\\/cs-resource.com\\\/en\\\/\"},{\"@type\":\"ListItem\",\"position\":2,\"name\":\"Mausempfindlichkeit Konverter \\\/ Rechner\"}]},{\"@type\":\"WebSite\",\"@id\":\"https:\\\/\\\/cs-resource.com\\\/de\\\/#website\",\"url\":\"https:\\\/\\\/cs-resource.com\\\/de\\\/\",\"name\":\"CS-Resource\",\"description\":\"Alles rund um Counter-Strike 2\",\"publisher\":{\"@id\":\"https:\\\/\\\/cs-resource.com\\\/de\\\/#organization\"},\"potentialAction\":[{\"@type\":\"SearchAction\",\"target\":{\"@type\":\"EntryPoint\",\"urlTemplate\":\"https:\\\/\\\/cs-resource.com\\\/de\\\/?s={search_term_string}\"},\"query-input\":{\"@type\":\"PropertyValueSpecification\",\"valueRequired\":true,\"valueName\":\"search_term_string\"}}],\"inLanguage\":\"fr-FR\"},{\"@type\":\"Organization\",\"@id\":\"https:\\\/\\\/cs-resource.com\\\/de\\\/#organization\",\"name\":\"CS-Resource\",\"url\":\"https:\\\/\\\/cs-resource.com\\\/de\\\/\",\"logo\":{\"@type\":\"ImageObject\",\"inLanguage\":\"fr-FR\",\"@id\":\"https:\\\/\\\/cs-resource.com\\\/de\\\/#\\\/schema\\\/logo\\\/image\\\/\",\"url\":\"https:\\\/\\\/cs-resource.com\\\/wp-content\\\/uploads\\\/2024\\\/02\\\/Logo_Breit_Dunkel.png\",\"contentUrl\":\"https:\\\/\\\/cs-resource.com\\\/wp-content\\\/uploads\\\/2024\\\/02\\\/Logo_Breit_Dunkel.png\",\"width\":2934,\"height\":303,\"caption\":\"CS-Resource\"},\"image\":{\"@id\":\"https:\\\/\\\/cs-resource.com\\\/de\\\/#\\\/schema\\\/logo\\\/image\\\/\"},\"sameAs\":[\"https:\\\/\\\/x.com\\\/cs__resource\",\"https:\\\/\\\/www.reddit.com\\\/r\\\/csresource\\\/\",\"https:\\\/\\\/www.youtube.com\\\/@CS-Resource\"]}]}<\/script>\n<!-- \/ Yoast SEO plugin. -->","yoast_head_json":{"title":"Sensibilit\u00e9 de la souris Convertisseur \/ Calculatrice - CS-Resource","description":"Avec ce convertisseur\/calculateur, tu peux facilement convertir la sensibilit\u00e9 de ta souris entre diff\u00e9rents jeux.","robots":{"index":"index","follow":"follow","max-snippet":"max-snippet:-1","max-image-preview":"max-image-preview:large","max-video-preview":"max-video-preview:-1"},"canonical":"https:\/\/cs-resource.com\/fr\/sensibilite-de-la-souris-convertisseur-ordinateur\/","og_locale":"fr_FR","og_type":"article","og_title":"Mausempfindlichkeit Konverter \/ Rechner - CS-Resource","og_description":"Mit diesem Konverter\/Rechner kannst du ganz einfach deine Mausempfindlichkeit zwischen verschiedenen Spielen konvertieren.","og_url":"https:\/\/cs-resource.com\/fr\/sensibilite-de-la-souris-convertisseur-ordinateur\/","og_site_name":"CS-Resource","article_modified_time":"2024-02-05T15:34:00+00:00","og_image":[{"width":1280,"height":720,"url":"https:\/\/cs-resource.com\/wp-content\/uploads\/2024\/02\/Mausempfindlichkeit-Konverter-Rechner-Alle-Spiele.webp","type":"image\/webp"}],"twitter_card":"summary_large_image","twitter_site":"@cs__resource","twitter_misc":{"Dur\u00e9e de lecture estim\u00e9e":"2 minutes"},"schema":{"@context":"https:\/\/schema.org","@graph":[{"@type":"WebPage","@id":"https:\/\/cs-resource.com\/mausempfindlichkeit-konverter-rechner\/","url":"https:\/\/cs-resource.com\/mausempfindlichkeit-konverter-rechner\/","name":"Sensibilit\u00e9 de la souris Convertisseur \/ Calculatrice - CS-Resource","isPartOf":{"@id":"https:\/\/cs-resource.com\/de\/#website"},"primaryImageOfPage":{"@id":"https:\/\/cs-resource.com\/mausempfindlichkeit-konverter-rechner\/#primaryimage"},"image":{"@id":"https:\/\/cs-resource.com\/mausempfindlichkeit-konverter-rechner\/#primaryimage"},"thumbnailUrl":"https:\/\/cs-resource.com\/wp-content\/uploads\/2024\/02\/Mausempfindlichkeit-Konverter-Rechner-Alle-Spiele.webp","datePublished":"2024-02-03T14:59:04+00:00","dateModified":"2024-02-05T15:34:00+00:00","description":"Avec ce convertisseur\/calculateur, tu peux facilement convertir la sensibilit\u00e9 de ta souris entre diff\u00e9rents jeux.","breadcrumb":{"@id":"https:\/\/cs-resource.com\/mausempfindlichkeit-konverter-rechner\/#breadcrumb"},"inLanguage":"fr-FR","potentialAction":[{"@type":"ReadAction","target":["https:\/\/cs-resource.com\/mausempfindlichkeit-konverter-rechner\/"]}]},{"@type":"ImageObject","inLanguage":"fr-FR","@id":"https:\/\/cs-resource.com\/mausempfindlichkeit-konverter-rechner\/#primaryimage","url":"https:\/\/cs-resource.com\/wp-content\/uploads\/2024\/02\/Mausempfindlichkeit-Konverter-Rechner-Alle-Spiele.webp","contentUrl":"https:\/\/cs-resource.com\/wp-content\/uploads\/2024\/02\/Mausempfindlichkeit-Konverter-Rechner-Alle-Spiele.webp","width":1280,"height":720,"caption":"Mausempfindlichkeit Konverter Rechner - Alle Spiele"},{"@type":"BreadcrumbList","@id":"https:\/\/cs-resource.com\/mausempfindlichkeit-konverter-rechner\/#breadcrumb","itemListElement":[{"@type":"ListItem","position":1,"name":"Startseite","item":"https:\/\/cs-resource.com\/en\/"},{"@type":"ListItem","position":2,"name":"Mausempfindlichkeit Konverter \/ Rechner"}]},{"@type":"WebSite","@id":"https:\/\/cs-resource.com\/de\/#website","url":"https:\/\/cs-resource.com\/de\/","name":"CS-Resource","description":"Tout ce qui concerne Counter-Strike 2","publisher":{"@id":"https:\/\/cs-resource.com\/de\/#organization"},"potentialAction":[{"@type":"SearchAction","target":{"@type":"EntryPoint","urlTemplate":"https:\/\/cs-resource.com\/de\/?s={search_term_string}"},"query-input":{"@type":"PropertyValueSpecification","valueRequired":true,"valueName":"search_term_string"}}],"inLanguage":"fr-FR"},{"@type":"Organization","@id":"https:\/\/cs-resource.com\/de\/#organization","name":"CS-Resource","url":"https:\/\/cs-resource.com\/de\/","logo":{"@type":"ImageObject","inLanguage":"fr-FR","@id":"https:\/\/cs-resource.com\/de\/#\/schema\/logo\/image\/","url":"https:\/\/cs-resource.com\/wp-content\/uploads\/2024\/02\/Logo_Breit_Dunkel.png","contentUrl":"https:\/\/cs-resource.com\/wp-content\/uploads\/2024\/02\/Logo_Breit_Dunkel.png","width":2934,"height":303,"caption":"CS-Resource"},"image":{"@id":"https:\/\/cs-resource.com\/de\/#\/schema\/logo\/image\/"},"sameAs":["https:\/\/x.com\/cs__resource","https:\/\/www.reddit.com\/r\/csresource\/","https:\/\/www.youtube.com\/@CS-Resource"]}]}},"uagb_featured_image_src":{"full":["https:\/\/cs-resource.com\/wp-content\/uploads\/2024\/02\/Mausempfindlichkeit-Konverter-Rechner-Alle-Spiele.webp",1280,720,false],"thumbnail":["https:\/\/cs-resource.com\/wp-content\/uploads\/2024\/02\/Mausempfindlichkeit-Konverter-Rechner-Alle-Spiele-150x150.webp",150,150,true],"medium":["https:\/\/cs-resource.com\/wp-content\/uploads\/2024\/02\/Mausempfindlichkeit-Konverter-Rechner-Alle-Spiele-300x169.webp",300,169,true],"medium_large":["https:\/\/cs-resource.com\/wp-content\/uploads\/2024\/02\/Mausempfindlichkeit-Konverter-Rechner-Alle-Spiele-768x432.webp",768,432,true],"large":["https:\/\/cs-resource.com\/wp-content\/uploads\/2024\/02\/Mausempfindlichkeit-Konverter-Rechner-Alle-Spiele-1024x576.webp",1024,576,true],"1536x1536":["https:\/\/cs-resource.com\/wp-content\/uploads\/2024\/02\/Mausempfindlichkeit-Konverter-Rechner-Alle-Spiele.webp",1280,720,false],"2048x2048":["https:\/\/cs-resource.com\/wp-content\/uploads\/2024\/02\/Mausempfindlichkeit-Konverter-Rechner-Alle-Spiele.webp",1280,720,false],"trp-custom-language-flag":["https:\/\/cs-resource.com\/wp-content\/uploads\/2024\/02\/Mausempfindlichkeit-Konverter-Rechner-Alle-Spiele.webp",18,10,false]},"uagb_author_info":{"display_name":"Dennis","author_link":"https:\/\/cs-resource.com\/fr\/author\/denniskol\/"},"uagb_comment_info":0,"uagb_excerpt":"Mausempfindlichkeit Konverter \/ Rechner Wie du diesen Rechner\/Konvertierer richtig verwendest: Schritt 1:&nbsp;W\u00e4hle das Spiel aus von dem du deine Mausempfindlichkeit [&hellip;]","_links":{"self":[{"href":"https:\/\/cs-resource.com\/fr\/wp-json\/wp\/v2\/pages\/3727","targetHints":{"allow":["GET"]}}],"collection":[{"href":"https:\/\/cs-resource.com\/fr\/wp-json\/wp\/v2\/pages"}],"about":[{"href":"https:\/\/cs-resource.com\/fr\/wp-json\/wp\/v2\/types\/page"}],"author":[{"embeddable":true,"href":"https:\/\/cs-resource.com\/fr\/wp-json\/wp\/v2\/users\/1"}],"replies":[{"embeddable":true,"href":"https:\/\/cs-resource.com\/fr\/wp-json\/wp\/v2\/comments?post=3727"}],"version-history":[{"count":7,"href":"https:\/\/cs-resource.com\/fr\/wp-json\/wp\/v2\/pages\/3727\/revisions"}],"predecessor-version":[{"id":3753,"href":"https:\/\/cs-resource.com\/fr\/wp-json\/wp\/v2\/pages\/3727\/revisions\/3753"}],"wp:featuredmedia":[{"embeddable":true,"href":"https:\/\/cs-resource.com\/fr\/wp-json\/wp\/v2\/media\/3731"}],"wp:attachment":[{"href":"https:\/\/cs-resource.com\/fr\/wp-json\/wp\/v2\/media?parent=3727"}],"curies":[{"name":"wp","href":"https:\/\/api.w.org\/{rel}","templated":true}]}}