{"id":3722,"date":"2024-02-03T15:41:51","date_gmt":"2024-02-03T14:41:51","guid":{"rendered":"https:\/\/cs-resource.com\/?page_id=3722"},"modified":"2024-02-03T15:41:51","modified_gmt":"2024-02-03T14:41:51","slug":"cs2-apex-legends-przelicznik-czulosci-myszy-kalkulator","status":"publish","type":"page","link":"https:\/\/cs-resource.com\/pl\/cs2-apex-legends-mausempfindlichkeit-konverter-rechner\/","title":{"rendered":"CS2 - Konwerter \/ kalkulator czu\u0142o\u015bci myszy Apex Legends"},"content":{"rendered":"<div style=\"height:50px\" aria-hidden=\"true\" class=\"wp-block-spacer\"><\/div>\n\n\n\n<h1 class=\"wp-block-heading has-large-font-size\">CS2 - Konwerter \/ kalkulator czu\u0142o\u015bci myszy Apex Legends<\/h1>\n\n\n\n<div class=\"wp-block-uagb-separator uagb-block-39da271a\"><div class=\"wp-block-uagb-separator__inner\" style=\"--my-background-image:\"><\/div><\/div>\n\n\n\n<div style=\"height:50px\" aria-hidden=\"true\" class=\"wp-block-spacer\"><\/div>\n\n\n\n<div class=\"wp-block-columns is-layout-flex wp-container-core-columns-is-layout-bae2ebf5 wp-block-columns-is-layout-flex\" style=\"margin-top:0;margin-bottom:0;padding-top:0;padding-right:0;padding-bottom:0;padding-left:0\">\n<div class=\"wp-block-column is-layout-flow wp-block-column-is-layout-flow\" style=\"padding-top:0;padding-right:0;padding-bottom:0;padding-left:0\">\n<h2 class=\"wp-block-heading\">Konwertuj Apex na CS2:<\/h2>\n\n\n<div class=\"formbox-wrapper\"><form action=\"https:\/\/cs-resource.com\/pl\/cs2-apex-legends-przelicznik-czulosci-myszy-kalkulator\/\" name=\"formbox\" class=\"formbox formbox-9\" id=\"calculator_9\" data-trp-original-action=\"https:\/\/cs-resource.com\/pl\/cs2-apex-legends-mausempfindlichkeit-konverter-rechner\/\">\n\t\t\t\t\t\t\t\t\t\t\n\t\t\t\t\t\t\t\t\t\t\n\t\t\t\t\t\t\t\t\t\t\n\t\t\t\t\t\t\t\t\t\t\n\t\t\t\t\t\t\t\t\t\t\n\t\t\t\t\t\t\t\t\t\t\n\t\t\t\t\t\t\t\t\t\t\n\t\t\t\t\t\t\t\t\t\t\n\t\t\t\t\t\t\t\t\t\t\n\t\t\t\t\t\t\t\t\t\t\n\t\t\t\t\t\t\t\t\t\t\t\t\t\t\t\t\t\t\t<fieldset class=\"formbox__container is-vertical\"><div class=\"formbox__title\">Twoja czu\u0142o\u015b\u0107 myszy w Apex Legends:<\/div><div class=\"formbox__body\"><div class=\"formbox__field\"><label class=\"formbox__field-lable\" for=\"formbox-field-1\">Twoja czu\u0142o\u015b\u0107 myszy w Apex Legends:<\/label><input type=\"number\" class=\"formbox__field-input\" value=\"\" step=\"0.01\" min=\"0\" required=\"\" placeholder=\"Czu\u0142o\u015b\u0107 myszy (np. 1,3)\" name=\"formbox-field-1\" id=\"formbox-field-1\"><\/div><\/div> <\/fieldset><fieldset class=\"formbox__container is-vertical\"><div class=\"formbox__title\" style=\"box-shadow: none\"><\/div><div class=\"formbox__body\"><div class=\"formbox__btn\"><button class=\"formbox__btn-calc\">Oblicz czu\u0142o\u015b\u0107<\/button><button type=\"reset\" class=\"formbox__btn-reset\">0<\/button><\/div><\/div> <\/fieldset><fieldset class=\"formbox__container has-result is-hidden is-vertical\"><div class=\"formbox__title\">Czu\u0142o\u015b\u0107 myszy w CS2:<\/div><div class=\"formbox__body\"><div class=\"formbox__field is-result\" style=\"box-shadow: none\"><label class=\"formbox__field-lable\" for=\"formbox-field-2\">Czu\u0142o\u015b\u0107 myszy w CS2:<\/label><input type=\"text\" class=\"formbox__field-result\" readonly=\"\" name=\"formbox-field-2\" id=\"formbox-field-2\"><\/div><\/div> <\/fieldset>\t\t\t\t\t\t\t\t\t\t\t\t\t\t\t\t\t\t\t\t\t\t\t\t\t\t\t\t\t\t\t\t\t\t\t\t\t\t\t\t\t\t\t\t\t\t\t\t\t\t\t\t\t\t\t\t\t\t\t\t\t\t\t\t\t\t\t\t\t\t\t\t\t\t\t\t\t\t\t\t\t\t\t\t\t\t\t\t\t\t<input type=\"hidden\" class=\"calc-not-change\"><input type=\"hidden\" name=\"trp-form-language\" value=\"pl\"\/><\/form><\/div>\n<\/div>\n\n\n\n<div class=\"wp-block-column has-ast-global-color-0-background-color has-background uag-hide-tab uag-hide-mob is-layout-flow wp-block-column-is-layout-flow\" style=\"flex-basis:8px\"><\/div>\n\n\n\n<div class=\"wp-block-column is-layout-flow wp-block-column-is-layout-flow\">\n<h2 class=\"wp-block-heading\">Konwertuj CS2 na Apex:<\/h2>\n\n\n<div class=\"formbox-wrapper\"><form action=\"https:\/\/cs-resource.com\/pl\/cs2-apex-legends-przelicznik-czulosci-myszy-kalkulator\/\" name=\"formbox\" class=\"formbox formbox-10\" id=\"calculator_10\" data-trp-original-action=\"https:\/\/cs-resource.com\/pl\/cs2-apex-legends-mausempfindlichkeit-konverter-rechner\/\">\n\t\t\t\t\t\t\t\t\t\t\n\t\t\t\t\t\t\t\t\t\t\n\t\t\t\t\t\t\t\t\t\t\n\t\t\t\t\t\t\t\t\t\t\n\t\t\t\t\t\t\t\t\t\t\n\t\t\t\t\t\t\t\t\t\t\n\t\t\t\t\t\t\t\t\t\t\n\t\t\t\t\t\t\t\t\t\t\n\t\t\t\t\t\t\t\t\t\t\n\t\t\t\t\t\t\t\t\t\t\n\t\t\t\t\t\t\t\t\t\t\n\t\t\t\t\t\t\t\t\t\t\n\t\t\t\t\t\t\t\t\t\t\n\t\t\t\t\t\t\t\t\t\t\n\t\t\t\t\t\t\t\t\t\t\t\t\t\t\t\t\t\t\t<fieldset class=\"formbox__container is-vertical\"><div class=\"formbox__title\">Twoja czu\u0142o\u015b\u0107 myszy w CS2:<\/div><div class=\"formbox__body\"><div class=\"formbox__field\" style=\"box-shadow: none\"><label class=\"formbox__field-lable\" for=\"formbox-field-1\">Twoja czu\u0142o\u015b\u0107 myszy w CS2:<\/label><input type=\"number\" class=\"formbox__field-input\" value=\"\" step=\"0.01\" min=\"0\" required=\"\" placeholder=\"Czu\u0142o\u015b\u0107 myszy (np. 1,3)\" name=\"formbox-field-1\" id=\"formbox-field-1\"><\/div><\/div> <\/fieldset><fieldset class=\"formbox__container is-vertical\"><div class=\"formbox__title\" style=\"box-shadow: none\"><\/div><div class=\"formbox__body\"><div class=\"formbox__btn\"><button class=\"formbox__btn-calc\">Oblicz czu\u0142o\u015b\u0107<\/button><button type=\"reset\" class=\"formbox__btn-reset\">0<\/button><\/div><\/div> <\/fieldset><fieldset class=\"formbox__container has-result is-hidden is-vertical\"><div class=\"formbox__title\">Wra\u017cliwo\u015b\u0107 myszy w Apex Legends:<\/div><div class=\"formbox__body\"><div class=\"formbox__field is-result\"><label class=\"formbox__field-lable\" for=\"formbox-field-2\">Wra\u017cliwo\u015b\u0107 myszy w Apex Legends:<\/label><input type=\"text\" class=\"formbox__field-result\" readonly=\"\" name=\"formbox-field-2\" id=\"formbox-field-2\"><\/div><\/div> <\/fieldset>\t\t\t\t\t\t\t\t\t\t\t\t\t\t\t\t\t\t\t\t\t\t\t\t\t\t\t\t\t\t\t\t\t\t\t\t\t\t\t\t\t\t\t\t\t\t\t\t\t\t\t\t\t\t\t\t\t\t\t\t\t\t\t\t\t\t\t\t\t\t\t\t\t\t\t\t\t\t\t\t\t\t\t\t\t\t\t\t\t\t\t\t\t\t\t\t\t\t\t\t\t\t\t\t\t\t\t\t\t\t\t\t\t\t\t\t\t\t\t\t\t\t\t\t\t\t<input type=\"hidden\" class=\"calc-not-change\"><input type=\"hidden\" name=\"trp-form-language\" value=\"pl\"\/><\/form><\/div>\n<\/div>\n<\/div>\n\n\n\n<div style=\"height:25px\" aria-hidden=\"true\" class=\"wp-block-spacer\"><\/div>\n\n\n\n<div class=\"wp-block-columns has-background is-layout-flex wp-container-core-columns-is-layout-1ec2ec05 wp-block-columns-is-layout-flex\" style=\"border-top-left-radius:0px;border-top-right-radius:10px;border-bottom-left-radius:0px;border-bottom-right-radius:10px;border-left-color:#fcb900;border-left-width:7px;background-color:#fab70033;margin-top:0;margin-bottom:0;padding-top:0;padding-right:0;padding-bottom:0;padding-left:0\">\n<div class=\"wp-block-column is-layout-flow wp-block-column-is-layout-flow\" style=\"padding-top:var(--wp--preset--spacing--40);padding-right:var(--wp--preset--spacing--50);padding-bottom:var(--wp--preset--spacing--40);padding-left:var(--wp--preset--spacing--50)\">\n<p><strong><strong><strong>Jak prawid\u0142owo korzysta\u0107 z tego kalkulatora\/konwertera?<\/strong><\/strong>:<\/strong><\/p>\n\n\n\n<p><strong>Krok 1:<\/strong>\u00a0Wprowad\u017a czu\u0142o\u015b\u0107 myszy Apex\/CS2 w odpowiednim polu.<br><strong>Krok 2:<\/strong>\u00a0Kliknij \"Oblicz czu\u0142o\u015b\u0107\"<br><strong>Krok 3:<\/strong>\u00a0Odczytaj przekonwertowan\u0105 czu\u0142o\u015b\u0107 myszy w dolnym polu<\/p>\n<\/div>\n<\/div>\n\n\n\n<div style=\"height:25px\" aria-hidden=\"true\" class=\"wp-block-spacer\"><\/div>\n\n\n\n<div class=\"wp-block-columns is-layout-flex wp-container-core-columns-is-layout-1ec2ec05 wp-block-columns-is-layout-flex\" style=\"border-left-color:var(--wp--preset--color--ast-global-color-0);border-left-width:7px;margin-top:0;margin-bottom:0;padding-top:0;padding-right:0;padding-bottom:0;padding-left:0\">\n<div class=\"wp-block-column is-layout-flow wp-block-column-is-layout-flow\" style=\"padding-top:var(--wp--preset--spacing--40);padding-right:var(--wp--preset--spacing--50);padding-bottom:var(--wp--preset--spacing--40);padding-left:var(--wp--preset--spacing--50)\">\n<p><strong>Do czego s\u0142u\u017cy konwerter czu\u0142o\u015bci myszy\/komputera?<\/strong><\/p>\n\n\n\n<p>Dzi\u0119ki temu konwerterowi czu\u0142o\u015bci myszy mo\u017cesz \u0142atwo przekonwertowa\u0107 czu\u0142o\u015b\u0107 myszy mi\u0119dzy Apex i CS2. Oznacza to, \u017ce musisz przesun\u0105\u0107 mysz dok\u0142adnie o t\u0119 sam\u0105 odleg\u0142o\u015b\u0107 w obu grach, aby wykona\u0107 pe\u0142ny obr\u00f3t o 360 stopni w grze.<\/p>\n\n\n\n<p>Zalet\u0105 tego rozwi\u0105zania jest to, \u017ce mo\u017cesz zabra\u0107 ze sob\u0105 ci\u0119\u017cko wypracowan\u0105 pami\u0119\u0107 mi\u0119\u015bniow\u0105 do nowej gry i nie musisz przyzwyczaja\u0107 si\u0119 do nowej czu\u0142o\u015bci.<\/p>\n<\/div>\n<\/div>\n\n\n\n<div style=\"height:100px\" aria-hidden=\"true\" class=\"wp-block-spacer\"><\/div>","protected":false},"excerpt":{"rendered":"<p>CS2 &#8211; Apex Legends Mausempfindlichkeit Konverter \/ Rechner Apex zu CS2 Konvertieren: CS2 zu Apex Konvertieren: Wie du diesen Rechner\/Konvertierer [&hellip;]<\/p>\n","protected":false},"author":1,"featured_media":3725,"parent":0,"menu_order":0,"comment_status":"closed","ping_status":"closed","template":"","meta":{"_uag_custom_page_level_css":"","site-sidebar-layout":"default","site-content-layout":"","ast-site-content-layout":"default","site-content-style":"default","site-sidebar-style":"default","ast-global-header-display":"","ast-banner-title-visibility":"","ast-main-header-display":"","ast-hfb-above-header-display":"","ast-hfb-below-header-display":"","ast-hfb-mobile-header-display":"","site-post-title":"disabled","ast-breadcrumbs-content":"","ast-featured-img":"","footer-sml-layout":"","ast-disable-related-posts":"","theme-transparent-header-meta":"","adv-header-id-meta":"","stick-header-meta":"","header-above-stick-meta":"","header-main-stick-meta":"","header-below-stick-meta":"","astra-migrate-meta-layouts":"set","ast-page-background-enabled":"default","ast-page-background-meta":{"desktop":{"background-color":"","background-image":"","background-repeat":"repeat","background-position":"center center","background-size":"auto","background-attachment":"scroll","background-type":"","background-media":"","overlay-type":"","overlay-color":"","overlay-opacity":"","overlay-gradient":""},"tablet":{"background-color":"","background-image":"","background-repeat":"repeat","background-position":"center center","background-size":"auto","background-attachment":"scroll","background-type":"","background-media":"","overlay-type":"","overlay-color":"","overlay-opacity":"","overlay-gradient":""},"mobile":{"background-color":"","background-image":"","background-repeat":"repeat","background-position":"center center","background-size":"auto","background-attachment":"scroll","background-type":"","background-media":"","overlay-type":"","overlay-color":"","overlay-opacity":"","overlay-gradient":""}},"ast-content-background-meta":{"desktop":{"background-color":"var(--ast-global-color-5)","background-image":"","background-repeat":"repeat","background-position":"center center","background-size":"auto","background-attachment":"scroll","background-type":"","background-media":"","overlay-type":"","overlay-color":"","overlay-opacity":"","overlay-gradient":""},"tablet":{"background-color":"var(--ast-global-color-5)","background-image":"","background-repeat":"repeat","background-position":"center center","background-size":"auto","background-attachment":"scroll","background-type":"","background-media":"","overlay-type":"","overlay-color":"","overlay-opacity":"","overlay-gradient":""},"mobile":{"background-color":"var(--ast-global-color-5)","background-image":"","background-repeat":"repeat","background-position":"center center","background-size":"auto","background-attachment":"scroll","background-type":"","background-media":"","overlay-type":"","overlay-color":"","overlay-opacity":"","overlay-gradient":""}},"footnotes":""},"class_list":["post-3722","page","type-page","status-publish","has-post-thumbnail","hentry"],"yoast_head":"<!-- This site is optimized with the Yoast SEO plugin v27.3 - https:\/\/yoast.com\/product\/yoast-seo-wordpress\/ -->\n<title>CS2 - Apex Legends Mausempfindlichkeit Konverter \/ Rechner - CS-Resource<\/title>\n<meta name=\"description\" content=\"Mit diesem Konverter\/Rechner kannst du ganz einfach deine Mausempfindlichkeit zwischen Apex Legends und CS2 konvertieren.\" \/>\n<meta name=\"robots\" content=\"index, follow, max-snippet:-1, max-image-preview:large, max-video-preview:-1\" \/>\n<link rel=\"canonical\" href=\"https:\/\/cs-resource.com\/pl\/cs2-apex-legends-przelicznik-czulosci-myszy-kalkulator\/\" \/>\n<meta property=\"og:locale\" content=\"pl_PL\" \/>\n<meta property=\"og:type\" content=\"article\" \/>\n<meta property=\"og:title\" content=\"CS2 - Apex Legends Mausempfindlichkeit Konverter \/ Rechner - CS-Resource\" \/>\n<meta property=\"og:description\" content=\"Mit diesem Konverter\/Rechner kannst du ganz einfach deine Mausempfindlichkeit zwischen Apex Legends und CS2 konvertieren.\" \/>\n<meta property=\"og:url\" content=\"https:\/\/cs-resource.com\/pl\/cs2-apex-legends-przelicznik-czulosci-myszy-kalkulator\/\" \/>\n<meta property=\"og:site_name\" content=\"CS-Resource\" \/>\n<meta property=\"og:image\" content=\"https:\/\/cs-resource.com\/wp-content\/uploads\/2024\/02\/CS2-Apex-Legends-Konverter-Rechner.webp\" \/>\n\t<meta property=\"og:image:width\" content=\"1280\" \/>\n\t<meta property=\"og:image:height\" content=\"720\" \/>\n\t<meta property=\"og:image:type\" content=\"image\/webp\" \/>\n<meta name=\"twitter:card\" content=\"summary_large_image\" \/>\n<meta name=\"twitter:site\" content=\"@cs__resource\" \/>\n<meta name=\"twitter:label1\" content=\"Szacowany czas czytania\" \/>\n\t<meta name=\"twitter:data1\" content=\"1 minuta\" \/>\n<script type=\"application\/ld+json\" class=\"yoast-schema-graph\">{\"@context\":\"https:\\\/\\\/schema.org\",\"@graph\":[{\"@type\":\"WebPage\",\"@id\":\"https:\\\/\\\/cs-resource.com\\\/cs2-apex-legends-mausempfindlichkeit-konverter-rechner\\\/\",\"url\":\"https:\\\/\\\/cs-resource.com\\\/cs2-apex-legends-mausempfindlichkeit-konverter-rechner\\\/\",\"name\":\"CS2 - Apex Legends Mausempfindlichkeit Konverter \\\/ Rechner - CS-Resource\",\"isPartOf\":{\"@id\":\"https:\\\/\\\/cs-resource.com\\\/de\\\/#website\"},\"primaryImageOfPage\":{\"@id\":\"https:\\\/\\\/cs-resource.com\\\/cs2-apex-legends-mausempfindlichkeit-konverter-rechner\\\/#primaryimage\"},\"image\":{\"@id\":\"https:\\\/\\\/cs-resource.com\\\/cs2-apex-legends-mausempfindlichkeit-konverter-rechner\\\/#primaryimage\"},\"thumbnailUrl\":\"https:\\\/\\\/cs-resource.com\\\/wp-content\\\/uploads\\\/2024\\\/02\\\/CS2-Apex-Legends-Konverter-Rechner.webp\",\"datePublished\":\"2024-02-03T14:41:51+00:00\",\"description\":\"Mit diesem Konverter\\\/Rechner kannst du ganz einfach deine Mausempfindlichkeit zwischen Apex Legends und CS2 konvertieren.\",\"breadcrumb\":{\"@id\":\"https:\\\/\\\/cs-resource.com\\\/cs2-apex-legends-mausempfindlichkeit-konverter-rechner\\\/#breadcrumb\"},\"inLanguage\":\"pl-PL\",\"potentialAction\":[{\"@type\":\"ReadAction\",\"target\":[\"https:\\\/\\\/cs-resource.com\\\/cs2-apex-legends-mausempfindlichkeit-konverter-rechner\\\/\"]}]},{\"@type\":\"ImageObject\",\"inLanguage\":\"pl-PL\",\"@id\":\"https:\\\/\\\/cs-resource.com\\\/cs2-apex-legends-mausempfindlichkeit-konverter-rechner\\\/#primaryimage\",\"url\":\"https:\\\/\\\/cs-resource.com\\\/wp-content\\\/uploads\\\/2024\\\/02\\\/CS2-Apex-Legends-Konverter-Rechner.webp\",\"contentUrl\":\"https:\\\/\\\/cs-resource.com\\\/wp-content\\\/uploads\\\/2024\\\/02\\\/CS2-Apex-Legends-Konverter-Rechner.webp\",\"width\":1280,\"height\":720,\"caption\":\"CS2 - Apex Legends Konverter Rechner\"},{\"@type\":\"BreadcrumbList\",\"@id\":\"https:\\\/\\\/cs-resource.com\\\/cs2-apex-legends-mausempfindlichkeit-konverter-rechner\\\/#breadcrumb\",\"itemListElement\":[{\"@type\":\"ListItem\",\"position\":1,\"name\":\"Startseite\",\"item\":\"https:\\\/\\\/cs-resource.com\\\/en\\\/\"},{\"@type\":\"ListItem\",\"position\":2,\"name\":\"CS2 &#8211; Apex Legends Mausempfindlichkeit Konverter \\\/ Rechner\"}]},{\"@type\":\"WebSite\",\"@id\":\"https:\\\/\\\/cs-resource.com\\\/de\\\/#website\",\"url\":\"https:\\\/\\\/cs-resource.com\\\/de\\\/\",\"name\":\"CS-Resource\",\"description\":\"Alles rund um Counter-Strike 2\",\"publisher\":{\"@id\":\"https:\\\/\\\/cs-resource.com\\\/de\\\/#organization\"},\"potentialAction\":[{\"@type\":\"SearchAction\",\"target\":{\"@type\":\"EntryPoint\",\"urlTemplate\":\"https:\\\/\\\/cs-resource.com\\\/de\\\/?s={search_term_string}\"},\"query-input\":{\"@type\":\"PropertyValueSpecification\",\"valueRequired\":true,\"valueName\":\"search_term_string\"}}],\"inLanguage\":\"pl-PL\"},{\"@type\":\"Organization\",\"@id\":\"https:\\\/\\\/cs-resource.com\\\/de\\\/#organization\",\"name\":\"CS-Resource\",\"url\":\"https:\\\/\\\/cs-resource.com\\\/de\\\/\",\"logo\":{\"@type\":\"ImageObject\",\"inLanguage\":\"pl-PL\",\"@id\":\"https:\\\/\\\/cs-resource.com\\\/de\\\/#\\\/schema\\\/logo\\\/image\\\/\",\"url\":\"https:\\\/\\\/cs-resource.com\\\/wp-content\\\/uploads\\\/2024\\\/02\\\/Logo_Breit_Dunkel.png\",\"contentUrl\":\"https:\\\/\\\/cs-resource.com\\\/wp-content\\\/uploads\\\/2024\\\/02\\\/Logo_Breit_Dunkel.png\",\"width\":2934,\"height\":303,\"caption\":\"CS-Resource\"},\"image\":{\"@id\":\"https:\\\/\\\/cs-resource.com\\\/de\\\/#\\\/schema\\\/logo\\\/image\\\/\"},\"sameAs\":[\"https:\\\/\\\/x.com\\\/cs__resource\",\"https:\\\/\\\/www.reddit.com\\\/r\\\/csresource\\\/\",\"https:\\\/\\\/www.youtube.com\\\/@CS-Resource\"]}]}<\/script>\n<!-- \/ Yoast SEO plugin. -->","yoast_head_json":{"title":"CS2 - Konwerter \/ kalkulator czu\u0142o\u015bci myszy Apex Legends - CS-Resource","description":"Dzi\u0119ki temu konwerterowi\/kalkulatorowi mo\u017cesz \u0142atwo przekonwertowa\u0107 czu\u0142o\u015b\u0107 myszy pomi\u0119dzy Apex Legends i CS2.","robots":{"index":"index","follow":"follow","max-snippet":"max-snippet:-1","max-image-preview":"max-image-preview:large","max-video-preview":"max-video-preview:-1"},"canonical":"https:\/\/cs-resource.com\/pl\/cs2-apex-legends-przelicznik-czulosci-myszy-kalkulator\/","og_locale":"pl_PL","og_type":"article","og_title":"CS2 - Apex Legends Mausempfindlichkeit Konverter \/ Rechner - CS-Resource","og_description":"Mit diesem Konverter\/Rechner kannst du ganz einfach deine Mausempfindlichkeit zwischen Apex Legends und CS2 konvertieren.","og_url":"https:\/\/cs-resource.com\/pl\/cs2-apex-legends-przelicznik-czulosci-myszy-kalkulator\/","og_site_name":"CS-Resource","og_image":[{"width":1280,"height":720,"url":"https:\/\/cs-resource.com\/wp-content\/uploads\/2024\/02\/CS2-Apex-Legends-Konverter-Rechner.webp","type":"image\/webp"}],"twitter_card":"summary_large_image","twitter_site":"@cs__resource","twitter_misc":{"Szacowany czas czytania":"1 minuta"},"schema":{"@context":"https:\/\/schema.org","@graph":[{"@type":"WebPage","@id":"https:\/\/cs-resource.com\/cs2-apex-legends-mausempfindlichkeit-konverter-rechner\/","url":"https:\/\/cs-resource.com\/cs2-apex-legends-mausempfindlichkeit-konverter-rechner\/","name":"CS2 - Konwerter \/ kalkulator czu\u0142o\u015bci myszy Apex Legends - CS-Resource","isPartOf":{"@id":"https:\/\/cs-resource.com\/de\/#website"},"primaryImageOfPage":{"@id":"https:\/\/cs-resource.com\/cs2-apex-legends-mausempfindlichkeit-konverter-rechner\/#primaryimage"},"image":{"@id":"https:\/\/cs-resource.com\/cs2-apex-legends-mausempfindlichkeit-konverter-rechner\/#primaryimage"},"thumbnailUrl":"https:\/\/cs-resource.com\/wp-content\/uploads\/2024\/02\/CS2-Apex-Legends-Konverter-Rechner.webp","datePublished":"2024-02-03T14:41:51+00:00","description":"Dzi\u0119ki temu konwerterowi\/kalkulatorowi mo\u017cesz \u0142atwo przekonwertowa\u0107 czu\u0142o\u015b\u0107 myszy pomi\u0119dzy Apex Legends i CS2.","breadcrumb":{"@id":"https:\/\/cs-resource.com\/cs2-apex-legends-mausempfindlichkeit-konverter-rechner\/#breadcrumb"},"inLanguage":"pl-PL","potentialAction":[{"@type":"ReadAction","target":["https:\/\/cs-resource.com\/cs2-apex-legends-mausempfindlichkeit-konverter-rechner\/"]}]},{"@type":"ImageObject","inLanguage":"pl-PL","@id":"https:\/\/cs-resource.com\/cs2-apex-legends-mausempfindlichkeit-konverter-rechner\/#primaryimage","url":"https:\/\/cs-resource.com\/wp-content\/uploads\/2024\/02\/CS2-Apex-Legends-Konverter-Rechner.webp","contentUrl":"https:\/\/cs-resource.com\/wp-content\/uploads\/2024\/02\/CS2-Apex-Legends-Konverter-Rechner.webp","width":1280,"height":720,"caption":"CS2 - Apex Legends Konverter Rechner"},{"@type":"BreadcrumbList","@id":"https:\/\/cs-resource.com\/cs2-apex-legends-mausempfindlichkeit-konverter-rechner\/#breadcrumb","itemListElement":[{"@type":"ListItem","position":1,"name":"Startseite","item":"https:\/\/cs-resource.com\/en\/"},{"@type":"ListItem","position":2,"name":"CS2 &#8211; Apex Legends Mausempfindlichkeit Konverter \/ Rechner"}]},{"@type":"WebSite","@id":"https:\/\/cs-resource.com\/de\/#website","url":"https:\/\/cs-resource.com\/de\/","name":"CS-Resource","description":"Wszystko o Counter-Strike 2","publisher":{"@id":"https:\/\/cs-resource.com\/de\/#organization"},"potentialAction":[{"@type":"SearchAction","target":{"@type":"EntryPoint","urlTemplate":"https:\/\/cs-resource.com\/de\/?s={search_term_string}"},"query-input":{"@type":"PropertyValueSpecification","valueRequired":true,"valueName":"search_term_string"}}],"inLanguage":"pl-PL"},{"@type":"Organization","@id":"https:\/\/cs-resource.com\/de\/#organization","name":"CS-Resource","url":"https:\/\/cs-resource.com\/de\/","logo":{"@type":"ImageObject","inLanguage":"pl-PL","@id":"https:\/\/cs-resource.com\/de\/#\/schema\/logo\/image\/","url":"https:\/\/cs-resource.com\/wp-content\/uploads\/2024\/02\/Logo_Breit_Dunkel.png","contentUrl":"https:\/\/cs-resource.com\/wp-content\/uploads\/2024\/02\/Logo_Breit_Dunkel.png","width":2934,"height":303,"caption":"CS-Resource"},"image":{"@id":"https:\/\/cs-resource.com\/de\/#\/schema\/logo\/image\/"},"sameAs":["https:\/\/x.com\/cs__resource","https:\/\/www.reddit.com\/r\/csresource\/","https:\/\/www.youtube.com\/@CS-Resource"]}]}},"uagb_featured_image_src":{"full":["https:\/\/cs-resource.com\/wp-content\/uploads\/2024\/02\/CS2-Apex-Legends-Konverter-Rechner.webp",1280,720,false],"thumbnail":["https:\/\/cs-resource.com\/wp-content\/uploads\/2024\/02\/CS2-Apex-Legends-Konverter-Rechner-150x150.webp",150,150,true],"medium":["https:\/\/cs-resource.com\/wp-content\/uploads\/2024\/02\/CS2-Apex-Legends-Konverter-Rechner-300x169.webp",300,169,true],"medium_large":["https:\/\/cs-resource.com\/wp-content\/uploads\/2024\/02\/CS2-Apex-Legends-Konverter-Rechner-768x432.webp",768,432,true],"large":["https:\/\/cs-resource.com\/wp-content\/uploads\/2024\/02\/CS2-Apex-Legends-Konverter-Rechner-1024x576.webp",1024,576,true],"1536x1536":["https:\/\/cs-resource.com\/wp-content\/uploads\/2024\/02\/CS2-Apex-Legends-Konverter-Rechner.webp",1280,720,false],"2048x2048":["https:\/\/cs-resource.com\/wp-content\/uploads\/2024\/02\/CS2-Apex-Legends-Konverter-Rechner.webp",1280,720,false],"trp-custom-language-flag":["https:\/\/cs-resource.com\/wp-content\/uploads\/2024\/02\/CS2-Apex-Legends-Konverter-Rechner.webp",18,10,false]},"uagb_author_info":{"display_name":"Dennis","author_link":"https:\/\/cs-resource.com\/pl\/author\/denniskol\/"},"uagb_comment_info":0,"uagb_excerpt":"CS2 &#8211; Apex Legends Mausempfindlichkeit Konverter \/ Rechner Apex zu CS2 Konvertieren: CS2 zu Apex Konvertieren: Wie du diesen Rechner\/Konvertierer [&hellip;]","_links":{"self":[{"href":"https:\/\/cs-resource.com\/pl\/wp-json\/wp\/v2\/pages\/3722","targetHints":{"allow":["GET"]}}],"collection":[{"href":"https:\/\/cs-resource.com\/pl\/wp-json\/wp\/v2\/pages"}],"about":[{"href":"https:\/\/cs-resource.com\/pl\/wp-json\/wp\/v2\/types\/page"}],"author":[{"embeddable":true,"href":"https:\/\/cs-resource.com\/pl\/wp-json\/wp\/v2\/users\/1"}],"replies":[{"embeddable":true,"href":"https:\/\/cs-resource.com\/pl\/wp-json\/wp\/v2\/comments?post=3722"}],"version-history":[{"count":2,"href":"https:\/\/cs-resource.com\/pl\/wp-json\/wp\/v2\/pages\/3722\/revisions"}],"predecessor-version":[{"id":3724,"href":"https:\/\/cs-resource.com\/pl\/wp-json\/wp\/v2\/pages\/3722\/revisions\/3724"}],"wp:featuredmedia":[{"embeddable":true,"href":"https:\/\/cs-resource.com\/pl\/wp-json\/wp\/v2\/media\/3725"}],"wp:attachment":[{"href":"https:\/\/cs-resource.com\/pl\/wp-json\/wp\/v2\/media?parent=3722"}],"curies":[{"name":"wp","href":"https:\/\/api.w.org\/{rel}","templated":true}]}}