{"id":3616,"date":"2024-02-03T11:11:12","date_gmt":"2024-02-03T10:11:12","guid":{"rendered":"https:\/\/cs-resource.com\/?page_id=3616"},"modified":"2024-02-06T14:37:19","modified_gmt":"2024-02-06T13:37:19","slug":"edpi-raeknare","status":"publish","type":"page","link":"https:\/\/cs-resource.com\/sv\/edpi-rechner\/","title":{"rendered":"eDPI-kalkylator"},"content":{"rendered":"<div style=\"height:50px\" aria-hidden=\"true\" class=\"wp-block-spacer\"><\/div>\n\n\n\n<h1 class=\"wp-block-heading has-large-font-size\">eDPI-kalkylator<\/h1>\n\n\n\n<div class=\"wp-block-uagb-separator uagb-block-39da271a\"><div class=\"wp-block-uagb-separator__inner\" style=\"--my-background-image:\"><\/div><\/div>\n\n\n<div class=\"formbox-wrapper\"><form action=\"https:\/\/cs-resource.com\/sv\/edpi-raeknare\/\" name=\"formbox\" class=\"formbox formbox-2\" id=\"calculator_2\" data-trp-original-action=\"https:\/\/cs-resource.com\/sv\/edpi-rechner\/\">\n\t\t\t\t\t\t\t\t\t\t\n\t\t\t\t\t\t\t\t\t\t\n\t\t\t\t\t\t\t\t\t\t\n\t\t\t\t\t\t\t\t\t\t\n\t\t\t\t\t\t\t\t\t\t\n\t\t\t\t\t\t\t\t\t\t\n\t\t\t\t\t\t\t\t\t\t\t\t\t\t\t\t\t\t\t<fieldset class=\"formbox__container is-vertical\"><div class=\"formbox__title\" style=\"box-shadow: none\">Typ av musk\u00e4nslighet:<\/div><div class=\"formbox__body\"><div class=\"formbox__field\" style=\"box-shadow: none\"><label class=\"formbox__field-lable\" for=\"formbox-field-1\">Typ av musk\u00e4nslighet:<\/label><select class=\"formbox__field-select\" name=\"formbox-field-1\" id=\"formbox-field-1\"><option value=\"1\">Nummer (t.ex. CS2, CS:GO, Valorant)<\/option><option value=\"2\">Procent (t.ex. Fortnite)<\/option><\/select><\/div><\/div> <\/fieldset><fieldset class=\"formbox__container is-vertical\"><div class=\"formbox__title\" style=\"box-shadow: none\">Din musk\u00e4nslighet i spelet:<\/div><div class=\"formbox__body\"><div class=\"formbox__field\" style=\"box-shadow: none\"><label class=\"formbox__field-lable\" for=\"formbox-field-2\">Din musk\u00e4nslighet i spelet:<\/label><input type=\"number\" class=\"formbox__field-input\" value=\"\" step=\"0.01\" min=\"0\" required=\"\" placeholder=\"Musens k\u00e4nslighet\" name=\"formbox-field-2\" id=\"formbox-field-2\"><\/div><\/div> <\/fieldset><fieldset class=\"formbox__container is-vertical\"><div class=\"formbox__title\">DPI f\u00f6r din mus:<\/div><div class=\"formbox__body\"><div class=\"formbox__field\" style=\"box-shadow: none\"><label class=\"formbox__field-lable\" for=\"formbox-field-3\">DPI f\u00f6r din mus:<\/label><input type=\"number\" class=\"formbox__field-input\" value=\"\" step=\"1\" min=\"0\" required=\"\" placeholder=\"DPI\" name=\"formbox-field-3\" id=\"formbox-field-3\"><\/div><\/div> <\/fieldset><fieldset class=\"formbox__container is-vertical\"><div class=\"formbox__title\" style=\"box-shadow: none\"><\/div><div class=\"formbox__body\"><div class=\"formbox__btn\"><button class=\"formbox__btn-calc\">Ber\u00e4kna eDPI<\/button><button type=\"reset\" class=\"formbox__btn-reset\">0<\/button><\/div><\/div> <\/fieldset><fieldset class=\"formbox__container has-result is-hidden is-vertical\"><div class=\"formbox__title\" style=\"box-shadow: none\">Din eDPI:<\/div><div class=\"formbox__body\"><div class=\"formbox__field is-result\" style=\"box-shadow: none\"><label class=\"formbox__field-lable\" for=\"formbox-field-4\">Din eDPI:<\/label><input type=\"text\" class=\"formbox__field-result\" readonly=\"\" name=\"formbox-field-4\" id=\"formbox-field-4\"><\/div><\/div> <\/fieldset>\t\t\t\t\t\t\t\t\t\t\t\t\t\t\t\t\t\t\t\t\t\t\t\t\t\t\t\t\t\t\t\t\t\t\t\t\t\t\t\t\t\t\t\t\t\t\t\t\t\t\t\t\t\t<input type=\"hidden\" class=\"calc-not-change\"><input type=\"hidden\" name=\"trp-form-language\" value=\"sv\"\/><\/form><\/div>\n\n\n\n<div style=\"height:15px\" aria-hidden=\"true\" class=\"wp-block-spacer\"><\/div>\n\n\n\n<div class=\"wp-block-columns has-background is-layout-flex wp-container-core-columns-is-layout-1ec2ec05 wp-block-columns-is-layout-flex\" style=\"border-top-left-radius:0px;border-top-right-radius:10px;border-bottom-left-radius:0px;border-bottom-right-radius:10px;border-left-color:#fcb900;border-left-width:7px;background-color:#fab70033;margin-top:0;margin-bottom:0;padding-top:0;padding-right:0;padding-bottom:0;padding-left:0\">\n<div class=\"wp-block-column is-layout-flow wp-block-column-is-layout-flow\" style=\"padding-top:var(--wp--preset--spacing--40);padding-right:var(--wp--preset--spacing--50);padding-bottom:var(--wp--preset--spacing--40);padding-left:var(--wp--preset--spacing--50)\">\n<p><strong><strong>S\u00e5 h\u00e4r anv\u00e4nder du r\u00e4knaren p\u00e5 r\u00e4tt s\u00e4tt<\/strong><\/strong>:<\/p>\n\n\n\n<p><strong>Steg 1:<\/strong> V\u00e4lj typ av musk\u00e4nslighet<br><strong>Steg 2:<\/strong> Ange din musk\u00e4nslighet i det angivna f\u00e4ltet<br><strong>Steg 3:<\/strong> Ange DPI f\u00f6r din mus i det angivna f\u00e4ltet<br><strong>Steg 4:<\/strong> Klicka p\u00e5 \"Ber\u00e4kna eDPI\"<\/p>\n<\/div>\n<\/div>\n\n\n\n<div style=\"height:25px\" aria-hidden=\"true\" class=\"wp-block-spacer\"><\/div>\n\n\n\n<div class=\"wp-block-columns is-layout-flex wp-container-core-columns-is-layout-1ec2ec05 wp-block-columns-is-layout-flex\" style=\"border-left-color:var(--wp--preset--color--ast-global-color-0);border-left-width:7px;margin-top:0;margin-bottom:0;padding-top:0;padding-right:0;padding-bottom:0;padding-left:0\">\n<div class=\"wp-block-column is-layout-flow wp-block-column-is-layout-flow\" style=\"padding-top:var(--wp--preset--spacing--40);padding-right:var(--wp--preset--spacing--50);padding-bottom:var(--wp--preset--spacing--40);padding-left:var(--wp--preset--spacing--50)\">\n<p><strong>Vad \u00e4r eDPI?<\/strong><\/p>\n\n\n\n<p>eDPI st\u00e5r f\u00f6r \"Effective Dots Per-inch\" och \u00e4r en formel f\u00f6r att ber\u00e4kna den effektiva musk\u00e4nsligheten. Den stora f\u00f6rdelen med eDPI \u00e4r att den \u00e4r oberoende av h\u00e5rd- och mjukvara. Formeln \u00e4r: DPI * musk\u00e4nslighet i spelet<br><br>Ist\u00e4llet f\u00f6r att j\u00e4mf\u00f6ra tv\u00e5 separata siffror (DPI och musk\u00e4nslighet) r\u00e4cker det med att j\u00e4mf\u00f6ra dessa efter att ha ber\u00e4knat eDPI. Ju h\u00f6gre eDPI, desto snabbare \u00e4r den effektiva mushastigheten och ju l\u00e4gre eDPI, desto l\u00e5ngsammare \u00e4r hastigheten.<\/p>\n<\/div>\n<\/div>\n\n\n\n<div style=\"height:25px\" aria-hidden=\"true\" class=\"wp-block-spacer\"><\/div>\n\n\n\n<div class=\"wp-block-columns is-layout-flex wp-container-core-columns-is-layout-1ec2ec05 wp-block-columns-is-layout-flex\" style=\"border-left-color:var(--wp--preset--color--ast-global-color-0);border-left-width:7px;margin-top:0;margin-bottom:0;padding-top:0;padding-right:0;padding-bottom:0;padding-left:0\">\n<div class=\"wp-block-column is-layout-flow wp-block-column-is-layout-flow\" style=\"padding-top:var(--wp--preset--spacing--40);padding-right:var(--wp--preset--spacing--50);padding-bottom:var(--wp--preset--spacing--40);padding-left:var(--wp--preset--spacing--50)\">\n<p><strong><strong>Vad beh\u00f6vs eDPI f\u00f6r?<\/strong><\/strong><\/p>\n\n\n\n<p>eDPI anv\u00e4nds f\u00f6r att enkelt j\u00e4mf\u00f6ra musk\u00e4nsligheten f\u00f6r olika inst\u00e4llningar i samma spel.<br><br>Observera dock att din eDPI varierar fr\u00e5n spel till spel. eDPI \u00e4r endast avsett f\u00f6r att j\u00e4mf\u00f6ra den effektiva musk\u00e4nsligheten med andra personer i samma spel. Om du vill j\u00e4mf\u00f6ra musk\u00e4nsligheten f\u00f6r ett annat spel m\u00e5ste du r\u00e4kna om eDPI eller konvertera din musk\u00e4nslighet fr\u00e5n ett spel till ett annat.<\/p>\n<\/div>\n<\/div>\n\n\n\n<div style=\"height:50px\" aria-hidden=\"true\" class=\"wp-block-spacer\"><\/div>","protected":false},"excerpt":{"rendered":"<p>eDPI Rechner Wie du diesen Rechner richtig verwendest: Schritt 1: W\u00e4hle die Art der Mausempfindlichkeit ausSchritt 2: Trage deine Mausempfindlichkeit [&hellip;]<\/p>\n","protected":false},"author":1,"featured_media":3645,"parent":0,"menu_order":0,"comment_status":"closed","ping_status":"closed","template":"","meta":{"_uag_custom_page_level_css":"","site-sidebar-layout":"default","site-content-layout":"","ast-site-content-layout":"default","site-content-style":"default","site-sidebar-style":"default","ast-global-header-display":"","ast-banner-title-visibility":"","ast-main-header-display":"","ast-hfb-above-header-display":"","ast-hfb-below-header-display":"","ast-hfb-mobile-header-display":"","site-post-title":"disabled","ast-breadcrumbs-content":"","ast-featured-img":"","footer-sml-layout":"","ast-disable-related-posts":"","theme-transparent-header-meta":"","adv-header-id-meta":"","stick-header-meta":"","header-above-stick-meta":"","header-main-stick-meta":"","header-below-stick-meta":"","astra-migrate-meta-layouts":"set","ast-page-background-enabled":"default","ast-page-background-meta":{"desktop":{"background-color":"","background-image":"","background-repeat":"repeat","background-position":"center center","background-size":"auto","background-attachment":"scroll","background-type":"","background-media":"","overlay-type":"","overlay-color":"","overlay-opacity":"","overlay-gradient":""},"tablet":{"background-color":"","background-image":"","background-repeat":"repeat","background-position":"center center","background-size":"auto","background-attachment":"scroll","background-type":"","background-media":"","overlay-type":"","overlay-color":"","overlay-opacity":"","overlay-gradient":""},"mobile":{"background-color":"","background-image":"","background-repeat":"repeat","background-position":"center center","background-size":"auto","background-attachment":"scroll","background-type":"","background-media":"","overlay-type":"","overlay-color":"","overlay-opacity":"","overlay-gradient":""}},"ast-content-background-meta":{"desktop":{"background-color":"var(--ast-global-color-5)","background-image":"","background-repeat":"repeat","background-position":"center center","background-size":"auto","background-attachment":"scroll","background-type":"","background-media":"","overlay-type":"","overlay-color":"","overlay-opacity":"","overlay-gradient":""},"tablet":{"background-color":"var(--ast-global-color-5)","background-image":"","background-repeat":"repeat","background-position":"center center","background-size":"auto","background-attachment":"scroll","background-type":"","background-media":"","overlay-type":"","overlay-color":"","overlay-opacity":"","overlay-gradient":""},"mobile":{"background-color":"var(--ast-global-color-5)","background-image":"","background-repeat":"repeat","background-position":"center center","background-size":"auto","background-attachment":"scroll","background-type":"","background-media":"","overlay-type":"","overlay-color":"","overlay-opacity":"","overlay-gradient":""}},"footnotes":""},"class_list":["post-3616","page","type-page","status-publish","has-post-thumbnail","hentry"],"yoast_head":"<!-- This site is optimized with the Yoast SEO plugin v27.3 - https:\/\/yoast.com\/product\/yoast-seo-wordpress\/ -->\n<title>eDPI Rechner - CS-Resource<\/title>\n<meta name=\"description\" content=\"Mit diesem Rechner kann die eDPI berechnet werden. Sie dient dazu, die Mausempfindlichkeit unterschiedlicher Setups zu vergleichen.\" \/>\n<meta name=\"robots\" content=\"index, follow, max-snippet:-1, max-image-preview:large, max-video-preview:-1\" \/>\n<link rel=\"canonical\" href=\"https:\/\/cs-resource.com\/sv\/edpi-raeknare\/\" \/>\n<meta property=\"og:locale\" content=\"sv_SE\" \/>\n<meta property=\"og:type\" content=\"article\" \/>\n<meta property=\"og:title\" content=\"eDPI Rechner - CS-Resource\" \/>\n<meta property=\"og:description\" content=\"Mit diesem Rechner kann die eDPI berechnet werden. Sie dient dazu, die Mausempfindlichkeit unterschiedlicher Setups zu vergleichen.\" \/>\n<meta property=\"og:url\" content=\"https:\/\/cs-resource.com\/sv\/edpi-raeknare\/\" \/>\n<meta property=\"og:site_name\" content=\"CS-Resource\" \/>\n<meta property=\"article:modified_time\" content=\"2024-02-06T13:37:19+00:00\" \/>\n<meta property=\"og:image\" content=\"https:\/\/cs-resource.com\/wp-content\/uploads\/2024\/02\/eDPI-Rechner-Alle-Spiele.webp\" \/>\n\t<meta property=\"og:image:width\" content=\"1280\" \/>\n\t<meta property=\"og:image:height\" content=\"720\" \/>\n\t<meta property=\"og:image:type\" content=\"image\/webp\" \/>\n<meta name=\"twitter:card\" content=\"summary_large_image\" \/>\n<meta name=\"twitter:site\" content=\"@cs__resource\" \/>\n<meta name=\"twitter:label1\" content=\"Ber\u00e4knad l\u00e4stid\" \/>\n\t<meta name=\"twitter:data1\" content=\"1 minut\" \/>\n<script type=\"application\/ld+json\" class=\"yoast-schema-graph\">{\"@context\":\"https:\\\/\\\/schema.org\",\"@graph\":[{\"@type\":\"WebPage\",\"@id\":\"https:\\\/\\\/cs-resource.com\\\/edpi-rechner\\\/\",\"url\":\"https:\\\/\\\/cs-resource.com\\\/edpi-rechner\\\/\",\"name\":\"eDPI Rechner - CS-Resource\",\"isPartOf\":{\"@id\":\"https:\\\/\\\/cs-resource.com\\\/de\\\/#website\"},\"primaryImageOfPage\":{\"@id\":\"https:\\\/\\\/cs-resource.com\\\/edpi-rechner\\\/#primaryimage\"},\"image\":{\"@id\":\"https:\\\/\\\/cs-resource.com\\\/edpi-rechner\\\/#primaryimage\"},\"thumbnailUrl\":\"https:\\\/\\\/cs-resource.com\\\/wp-content\\\/uploads\\\/2024\\\/02\\\/eDPI-Rechner-Alle-Spiele.webp\",\"datePublished\":\"2024-02-03T10:11:12+00:00\",\"dateModified\":\"2024-02-06T13:37:19+00:00\",\"description\":\"Mit diesem Rechner kann die eDPI berechnet werden. Sie dient dazu, die Mausempfindlichkeit unterschiedlicher Setups zu vergleichen.\",\"breadcrumb\":{\"@id\":\"https:\\\/\\\/cs-resource.com\\\/edpi-rechner\\\/#breadcrumb\"},\"inLanguage\":\"sv-SE\",\"potentialAction\":[{\"@type\":\"ReadAction\",\"target\":[\"https:\\\/\\\/cs-resource.com\\\/edpi-rechner\\\/\"]}]},{\"@type\":\"ImageObject\",\"inLanguage\":\"sv-SE\",\"@id\":\"https:\\\/\\\/cs-resource.com\\\/edpi-rechner\\\/#primaryimage\",\"url\":\"https:\\\/\\\/cs-resource.com\\\/wp-content\\\/uploads\\\/2024\\\/02\\\/eDPI-Rechner-Alle-Spiele.webp\",\"contentUrl\":\"https:\\\/\\\/cs-resource.com\\\/wp-content\\\/uploads\\\/2024\\\/02\\\/eDPI-Rechner-Alle-Spiele.webp\",\"width\":1280,\"height\":720,\"caption\":\"eDPI Rechner - Alle Spiele\"},{\"@type\":\"BreadcrumbList\",\"@id\":\"https:\\\/\\\/cs-resource.com\\\/edpi-rechner\\\/#breadcrumb\",\"itemListElement\":[{\"@type\":\"ListItem\",\"position\":1,\"name\":\"Startseite\",\"item\":\"https:\\\/\\\/cs-resource.com\\\/en\\\/\"},{\"@type\":\"ListItem\",\"position\":2,\"name\":\"eDPI Rechner\"}]},{\"@type\":\"WebSite\",\"@id\":\"https:\\\/\\\/cs-resource.com\\\/de\\\/#website\",\"url\":\"https:\\\/\\\/cs-resource.com\\\/de\\\/\",\"name\":\"CS-Resource\",\"description\":\"Alles rund um Counter-Strike 2\",\"publisher\":{\"@id\":\"https:\\\/\\\/cs-resource.com\\\/de\\\/#organization\"},\"potentialAction\":[{\"@type\":\"SearchAction\",\"target\":{\"@type\":\"EntryPoint\",\"urlTemplate\":\"https:\\\/\\\/cs-resource.com\\\/de\\\/?s={search_term_string}\"},\"query-input\":{\"@type\":\"PropertyValueSpecification\",\"valueRequired\":true,\"valueName\":\"search_term_string\"}}],\"inLanguage\":\"sv-SE\"},{\"@type\":\"Organization\",\"@id\":\"https:\\\/\\\/cs-resource.com\\\/de\\\/#organization\",\"name\":\"CS-Resource\",\"url\":\"https:\\\/\\\/cs-resource.com\\\/de\\\/\",\"logo\":{\"@type\":\"ImageObject\",\"inLanguage\":\"sv-SE\",\"@id\":\"https:\\\/\\\/cs-resource.com\\\/de\\\/#\\\/schema\\\/logo\\\/image\\\/\",\"url\":\"https:\\\/\\\/cs-resource.com\\\/wp-content\\\/uploads\\\/2024\\\/02\\\/Logo_Breit_Dunkel.png\",\"contentUrl\":\"https:\\\/\\\/cs-resource.com\\\/wp-content\\\/uploads\\\/2024\\\/02\\\/Logo_Breit_Dunkel.png\",\"width\":2934,\"height\":303,\"caption\":\"CS-Resource\"},\"image\":{\"@id\":\"https:\\\/\\\/cs-resource.com\\\/de\\\/#\\\/schema\\\/logo\\\/image\\\/\"},\"sameAs\":[\"https:\\\/\\\/x.com\\\/cs__resource\",\"https:\\\/\\\/www.reddit.com\\\/r\\\/csresource\\\/\",\"https:\\\/\\\/www.youtube.com\\\/@CS-Resource\"]}]}<\/script>\n<!-- \/ Yoast SEO plugin. -->","yoast_head_json":{"title":"Kalkylator f\u00f6r eDPI - CS-Resource","description":"Denna kalkylator kan anv\u00e4ndas f\u00f6r att ber\u00e4kna eDPI. Den anv\u00e4nds f\u00f6r att j\u00e4mf\u00f6ra musk\u00e4nsligheten i olika inst\u00e4llningar.","robots":{"index":"index","follow":"follow","max-snippet":"max-snippet:-1","max-image-preview":"max-image-preview:large","max-video-preview":"max-video-preview:-1"},"canonical":"https:\/\/cs-resource.com\/sv\/edpi-raeknare\/","og_locale":"sv_SE","og_type":"article","og_title":"eDPI Rechner - CS-Resource","og_description":"Mit diesem Rechner kann die eDPI berechnet werden. Sie dient dazu, die Mausempfindlichkeit unterschiedlicher Setups zu vergleichen.","og_url":"https:\/\/cs-resource.com\/sv\/edpi-raeknare\/","og_site_name":"CS-Resource","article_modified_time":"2024-02-06T13:37:19+00:00","og_image":[{"width":1280,"height":720,"url":"https:\/\/cs-resource.com\/wp-content\/uploads\/2024\/02\/eDPI-Rechner-Alle-Spiele.webp","type":"image\/webp"}],"twitter_card":"summary_large_image","twitter_site":"@cs__resource","twitter_misc":{"Ber\u00e4knad l\u00e4stid":"1 minut"},"schema":{"@context":"https:\/\/schema.org","@graph":[{"@type":"WebPage","@id":"https:\/\/cs-resource.com\/edpi-rechner\/","url":"https:\/\/cs-resource.com\/edpi-rechner\/","name":"Kalkylator f\u00f6r eDPI - CS-Resource","isPartOf":{"@id":"https:\/\/cs-resource.com\/de\/#website"},"primaryImageOfPage":{"@id":"https:\/\/cs-resource.com\/edpi-rechner\/#primaryimage"},"image":{"@id":"https:\/\/cs-resource.com\/edpi-rechner\/#primaryimage"},"thumbnailUrl":"https:\/\/cs-resource.com\/wp-content\/uploads\/2024\/02\/eDPI-Rechner-Alle-Spiele.webp","datePublished":"2024-02-03T10:11:12+00:00","dateModified":"2024-02-06T13:37:19+00:00","description":"Denna kalkylator kan anv\u00e4ndas f\u00f6r att ber\u00e4kna eDPI. Den anv\u00e4nds f\u00f6r att j\u00e4mf\u00f6ra musk\u00e4nsligheten i olika inst\u00e4llningar.","breadcrumb":{"@id":"https:\/\/cs-resource.com\/edpi-rechner\/#breadcrumb"},"inLanguage":"sv-SE","potentialAction":[{"@type":"ReadAction","target":["https:\/\/cs-resource.com\/edpi-rechner\/"]}]},{"@type":"ImageObject","inLanguage":"sv-SE","@id":"https:\/\/cs-resource.com\/edpi-rechner\/#primaryimage","url":"https:\/\/cs-resource.com\/wp-content\/uploads\/2024\/02\/eDPI-Rechner-Alle-Spiele.webp","contentUrl":"https:\/\/cs-resource.com\/wp-content\/uploads\/2024\/02\/eDPI-Rechner-Alle-Spiele.webp","width":1280,"height":720,"caption":"eDPI Rechner - Alle Spiele"},{"@type":"BreadcrumbList","@id":"https:\/\/cs-resource.com\/edpi-rechner\/#breadcrumb","itemListElement":[{"@type":"ListItem","position":1,"name":"Startseite","item":"https:\/\/cs-resource.com\/en\/"},{"@type":"ListItem","position":2,"name":"eDPI Rechner"}]},{"@type":"WebSite","@id":"https:\/\/cs-resource.com\/de\/#website","url":"https:\/\/cs-resource.com\/de\/","name":"CS-Resurs","description":"Allt om Counter-Strike 2","publisher":{"@id":"https:\/\/cs-resource.com\/de\/#organization"},"potentialAction":[{"@type":"SearchAction","target":{"@type":"EntryPoint","urlTemplate":"https:\/\/cs-resource.com\/de\/?s={search_term_string}"},"query-input":{"@type":"PropertyValueSpecification","valueRequired":true,"valueName":"search_term_string"}}],"inLanguage":"sv-SE"},{"@type":"Organization","@id":"https:\/\/cs-resource.com\/de\/#organization","name":"CS-Resurs","url":"https:\/\/cs-resource.com\/de\/","logo":{"@type":"ImageObject","inLanguage":"sv-SE","@id":"https:\/\/cs-resource.com\/de\/#\/schema\/logo\/image\/","url":"https:\/\/cs-resource.com\/wp-content\/uploads\/2024\/02\/Logo_Breit_Dunkel.png","contentUrl":"https:\/\/cs-resource.com\/wp-content\/uploads\/2024\/02\/Logo_Breit_Dunkel.png","width":2934,"height":303,"caption":"CS-Resource"},"image":{"@id":"https:\/\/cs-resource.com\/de\/#\/schema\/logo\/image\/"},"sameAs":["https:\/\/x.com\/cs__resource","https:\/\/www.reddit.com\/r\/csresource\/","https:\/\/www.youtube.com\/@CS-Resource"]}]}},"uagb_featured_image_src":{"full":["https:\/\/cs-resource.com\/wp-content\/uploads\/2024\/02\/eDPI-Rechner-Alle-Spiele.webp",1280,720,false],"thumbnail":["https:\/\/cs-resource.com\/wp-content\/uploads\/2024\/02\/eDPI-Rechner-Alle-Spiele-150x150.webp",150,150,true],"medium":["https:\/\/cs-resource.com\/wp-content\/uploads\/2024\/02\/eDPI-Rechner-Alle-Spiele-300x169.webp",300,169,true],"medium_large":["https:\/\/cs-resource.com\/wp-content\/uploads\/2024\/02\/eDPI-Rechner-Alle-Spiele-768x432.webp",768,432,true],"large":["https:\/\/cs-resource.com\/wp-content\/uploads\/2024\/02\/eDPI-Rechner-Alle-Spiele-1024x576.webp",1024,576,true],"1536x1536":["https:\/\/cs-resource.com\/wp-content\/uploads\/2024\/02\/eDPI-Rechner-Alle-Spiele.webp",1280,720,false],"2048x2048":["https:\/\/cs-resource.com\/wp-content\/uploads\/2024\/02\/eDPI-Rechner-Alle-Spiele.webp",1280,720,false],"trp-custom-language-flag":["https:\/\/cs-resource.com\/wp-content\/uploads\/2024\/02\/eDPI-Rechner-Alle-Spiele.webp",18,10,false]},"uagb_author_info":{"display_name":"Dennis","author_link":"https:\/\/cs-resource.com\/sv\/author\/denniskol\/"},"uagb_comment_info":0,"uagb_excerpt":"eDPI Rechner Wie du diesen Rechner richtig verwendest: Schritt 1: W\u00e4hle die Art der Mausempfindlichkeit ausSchritt 2: Trage deine Mausempfindlichkeit [&hellip;]","_links":{"self":[{"href":"https:\/\/cs-resource.com\/sv\/wp-json\/wp\/v2\/pages\/3616","targetHints":{"allow":["GET"]}}],"collection":[{"href":"https:\/\/cs-resource.com\/sv\/wp-json\/wp\/v2\/pages"}],"about":[{"href":"https:\/\/cs-resource.com\/sv\/wp-json\/wp\/v2\/types\/page"}],"author":[{"embeddable":true,"href":"https:\/\/cs-resource.com\/sv\/wp-json\/wp\/v2\/users\/1"}],"replies":[{"embeddable":true,"href":"https:\/\/cs-resource.com\/sv\/wp-json\/wp\/v2\/comments?post=3616"}],"version-history":[{"count":8,"href":"https:\/\/cs-resource.com\/sv\/wp-json\/wp\/v2\/pages\/3616\/revisions"}],"predecessor-version":[{"id":3819,"href":"https:\/\/cs-resource.com\/sv\/wp-json\/wp\/v2\/pages\/3616\/revisions\/3819"}],"wp:featuredmedia":[{"embeddable":true,"href":"https:\/\/cs-resource.com\/sv\/wp-json\/wp\/v2\/media\/3645"}],"wp:attachment":[{"href":"https:\/\/cs-resource.com\/sv\/wp-json\/wp\/v2\/media?parent=3616"}],"curies":[{"name":"wp","href":"https:\/\/api.w.org\/{rel}","templated":true}]}}