{"id":3815,"date":"2024-02-06T14:46:31","date_gmt":"2024-02-06T13:46:31","guid":{"rendered":"https:\/\/cs-resource.com\/?page_id=3815"},"modified":"2024-02-06T14:46:32","modified_gmt":"2024-02-06T13:46:32","slug":"kalkylator-foer-musens-dpi-kaenslighet","status":"publish","type":"page","link":"https:\/\/cs-resource.com\/sv\/dpi-mausempfindlichkeit-rechner\/","title":{"rendered":"DPI - Kalkylator f\u00f6r musk\u00e4nslighet"},"content":{"rendered":"<div style=\"height:50px\" aria-hidden=\"true\" class=\"wp-block-spacer\"><\/div>\n\n\n\n<h1 class=\"wp-block-heading has-large-font-size\">DPI - Kalkylator f\u00f6r musk\u00e4nslighet<\/h1>\n\n\n\n<div class=\"wp-block-uagb-separator uagb-block-39da271a\"><div class=\"wp-block-uagb-separator__inner\" style=\"--my-background-image:\"><\/div><\/div>\n\n\n<div class=\"formbox-wrapper\"><form action=\"https:\/\/cs-resource.com\/sv\/kalkylator-foer-musens-dpi-kaenslighet\/\" name=\"formbox\" class=\"formbox formbox-12\" id=\"calculator_12\" data-trp-original-action=\"https:\/\/cs-resource.com\/sv\/dpi-mausempfindlichkeit-rechner\/\">\n\t\t\t\t\t\t\t\t\t\t\n\t\t\t\t\t\t\t\t\t\t\n\t\t\t\t\t\t\t\t\t\t\n\t\t\t\t\t\t\t\t\t\t\n\t\t\t\t\t\t\t\t\t\t\n\t\t\t\t\t\t\t\t\t\t\n\t\t\t\t\t\t\t\t\t\t\n\t\t\t\t\t\t\t\t\t\t\n\t\t\t\t\t\t\t\t\t\t\n\t\t\t\t\t\t\t\t\t\t\n\t\t\t\t\t\t\t\t\t\t\n\t\t\t\t\t\t\t\t\t\t\n\t\t\t\t\t\t\t\t\t\t\n\t\t\t\t\t\t\t\t\t\t\n\t\t\t\t\t\t\t\t\t\t\n\t\t\t\t\t\t\t\t\t\t\n\t\t\t\t\t\t\t\t\t\t\n\t\t\t\t\t\t\t\t\t\t\n\t\t\t\t\t\t\t\t\t\t\t\t\t\t\t\t\t\t\t<fieldset class=\"formbox__container is-vertical\"><div class=\"formbox__title\">Nuvarande DPI:<\/div><div class=\"formbox__body\"><div class=\"formbox__field\" style=\"box-shadow: none\"><label class=\"formbox__field-lable\" for=\"formbox-field-1\">Nuvarande DPI:<\/label><input type=\"number\" class=\"formbox__field-input\" value=\"\" step=\"0.01\" min=\"0\" required=\"\" placeholder=\"Aktuell DPI (t.ex. 400)\" name=\"formbox-field-1\" id=\"formbox-field-1\"><\/div><\/div> <\/fieldset><fieldset class=\"formbox__container is-vertical\"><div class=\"formbox__title\">Aktuell musk\u00e4nslighet:<\/div><div class=\"formbox__body\"><div class=\"formbox__field\" style=\"box-shadow: none\"><label class=\"formbox__field-lable\" for=\"formbox-field-2\">Aktuell musk\u00e4nslighet:<\/label><input type=\"number\" class=\"formbox__field-input\" value=\"\" step=\"0.01\" min=\"0\" required=\"\" placeholder=\"Aktuell musk\u00e4nslighet (t.ex. 1,3)\" name=\"formbox-field-2\" id=\"formbox-field-2\"><\/div><\/div> <\/fieldset><fieldset class=\"formbox__container is-vertical\"><div class=\"formbox__title\">Ny DPI:<\/div><div class=\"formbox__body\"><div class=\"formbox__field\" style=\"box-shadow: none\"><label class=\"formbox__field-lable\" for=\"formbox-field-3\">Ny DPI:<\/label><input type=\"number\" class=\"formbox__field-input\" value=\"\" step=\"0.01\" min=\"0\" required=\"\" placeholder=\"Ny DPI (t.ex. 800)\" name=\"formbox-field-3\" id=\"formbox-field-3\"><\/div><\/div> <\/fieldset><fieldset class=\"formbox__container is-vertical\"><div class=\"formbox__title\" style=\"box-shadow: none\"><\/div><div class=\"formbox__body\"><div class=\"formbox__btn\"><button class=\"formbox__btn-calc\">Ber\u00e4kna k\u00e4nslighet<\/button><button type=\"reset\" class=\"formbox__btn-reset\">0<\/button><\/div><\/div> <\/fieldset><fieldset class=\"formbox__container has-result is-hidden is-vertical\"><div class=\"formbox__title\">Ny musk\u00e4nslighet:<\/div><div class=\"formbox__body\"><div class=\"formbox__field is-result\" style=\"box-shadow: none\"><label class=\"formbox__field-lable\" for=\"formbox-field-4\">Ny musk\u00e4nslighet:<\/label><input type=\"text\" class=\"formbox__field-result\" readonly=\"\" name=\"formbox-field-4\" id=\"formbox-field-4\"><\/div><\/div> <\/fieldset>\t\t\t\t\t\t\t\t\t\t\t\t\t\t\t\t\t\t\t\t\t\t\t\t\t\t\t\t\t\t\t\t\t\t\t\t\t\t\t\t\t\t\t\t\t\t\t\t\t\t\t\t\t\t\t\t\t\t\t\t\t\t\t\t\t\t\t\t\t\t\t\t\t\t\t\t\t\t\t\t\t\t\t\t\t\t\t\t\t\t\t\t\t\t\t\t\t\t\t\t\t\t\t\t\t\t\t\t\t\t\t\t\t\t\t\t\t\t\t\t\t\t\t\t\t\t\t\t\t\t\t\t\t\t\t\t\t\t\t\t\t\t\t\t\t\t\t\t\t\t\t\t\t\t\t\t\t\t\t\t\t\t<input type=\"hidden\" class=\"calc-not-change\"><input type=\"hidden\" name=\"trp-form-language\" value=\"sv\"\/><\/form><\/div>\n\n\n\n<div style=\"height:15px\" aria-hidden=\"true\" class=\"wp-block-spacer\"><\/div>\n\n\n\n<div class=\"wp-block-columns has-background is-layout-flex wp-container-core-columns-is-layout-1ec2ec05 wp-block-columns-is-layout-flex\" style=\"border-top-left-radius:0px;border-top-right-radius:10px;border-bottom-left-radius:0px;border-bottom-right-radius:10px;border-left-color:#fcb900;border-left-width:7px;background-color:#fab70033;margin-top:0;margin-bottom:0;padding-top:0;padding-right:0;padding-bottom:0;padding-left:0\">\n<div class=\"wp-block-column is-layout-flow wp-block-column-is-layout-flow\" style=\"padding-top:var(--wp--preset--spacing--40);padding-right:var(--wp--preset--spacing--50);padding-bottom:var(--wp--preset--spacing--40);padding-left:var(--wp--preset--spacing--50)\">\n<p><strong><strong>S\u00e5 h\u00e4r anv\u00e4nder du r\u00e4knaren p\u00e5 r\u00e4tt s\u00e4tt<\/strong><\/strong>:<\/p>\n\n\n\n<p><strong>Steg 1:<\/strong> Ange ditt aktuella DPI i det angivna f\u00e4ltet<br><strong>Steg 2:<\/strong> Ange din aktuella musk\u00e4nslighet i det angivna f\u00e4ltet<br><strong>Steg 3:<\/strong> Ange \u00f6nskad ny DPI i det angivna f\u00e4ltet<br><strong>Steg 4:<\/strong> Klicka p\u00e5 \"Ber\u00e4kna k\u00e4nslighet\"<br><strong>Steg 5:<\/strong> L\u00e4s din nya musk\u00e4nslighet<\/p>\n<\/div>\n<\/div>\n\n\n\n<div style=\"height:25px\" aria-hidden=\"true\" class=\"wp-block-spacer\"><\/div>\n\n\n\n<div class=\"wp-block-columns is-layout-flex wp-container-core-columns-is-layout-1ec2ec05 wp-block-columns-is-layout-flex\" style=\"border-left-color:var(--wp--preset--color--ast-global-color-0);border-left-width:7px;margin-top:0;margin-bottom:0;padding-top:0;padding-right:0;padding-bottom:0;padding-left:0\">\n<div class=\"wp-block-column is-layout-flow wp-block-column-is-layout-flow\" style=\"padding-top:var(--wp--preset--spacing--40);padding-right:var(--wp--preset--spacing--50);padding-bottom:var(--wp--preset--spacing--40);padding-left:var(--wp--preset--spacing--50)\">\n<p><strong>Vad beh\u00f6vs datorn till?<\/strong><\/p>\n\n\n\n<p>Med den h\u00e4r kalkylatorn kan du \u00e4ndra din DPI utan att \u00e4ndra din faktiska musk\u00e4nslighet. Om du till exempel skaffar en ny mus eller bara vill \u00e4ndra DPI kan du anv\u00e4nda den h\u00e4r kalkylatorn f\u00f6r att se till att du kan justera musk\u00e4nsligheten efter att du har \u00e4ndrat DPI s\u00e5 att du fortfarande har samma effektiva k\u00e4nslighet i slut\u00e4ndan. Detta \u00e4r s\u00e4rskilt viktigt s\u00e5 att du inte f\u00f6rlorar ditt h\u00e5rt f\u00f6rv\u00e4rvade muskelminne och kan forts\u00e4tta att bygga vidare p\u00e5 det.<\/p>\n<\/div>\n<\/div>\n\n\n\n<div style=\"height:50px\" aria-hidden=\"true\" class=\"wp-block-spacer\"><\/div>","protected":false},"excerpt":{"rendered":"<p>DPI &#8211; Mausempfindlichkeit Rechner Wie du diesen Rechner richtig verwendest: Schritt 1: Trage deine aktuelle DPI in das daf\u00fcr vorgesehene [&hellip;]<\/p>\n","protected":false},"author":1,"featured_media":3821,"parent":0,"menu_order":0,"comment_status":"closed","ping_status":"closed","template":"","meta":{"_uag_custom_page_level_css":"","site-sidebar-layout":"default","site-content-layout":"","ast-site-content-layout":"default","site-content-style":"default","site-sidebar-style":"default","ast-global-header-display":"","ast-banner-title-visibility":"","ast-main-header-display":"","ast-hfb-above-header-display":"","ast-hfb-below-header-display":"","ast-hfb-mobile-header-display":"","site-post-title":"disabled","ast-breadcrumbs-content":"","ast-featured-img":"","footer-sml-layout":"","ast-disable-related-posts":"","theme-transparent-header-meta":"","adv-header-id-meta":"","stick-header-meta":"","header-above-stick-meta":"","header-main-stick-meta":"","header-below-stick-meta":"","astra-migrate-meta-layouts":"set","ast-page-background-enabled":"default","ast-page-background-meta":{"desktop":{"background-color":"","background-image":"","background-repeat":"repeat","background-position":"center center","background-size":"auto","background-attachment":"scroll","background-type":"","background-media":"","overlay-type":"","overlay-color":"","overlay-opacity":"","overlay-gradient":""},"tablet":{"background-color":"","background-image":"","background-repeat":"repeat","background-position":"center center","background-size":"auto","background-attachment":"scroll","background-type":"","background-media":"","overlay-type":"","overlay-color":"","overlay-opacity":"","overlay-gradient":""},"mobile":{"background-color":"","background-image":"","background-repeat":"repeat","background-position":"center center","background-size":"auto","background-attachment":"scroll","background-type":"","background-media":"","overlay-type":"","overlay-color":"","overlay-opacity":"","overlay-gradient":""}},"ast-content-background-meta":{"desktop":{"background-color":"var(--ast-global-color-5)","background-image":"","background-repeat":"repeat","background-position":"center center","background-size":"auto","background-attachment":"scroll","background-type":"","background-media":"","overlay-type":"","overlay-color":"","overlay-opacity":"","overlay-gradient":""},"tablet":{"background-color":"var(--ast-global-color-5)","background-image":"","background-repeat":"repeat","background-position":"center center","background-size":"auto","background-attachment":"scroll","background-type":"","background-media":"","overlay-type":"","overlay-color":"","overlay-opacity":"","overlay-gradient":""},"mobile":{"background-color":"var(--ast-global-color-5)","background-image":"","background-repeat":"repeat","background-position":"center center","background-size":"auto","background-attachment":"scroll","background-type":"","background-media":"","overlay-type":"","overlay-color":"","overlay-opacity":"","overlay-gradient":""}},"footnotes":""},"class_list":["post-3815","page","type-page","status-publish","has-post-thumbnail","hentry"],"yoast_head":"<!-- This site is optimized with the Yoast SEO plugin v27.3 - https:\/\/yoast.com\/product\/yoast-seo-wordpress\/ -->\n<title>DPI - Mausempfindlichkeit Rechner - CS-Resource<\/title>\n<meta name=\"description\" content=\"Mit diesem Rechner kann die DPI und Mausempfindlichkeit umgerechnet werden. Die DPI kann ver\u00e4ndert werden, aber die Empfindlichkeit bleibt gleich.\" \/>\n<meta name=\"robots\" content=\"index, follow, max-snippet:-1, max-image-preview:large, max-video-preview:-1\" \/>\n<link rel=\"canonical\" href=\"https:\/\/cs-resource.com\/sv\/kalkylator-foer-musens-dpi-kaenslighet\/\" \/>\n<meta property=\"og:locale\" content=\"sv_SE\" \/>\n<meta property=\"og:type\" content=\"article\" \/>\n<meta property=\"og:title\" content=\"DPI - Mausempfindlichkeit Rechner - CS-Resource\" \/>\n<meta property=\"og:description\" content=\"Mit diesem Rechner kann die DPI und Mausempfindlichkeit umgerechnet werden. Die DPI kann ver\u00e4ndert werden, aber die Empfindlichkeit bleibt gleich.\" \/>\n<meta property=\"og:url\" content=\"https:\/\/cs-resource.com\/sv\/kalkylator-foer-musens-dpi-kaenslighet\/\" \/>\n<meta property=\"og:site_name\" content=\"CS-Resource\" \/>\n<meta property=\"article:modified_time\" content=\"2024-02-06T13:46:32+00:00\" \/>\n<meta property=\"og:image\" content=\"https:\/\/cs-resource.com\/wp-content\/uploads\/2024\/02\/DPI-Mausempfindlichkeit-Rechner.webp\" \/>\n\t<meta property=\"og:image:width\" content=\"1280\" \/>\n\t<meta property=\"og:image:height\" content=\"720\" \/>\n\t<meta property=\"og:image:type\" content=\"image\/webp\" \/>\n<meta name=\"twitter:card\" content=\"summary_large_image\" \/>\n<meta name=\"twitter:site\" content=\"@cs__resource\" \/>\n<meta name=\"twitter:label1\" content=\"Ber\u00e4knad l\u00e4stid\" \/>\n\t<meta name=\"twitter:data1\" content=\"1 minut\" \/>\n<script type=\"application\/ld+json\" class=\"yoast-schema-graph\">{\"@context\":\"https:\\\/\\\/schema.org\",\"@graph\":[{\"@type\":\"WebPage\",\"@id\":\"https:\\\/\\\/cs-resource.com\\\/dpi-mausempfindlichkeit-rechner\\\/\",\"url\":\"https:\\\/\\\/cs-resource.com\\\/dpi-mausempfindlichkeit-rechner\\\/\",\"name\":\"DPI - Mausempfindlichkeit Rechner - CS-Resource\",\"isPartOf\":{\"@id\":\"https:\\\/\\\/cs-resource.com\\\/de\\\/#website\"},\"primaryImageOfPage\":{\"@id\":\"https:\\\/\\\/cs-resource.com\\\/dpi-mausempfindlichkeit-rechner\\\/#primaryimage\"},\"image\":{\"@id\":\"https:\\\/\\\/cs-resource.com\\\/dpi-mausempfindlichkeit-rechner\\\/#primaryimage\"},\"thumbnailUrl\":\"https:\\\/\\\/cs-resource.com\\\/wp-content\\\/uploads\\\/2024\\\/02\\\/DPI-Mausempfindlichkeit-Rechner.webp\",\"datePublished\":\"2024-02-06T13:46:31+00:00\",\"dateModified\":\"2024-02-06T13:46:32+00:00\",\"description\":\"Mit diesem Rechner kann die DPI und Mausempfindlichkeit umgerechnet werden. Die DPI kann ver\u00e4ndert werden, aber die Empfindlichkeit bleibt gleich.\",\"breadcrumb\":{\"@id\":\"https:\\\/\\\/cs-resource.com\\\/dpi-mausempfindlichkeit-rechner\\\/#breadcrumb\"},\"inLanguage\":\"sv-SE\",\"potentialAction\":[{\"@type\":\"ReadAction\",\"target\":[\"https:\\\/\\\/cs-resource.com\\\/dpi-mausempfindlichkeit-rechner\\\/\"]}]},{\"@type\":\"ImageObject\",\"inLanguage\":\"sv-SE\",\"@id\":\"https:\\\/\\\/cs-resource.com\\\/dpi-mausempfindlichkeit-rechner\\\/#primaryimage\",\"url\":\"https:\\\/\\\/cs-resource.com\\\/wp-content\\\/uploads\\\/2024\\\/02\\\/DPI-Mausempfindlichkeit-Rechner.webp\",\"contentUrl\":\"https:\\\/\\\/cs-resource.com\\\/wp-content\\\/uploads\\\/2024\\\/02\\\/DPI-Mausempfindlichkeit-Rechner.webp\",\"width\":1280,\"height\":720,\"caption\":\"DPI - Mausempfindlichkeit Rechner\"},{\"@type\":\"BreadcrumbList\",\"@id\":\"https:\\\/\\\/cs-resource.com\\\/dpi-mausempfindlichkeit-rechner\\\/#breadcrumb\",\"itemListElement\":[{\"@type\":\"ListItem\",\"position\":1,\"name\":\"Startseite\",\"item\":\"https:\\\/\\\/cs-resource.com\\\/en\\\/\"},{\"@type\":\"ListItem\",\"position\":2,\"name\":\"DPI &#8211; Mausempfindlichkeit Rechner\"}]},{\"@type\":\"WebSite\",\"@id\":\"https:\\\/\\\/cs-resource.com\\\/de\\\/#website\",\"url\":\"https:\\\/\\\/cs-resource.com\\\/de\\\/\",\"name\":\"CS-Resource\",\"description\":\"Alles rund um Counter-Strike 2\",\"publisher\":{\"@id\":\"https:\\\/\\\/cs-resource.com\\\/de\\\/#organization\"},\"potentialAction\":[{\"@type\":\"SearchAction\",\"target\":{\"@type\":\"EntryPoint\",\"urlTemplate\":\"https:\\\/\\\/cs-resource.com\\\/de\\\/?s={search_term_string}\"},\"query-input\":{\"@type\":\"PropertyValueSpecification\",\"valueRequired\":true,\"valueName\":\"search_term_string\"}}],\"inLanguage\":\"sv-SE\"},{\"@type\":\"Organization\",\"@id\":\"https:\\\/\\\/cs-resource.com\\\/de\\\/#organization\",\"name\":\"CS-Resource\",\"url\":\"https:\\\/\\\/cs-resource.com\\\/de\\\/\",\"logo\":{\"@type\":\"ImageObject\",\"inLanguage\":\"sv-SE\",\"@id\":\"https:\\\/\\\/cs-resource.com\\\/de\\\/#\\\/schema\\\/logo\\\/image\\\/\",\"url\":\"https:\\\/\\\/cs-resource.com\\\/wp-content\\\/uploads\\\/2024\\\/02\\\/Logo_Breit_Dunkel.png\",\"contentUrl\":\"https:\\\/\\\/cs-resource.com\\\/wp-content\\\/uploads\\\/2024\\\/02\\\/Logo_Breit_Dunkel.png\",\"width\":2934,\"height\":303,\"caption\":\"CS-Resource\"},\"image\":{\"@id\":\"https:\\\/\\\/cs-resource.com\\\/de\\\/#\\\/schema\\\/logo\\\/image\\\/\"},\"sameAs\":[\"https:\\\/\\\/x.com\\\/cs__resource\",\"https:\\\/\\\/www.reddit.com\\\/r\\\/csresource\\\/\",\"https:\\\/\\\/www.youtube.com\\\/@CS-Resource\"]}]}<\/script>\n<!-- \/ Yoast SEO plugin. -->","yoast_head_json":{"title":"DPI - Kalkylator f\u00f6r musk\u00e4nslighet - CS-Resource","description":"Denna kalkylator kan anv\u00e4ndas f\u00f6r att konvertera DPI och musk\u00e4nslighet. DPI kan \u00e4ndras, men k\u00e4nsligheten f\u00f6rblir densamma.","robots":{"index":"index","follow":"follow","max-snippet":"max-snippet:-1","max-image-preview":"max-image-preview:large","max-video-preview":"max-video-preview:-1"},"canonical":"https:\/\/cs-resource.com\/sv\/kalkylator-foer-musens-dpi-kaenslighet\/","og_locale":"sv_SE","og_type":"article","og_title":"DPI - Mausempfindlichkeit Rechner - CS-Resource","og_description":"Mit diesem Rechner kann die DPI und Mausempfindlichkeit umgerechnet werden. Die DPI kann ver\u00e4ndert werden, aber die Empfindlichkeit bleibt gleich.","og_url":"https:\/\/cs-resource.com\/sv\/kalkylator-foer-musens-dpi-kaenslighet\/","og_site_name":"CS-Resource","article_modified_time":"2024-02-06T13:46:32+00:00","og_image":[{"width":1280,"height":720,"url":"https:\/\/cs-resource.com\/wp-content\/uploads\/2024\/02\/DPI-Mausempfindlichkeit-Rechner.webp","type":"image\/webp"}],"twitter_card":"summary_large_image","twitter_site":"@cs__resource","twitter_misc":{"Ber\u00e4knad l\u00e4stid":"1 minut"},"schema":{"@context":"https:\/\/schema.org","@graph":[{"@type":"WebPage","@id":"https:\/\/cs-resource.com\/dpi-mausempfindlichkeit-rechner\/","url":"https:\/\/cs-resource.com\/dpi-mausempfindlichkeit-rechner\/","name":"DPI - Kalkylator f\u00f6r musk\u00e4nslighet - CS-Resource","isPartOf":{"@id":"https:\/\/cs-resource.com\/de\/#website"},"primaryImageOfPage":{"@id":"https:\/\/cs-resource.com\/dpi-mausempfindlichkeit-rechner\/#primaryimage"},"image":{"@id":"https:\/\/cs-resource.com\/dpi-mausempfindlichkeit-rechner\/#primaryimage"},"thumbnailUrl":"https:\/\/cs-resource.com\/wp-content\/uploads\/2024\/02\/DPI-Mausempfindlichkeit-Rechner.webp","datePublished":"2024-02-06T13:46:31+00:00","dateModified":"2024-02-06T13:46:32+00:00","description":"Denna kalkylator kan anv\u00e4ndas f\u00f6r att konvertera DPI och musk\u00e4nslighet. DPI kan \u00e4ndras, men k\u00e4nsligheten f\u00f6rblir densamma.","breadcrumb":{"@id":"https:\/\/cs-resource.com\/dpi-mausempfindlichkeit-rechner\/#breadcrumb"},"inLanguage":"sv-SE","potentialAction":[{"@type":"ReadAction","target":["https:\/\/cs-resource.com\/dpi-mausempfindlichkeit-rechner\/"]}]},{"@type":"ImageObject","inLanguage":"sv-SE","@id":"https:\/\/cs-resource.com\/dpi-mausempfindlichkeit-rechner\/#primaryimage","url":"https:\/\/cs-resource.com\/wp-content\/uploads\/2024\/02\/DPI-Mausempfindlichkeit-Rechner.webp","contentUrl":"https:\/\/cs-resource.com\/wp-content\/uploads\/2024\/02\/DPI-Mausempfindlichkeit-Rechner.webp","width":1280,"height":720,"caption":"DPI - Mausempfindlichkeit Rechner"},{"@type":"BreadcrumbList","@id":"https:\/\/cs-resource.com\/dpi-mausempfindlichkeit-rechner\/#breadcrumb","itemListElement":[{"@type":"ListItem","position":1,"name":"Startseite","item":"https:\/\/cs-resource.com\/en\/"},{"@type":"ListItem","position":2,"name":"DPI &#8211; Mausempfindlichkeit Rechner"}]},{"@type":"WebSite","@id":"https:\/\/cs-resource.com\/de\/#website","url":"https:\/\/cs-resource.com\/de\/","name":"CS-Resurs","description":"Allt om Counter-Strike 2","publisher":{"@id":"https:\/\/cs-resource.com\/de\/#organization"},"potentialAction":[{"@type":"SearchAction","target":{"@type":"EntryPoint","urlTemplate":"https:\/\/cs-resource.com\/de\/?s={search_term_string}"},"query-input":{"@type":"PropertyValueSpecification","valueRequired":true,"valueName":"search_term_string"}}],"inLanguage":"sv-SE"},{"@type":"Organization","@id":"https:\/\/cs-resource.com\/de\/#organization","name":"CS-Resurs","url":"https:\/\/cs-resource.com\/de\/","logo":{"@type":"ImageObject","inLanguage":"sv-SE","@id":"https:\/\/cs-resource.com\/de\/#\/schema\/logo\/image\/","url":"https:\/\/cs-resource.com\/wp-content\/uploads\/2024\/02\/Logo_Breit_Dunkel.png","contentUrl":"https:\/\/cs-resource.com\/wp-content\/uploads\/2024\/02\/Logo_Breit_Dunkel.png","width":2934,"height":303,"caption":"CS-Resource"},"image":{"@id":"https:\/\/cs-resource.com\/de\/#\/schema\/logo\/image\/"},"sameAs":["https:\/\/x.com\/cs__resource","https:\/\/www.reddit.com\/r\/csresource\/","https:\/\/www.youtube.com\/@CS-Resource"]}]}},"uagb_featured_image_src":{"full":["https:\/\/cs-resource.com\/wp-content\/uploads\/2024\/02\/DPI-Mausempfindlichkeit-Rechner.webp",1280,720,false],"thumbnail":["https:\/\/cs-resource.com\/wp-content\/uploads\/2024\/02\/DPI-Mausempfindlichkeit-Rechner-150x150.webp",150,150,true],"medium":["https:\/\/cs-resource.com\/wp-content\/uploads\/2024\/02\/DPI-Mausempfindlichkeit-Rechner-300x169.webp",300,169,true],"medium_large":["https:\/\/cs-resource.com\/wp-content\/uploads\/2024\/02\/DPI-Mausempfindlichkeit-Rechner-768x432.webp",768,432,true],"large":["https:\/\/cs-resource.com\/wp-content\/uploads\/2024\/02\/DPI-Mausempfindlichkeit-Rechner-1024x576.webp",1024,576,true],"1536x1536":["https:\/\/cs-resource.com\/wp-content\/uploads\/2024\/02\/DPI-Mausempfindlichkeit-Rechner.webp",1280,720,false],"2048x2048":["https:\/\/cs-resource.com\/wp-content\/uploads\/2024\/02\/DPI-Mausempfindlichkeit-Rechner.webp",1280,720,false],"trp-custom-language-flag":["https:\/\/cs-resource.com\/wp-content\/uploads\/2024\/02\/DPI-Mausempfindlichkeit-Rechner.webp",18,10,false]},"uagb_author_info":{"display_name":"Dennis","author_link":"https:\/\/cs-resource.com\/sv\/author\/denniskol\/"},"uagb_comment_info":0,"uagb_excerpt":"DPI &#8211; Mausempfindlichkeit Rechner Wie du diesen Rechner richtig verwendest: Schritt 1: Trage deine aktuelle DPI in das daf\u00fcr vorgesehene [&hellip;]","_links":{"self":[{"href":"https:\/\/cs-resource.com\/sv\/wp-json\/wp\/v2\/pages\/3815","targetHints":{"allow":["GET"]}}],"collection":[{"href":"https:\/\/cs-resource.com\/sv\/wp-json\/wp\/v2\/pages"}],"about":[{"href":"https:\/\/cs-resource.com\/sv\/wp-json\/wp\/v2\/types\/page"}],"author":[{"embeddable":true,"href":"https:\/\/cs-resource.com\/sv\/wp-json\/wp\/v2\/users\/1"}],"replies":[{"embeddable":true,"href":"https:\/\/cs-resource.com\/sv\/wp-json\/wp\/v2\/comments?post=3815"}],"version-history":[{"count":3,"href":"https:\/\/cs-resource.com\/sv\/wp-json\/wp\/v2\/pages\/3815\/revisions"}],"predecessor-version":[{"id":3818,"href":"https:\/\/cs-resource.com\/sv\/wp-json\/wp\/v2\/pages\/3815\/revisions\/3818"}],"wp:featuredmedia":[{"embeddable":true,"href":"https:\/\/cs-resource.com\/sv\/wp-json\/wp\/v2\/media\/3821"}],"wp:attachment":[{"href":"https:\/\/cs-resource.com\/sv\/wp-json\/wp\/v2\/media?parent=3815"}],"curies":[{"name":"wp","href":"https:\/\/api.w.org\/{rel}","templated":true}]}}