{"id":1720,"date":"2023-10-20T13:40:31","date_gmt":"2023-10-20T11:40:31","guid":{"rendered":"https:\/\/cs-resource.com\/?page_id=1720"},"modified":"2025-11-18T08:52:34","modified_gmt":"2025-11-18T07:52:34","slug":"baski","status":"publish","type":"page","link":"https:\/\/cs-resource.com\/tr\/impressum\/","title":{"rendered":"K\u00fcnye"},"content":{"rendered":"<div style=\"height:35px\" aria-hidden=\"true\" class=\"wp-block-spacer\"><\/div>\n\n\n\n<h2 class=\"wp-block-heading has-text-align-left has-ast-global-color-3-color has-text-color\" style=\"margin-top:0;margin-right:0;margin-bottom:0;margin-left:0\">K\u00fcnye<\/h2>\n\n\n\n<div class=\"wp-block-uagb-separator uagb-block-2dbfa421\"><div class=\"wp-block-uagb-separator__inner\" style=\"--my-background-image:\"><\/div><\/div>\n\n\n\n<div style=\"height:10px\" aria-hidden=\"true\" class=\"wp-block-spacer\"><\/div>\n\n\n\n<p>Dennis Kolender<br \/>\nStuttgarter Str. 106<br \/>\nc\/o Blok Hizmetleri<br \/>\n70736 Fellbach<\/p>\n\n<h2>Bize ula\u015f\u0131n<\/h2>\n<p>Telefon: +49 1575 6644383<br \/>\nE-posta: contact@cs-resource.com<\/p>\n\n<h2>KDV numaras\u0131<\/h2>\n<p>Sat\u0131\u015f Vergisi Kanunu'nun 27 a maddesi uyar\u0131nca sat\u0131\u015f vergisi kimlik numaras\u0131:<br \/>\nDE454512388<\/p>\n\n<h2>Yay\u0131n sorumlusu<\/h2>\n<p>Dennis Kolender<br \/>\nStuttgarter Str. 106<br \/>\n70736 Fellbach<\/p>\n\n<h2>T\u00fcketici uyu\u015fmazl\u0131klar\u0131n\u0131n \u00e7\u00f6z\u00fcm\u00fc\/Evrensel arabuluculuk kurumu<\/h2>\n<p>T\u00fcketici arabuluculuk kurumunda uyu\u015fmazl\u0131k \u00e7\u00f6z\u00fcm\u00fc prosed\u00fcrlerine kat\u0131lmaya haz\u0131r veya y\u00fck\u00fcml\u00fc de\u011filiz.<\/p>\n\n<p>Kaynak: <a href=\"https:\/\/www.e-recht24.de\/impressum-generator.html\">https:\/\/www.e-recht24.de\/impressum-generator.html<\/a><\/p>\n\n\n\n<div style=\"height:35px\" aria-hidden=\"true\" class=\"wp-block-spacer\"><\/div>","protected":false},"excerpt":{"rendered":"<p>Impressum Dennis Kolender Stuttgarter Str. 106 c\/o Block Services 70736 Fellbach Kontakt Telefon: +49 1575 6644383 E-Mail: contact@cs-resource.com Umsatzsteuer-ID Umsatzsteuer-Identifikationsnummer [&hellip;]<\/p>\n","protected":false},"author":1,"featured_media":0,"parent":0,"menu_order":0,"comment_status":"closed","ping_status":"closed","template":"","meta":{"_uag_custom_page_level_css":"","site-sidebar-layout":"default","site-content-layout":"","ast-site-content-layout":"default","site-content-style":"default","site-sidebar-style":"default","ast-global-header-display":"","ast-banner-title-visibility":"","ast-main-header-display":"","ast-hfb-above-header-display":"","ast-hfb-below-header-display":"","ast-hfb-mobile-header-display":"","site-post-title":"disabled","ast-breadcrumbs-content":"","ast-featured-img":"","footer-sml-layout":"","ast-disable-related-posts":"","theme-transparent-header-meta":"","adv-header-id-meta":"","stick-header-meta":"","header-above-stick-meta":"","header-main-stick-meta":"","header-below-stick-meta":"","astra-migrate-meta-layouts":"set","ast-page-background-enabled":"default","ast-page-background-meta":{"desktop":{"background-color":"","background-image":"","background-repeat":"repeat","background-position":"center center","background-size":"auto","background-attachment":"scroll","background-type":"","background-media":"","overlay-type":"","overlay-color":"","overlay-opacity":"","overlay-gradient":""},"tablet":{"background-color":"","background-image":"","background-repeat":"repeat","background-position":"center center","background-size":"auto","background-attachment":"scroll","background-type":"","background-media":"","overlay-type":"","overlay-color":"","overlay-opacity":"","overlay-gradient":""},"mobile":{"background-color":"","background-image":"","background-repeat":"repeat","background-position":"center center","background-size":"auto","background-attachment":"scroll","background-type":"","background-media":"","overlay-type":"","overlay-color":"","overlay-opacity":"","overlay-gradient":""}},"ast-content-background-meta":{"desktop":{"background-color":"var(--ast-global-color-5)","background-image":"","background-repeat":"repeat","background-position":"center center","background-size":"auto","background-attachment":"scroll","background-type":"","background-media":"","overlay-type":"","overlay-color":"","overlay-opacity":"","overlay-gradient":""},"tablet":{"background-color":"var(--ast-global-color-5)","background-image":"","background-repeat":"repeat","background-position":"center center","background-size":"auto","background-attachment":"scroll","background-type":"","background-media":"","overlay-type":"","overlay-color":"","overlay-opacity":"","overlay-gradient":""},"mobile":{"background-color":"var(--ast-global-color-5)","background-image":"","background-repeat":"repeat","background-position":"center center","background-size":"auto","background-attachment":"scroll","background-type":"","background-media":"","overlay-type":"","overlay-color":"","overlay-opacity":"","overlay-gradient":""}},"footnotes":""},"class_list":["post-1720","page","type-page","status-publish","hentry"],"yoast_head":"<!-- This site is optimized with the Yoast SEO plugin v27.3 - https:\/\/yoast.com\/product\/yoast-seo-wordpress\/ -->\n<title>Impressum - CS-Resource<\/title>\n<meta name=\"robots\" content=\"noindex, nofollow\" \/>\n<meta property=\"og:locale\" content=\"tr_TR\" \/>\n<meta property=\"og:type\" content=\"article\" \/>\n<meta property=\"og:title\" content=\"Impressum - CS-Resource\" \/>\n<meta property=\"og:description\" content=\"Impressum Dennis Kolender Stuttgarter Str. 106 c\/o Block Services 70736 Fellbach Kontakt Telefon: +49 1575 6644383 E-Mail: contact@cs-resource.com Umsatzsteuer-ID Umsatzsteuer-Identifikationsnummer [&hellip;]\" \/>\n<meta property=\"og:url\" content=\"https:\/\/cs-resource.com\/tr\/baski\/\" \/>\n<meta property=\"og:site_name\" content=\"CS-Resource\" \/>\n<meta property=\"article:modified_time\" content=\"2025-11-18T07:52:34+00:00\" \/>\n<meta name=\"twitter:card\" content=\"summary_large_image\" \/>\n<meta name=\"twitter:site\" content=\"@cs__resource\" \/>\n<meta name=\"twitter:label1\" content=\"Tahmini okuma s\u00fcresi\" \/>\n\t<meta name=\"twitter:data1\" content=\"1 dakika\" \/>\n<script type=\"application\/ld+json\" class=\"yoast-schema-graph\">{\"@context\":\"https:\\\/\\\/schema.org\",\"@graph\":[{\"@type\":\"WebPage\",\"@id\":\"https:\\\/\\\/cs-resource.com\\\/impressum\\\/\",\"url\":\"https:\\\/\\\/cs-resource.com\\\/impressum\\\/\",\"name\":\"Impressum - CS-Resource\",\"isPartOf\":{\"@id\":\"https:\\\/\\\/cs-resource.com\\\/de\\\/#website\"},\"datePublished\":\"2023-10-20T11:40:31+00:00\",\"dateModified\":\"2025-11-18T07:52:34+00:00\",\"breadcrumb\":{\"@id\":\"https:\\\/\\\/cs-resource.com\\\/impressum\\\/#breadcrumb\"},\"inLanguage\":\"tr\",\"potentialAction\":[{\"@type\":\"ReadAction\",\"target\":[\"https:\\\/\\\/cs-resource.com\\\/impressum\\\/\"]}]},{\"@type\":\"BreadcrumbList\",\"@id\":\"https:\\\/\\\/cs-resource.com\\\/impressum\\\/#breadcrumb\",\"itemListElement\":[{\"@type\":\"ListItem\",\"position\":1,\"name\":\"Startseite\",\"item\":\"https:\\\/\\\/cs-resource.com\\\/en\\\/\"},{\"@type\":\"ListItem\",\"position\":2,\"name\":\"Impressum\"}]},{\"@type\":\"WebSite\",\"@id\":\"https:\\\/\\\/cs-resource.com\\\/de\\\/#website\",\"url\":\"https:\\\/\\\/cs-resource.com\\\/de\\\/\",\"name\":\"CS-Resource\",\"description\":\"Alles rund um Counter-Strike 2\",\"publisher\":{\"@id\":\"https:\\\/\\\/cs-resource.com\\\/de\\\/#organization\"},\"potentialAction\":[{\"@type\":\"SearchAction\",\"target\":{\"@type\":\"EntryPoint\",\"urlTemplate\":\"https:\\\/\\\/cs-resource.com\\\/de\\\/?s={search_term_string}\"},\"query-input\":{\"@type\":\"PropertyValueSpecification\",\"valueRequired\":true,\"valueName\":\"search_term_string\"}}],\"inLanguage\":\"tr\"},{\"@type\":\"Organization\",\"@id\":\"https:\\\/\\\/cs-resource.com\\\/de\\\/#organization\",\"name\":\"CS-Resource\",\"url\":\"https:\\\/\\\/cs-resource.com\\\/de\\\/\",\"logo\":{\"@type\":\"ImageObject\",\"inLanguage\":\"tr\",\"@id\":\"https:\\\/\\\/cs-resource.com\\\/de\\\/#\\\/schema\\\/logo\\\/image\\\/\",\"url\":\"https:\\\/\\\/cs-resource.com\\\/wp-content\\\/uploads\\\/2024\\\/02\\\/Logo_Breit_Dunkel.png\",\"contentUrl\":\"https:\\\/\\\/cs-resource.com\\\/wp-content\\\/uploads\\\/2024\\\/02\\\/Logo_Breit_Dunkel.png\",\"width\":2934,\"height\":303,\"caption\":\"CS-Resource\"},\"image\":{\"@id\":\"https:\\\/\\\/cs-resource.com\\\/de\\\/#\\\/schema\\\/logo\\\/image\\\/\"},\"sameAs\":[\"https:\\\/\\\/x.com\\\/cs__resource\",\"https:\\\/\\\/www.reddit.com\\\/r\\\/csresource\\\/\",\"https:\\\/\\\/www.youtube.com\\\/@CS-Resource\"]}]}<\/script>\n<!-- \/ Yoast SEO plugin. -->","yoast_head_json":{"title":"K\u00fcnye - CS-Resource","robots":{"index":"noindex","follow":"nofollow"},"og_locale":"tr_TR","og_type":"article","og_title":"Impressum - CS-Resource","og_description":"Impressum Dennis Kolender Stuttgarter Str. 106 c\/o Block Services 70736 Fellbach Kontakt Telefon: +49 1575 6644383 E-Mail: contact@cs-resource.com Umsatzsteuer-ID Umsatzsteuer-Identifikationsnummer [&hellip;]","og_url":"https:\/\/cs-resource.com\/tr\/baski\/","og_site_name":"CS-Resource","article_modified_time":"2025-11-18T07:52:34+00:00","twitter_card":"summary_large_image","twitter_site":"@cs__resource","twitter_misc":{"Tahmini okuma s\u00fcresi":"1 dakika"},"schema":{"@context":"https:\/\/schema.org","@graph":[{"@type":"WebPage","@id":"https:\/\/cs-resource.com\/impressum\/","url":"https:\/\/cs-resource.com\/impressum\/","name":"K\u00fcnye - CS-Resource","isPartOf":{"@id":"https:\/\/cs-resource.com\/de\/#website"},"datePublished":"2023-10-20T11:40:31+00:00","dateModified":"2025-11-18T07:52:34+00:00","breadcrumb":{"@id":"https:\/\/cs-resource.com\/impressum\/#breadcrumb"},"inLanguage":"tr","potentialAction":[{"@type":"ReadAction","target":["https:\/\/cs-resource.com\/impressum\/"]}]},{"@type":"BreadcrumbList","@id":"https:\/\/cs-resource.com\/impressum\/#breadcrumb","itemListElement":[{"@type":"ListItem","position":1,"name":"Startseite","item":"https:\/\/cs-resource.com\/en\/"},{"@type":"ListItem","position":2,"name":"Impressum"}]},{"@type":"WebSite","@id":"https:\/\/cs-resource.com\/de\/#website","url":"https:\/\/cs-resource.com\/de\/","name":"CS-Kaynak","description":"Counter-Strike 2 hakk\u0131nda her \u015fey","publisher":{"@id":"https:\/\/cs-resource.com\/de\/#organization"},"potentialAction":[{"@type":"SearchAction","target":{"@type":"EntryPoint","urlTemplate":"https:\/\/cs-resource.com\/de\/?s={search_term_string}"},"query-input":{"@type":"PropertyValueSpecification","valueRequired":true,"valueName":"search_term_string"}}],"inLanguage":"tr"},{"@type":"Organization","@id":"https:\/\/cs-resource.com\/de\/#organization","name":"CS-Kaynak","url":"https:\/\/cs-resource.com\/de\/","logo":{"@type":"ImageObject","inLanguage":"tr","@id":"https:\/\/cs-resource.com\/de\/#\/schema\/logo\/image\/","url":"https:\/\/cs-resource.com\/wp-content\/uploads\/2024\/02\/Logo_Breit_Dunkel.png","contentUrl":"https:\/\/cs-resource.com\/wp-content\/uploads\/2024\/02\/Logo_Breit_Dunkel.png","width":2934,"height":303,"caption":"CS-Resource"},"image":{"@id":"https:\/\/cs-resource.com\/de\/#\/schema\/logo\/image\/"},"sameAs":["https:\/\/x.com\/cs__resource","https:\/\/www.reddit.com\/r\/csresource\/","https:\/\/www.youtube.com\/@CS-Resource"]}]}},"uagb_featured_image_src":{"full":false,"thumbnail":false,"medium":false,"medium_large":false,"large":false,"1536x1536":false,"2048x2048":false,"trp-custom-language-flag":false},"uagb_author_info":{"display_name":"Dennis","author_link":"https:\/\/cs-resource.com\/tr\/author\/denniskol\/"},"uagb_comment_info":0,"uagb_excerpt":"Impressum Dennis Kolender Stuttgarter Str. 106 c\/o Block Services 70736 Fellbach Kontakt Telefon: +49 1575 6644383 E-Mail: contact@cs-resource.com Umsatzsteuer-ID Umsatzsteuer-Identifikationsnummer [&hellip;]","_links":{"self":[{"href":"https:\/\/cs-resource.com\/tr\/wp-json\/wp\/v2\/pages\/1720","targetHints":{"allow":["GET"]}}],"collection":[{"href":"https:\/\/cs-resource.com\/tr\/wp-json\/wp\/v2\/pages"}],"about":[{"href":"https:\/\/cs-resource.com\/tr\/wp-json\/wp\/v2\/types\/page"}],"author":[{"embeddable":true,"href":"https:\/\/cs-resource.com\/tr\/wp-json\/wp\/v2\/users\/1"}],"replies":[{"embeddable":true,"href":"https:\/\/cs-resource.com\/tr\/wp-json\/wp\/v2\/comments?post=1720"}],"version-history":[{"count":9,"href":"https:\/\/cs-resource.com\/tr\/wp-json\/wp\/v2\/pages\/1720\/revisions"}],"predecessor-version":[{"id":4331,"href":"https:\/\/cs-resource.com\/tr\/wp-json\/wp\/v2\/pages\/1720\/revisions\/4331"}],"wp:attachment":[{"href":"https:\/\/cs-resource.com\/tr\/wp-json\/wp\/v2\/media?parent=1720"}],"curies":[{"name":"wp","href":"https:\/\/api.w.org\/{rel}","templated":true}]}}